{"id":191111,"date":"2026-05-11T11:33:19","date_gmt":"2026-05-11T08:33:19","guid":{"rendered":"https:\/\/kingarms.ee\/product\/umarex-spa-100-45-mm\/"},"modified":"2026-05-11T11:33:19","modified_gmt":"2026-05-11T08:33:19","slug":"umarex-spa-100-45-mm","status":"publish","type":"product","link":"https:\/\/kingarms.ee\/fi\/product\/umarex-spa-100-45-mm\/","title":{"rendered":"Umarex SPA 100 4,5 mm"},"content":{"rendered":"","protected":false},"excerpt":{"rendered":"<p data-start=\"13\" data-end=\"431\">Umarex SPA 100 4,5 mm Diabolo -ilmapistooli on erinomainen valinta vapaa-ajan ammunnan aloittamiseen. Yksinkertainen ja luotettava rakenne, helppo viritys sek\u00e4 hyv\u00e4 tarkkuus tekev\u00e4t mallista sopivan kaikenik\u00e4isille k\u00e4ytt\u00e4jille. Rihlattu piippu ja Diabolo-luotien k\u00e4ytt\u00f6 takaavat vakaan ja tarkan osuman, kun taas maltillinen teho helpottaa aseen viritt\u00e4mist\u00e4 erityisesti aloittelijoille.  <\/p>\n<p data-start=\"433\" data-end=\"984\">Kevyt mutta kest\u00e4v\u00e4 polymeerirunko tarjoaa k\u00e4ytt\u00f6mukavuutta ja hyv\u00e4n kulutuskest\u00e4vyyden, ja kuvioitu kahva parantaa otetta ammunnan aikana. Pistooli on varustettu kiinteill\u00e4 mekaanisilla t\u00e4ht\u00e4imill\u00e4 kirkkailla t\u00e4ht\u00e4yspisteill\u00e4 helpompaa kohdistamista varten sek\u00e4 kahdella automaattisella varmistimella \u2014 kahvavarmistimella ja liukuvalla varmistimella \u2014 turvallisempaa k\u00e4ytt\u00f6\u00e4 varten. Yksitt\u00e4islaukaisuinen taittopiippurakenne ei vaadi CO2-patruunoita tai muuta ulkoista virtal\u00e4hdett\u00e4, mik\u00e4 tekee k\u00e4yt\u00f6st\u00e4 ja huollosta eritt\u00e4in helppoa.  <\/p>\n","protected":false},"featured_media":191076,"template":"","meta":{"_acf_changed":false},"product_brand":[],"product_cat":[253,672],"product_tag":[],"class_list":{"0":"post-191111","1":"product","2":"type-product","3":"status-publish","4":"has-post-thumbnail","6":"product_cat-ilmakivaarit-4-5mm","7":"product_cat-pienaseet","9":"first","10":"instock","11":"taxable","12":"shipping-taxable","13":"purchasable","14":"product-type-simple"},"acf":[],"_links":{"self":[{"href":"https:\/\/kingarms.ee\/fi\/wp-json\/wp\/v2\/product\/191111","targetHints":{"allow":["GET"]}}],"collection":[{"href":"https:\/\/kingarms.ee\/fi\/wp-json\/wp\/v2\/product"}],"about":[{"href":"https:\/\/kingarms.ee\/fi\/wp-json\/wp\/v2\/types\/product"}],"wp:featuredmedia":[{"embeddable":true,"href":"https:\/\/kingarms.ee\/fi\/wp-json\/wp\/v2\/media\/191076"}],"wp:attachment":[{"href":"https:\/\/kingarms.ee\/fi\/wp-json\/wp\/v2\/media?parent=191111"}],"wp:term":[{"taxonomy":"product_brand","embeddable":true,"href":"https:\/\/kingarms.ee\/fi\/wp-json\/wp\/v2\/product_brand?post=191111"},{"taxonomy":"product_cat","embeddable":true,"href":"https:\/\/kingarms.ee\/fi\/wp-json\/wp\/v2\/product_cat?post=191111"},{"taxonomy":"product_tag","embeddable":true,"href":"https:\/\/kingarms.ee\/fi\/wp-json\/wp\/v2\/product_tag?post=191111"}],"curies":[{"name":"wp","href":"https:\/\/api.w.org\/{rel}","templated":true}]}}