{"id":191148,"date":"2026-05-11T12:15:39","date_gmt":"2026-05-11T09:15:39","guid":{"rendered":"https:\/\/kingarms.ee\/product\/umarex-spa-60-45-mm\/"},"modified":"2026-05-11T12:15:39","modified_gmt":"2026-05-11T09:15:39","slug":"umarex-spa-60-45-mm","status":"publish","type":"product","link":"https:\/\/kingarms.ee\/fi\/product\/umarex-spa-60-45-mm\/","title":{"rendered":"Umarex SPA 60 4,5 mm"},"content":{"rendered":"","protected":false},"excerpt":{"rendered":"<p data-start=\"13\" data-end=\"417\">Umarex SPA 60 4,5 mm Diabolo -ilmapistooli on erinomainen valinta vapaa-ajan ammunnan aloittamiseen. Yksinkertainen ja luotettava rakenne, helppo k\u00e4ytt\u00f6 sek\u00e4 hyv\u00e4 tarkkuus rihlattun piipun ja Diabolo-luotien ansiosta tekev\u00e4t mallista sopivan kaikenik\u00e4isille k\u00e4ytt\u00e4jille. Maltillinen teho mahdollistaa eritt\u00e4in kevyen virityksen, mik\u00e4 tekee aseesta erityisen sopivan aloittelijoille.  <\/p>\n<p data-start=\"419\" data-end=\"925\">Kevyt mutta kest\u00e4v\u00e4 polymeerirunko tarjoaa k\u00e4ytt\u00f6mukavuutta ja hyv\u00e4n kest\u00e4vyyden, kun taas teksturoitu kahva takaa varman otteen ammunnan aikana. Pistoolissa on kiinte\u00e4t mekaaniset t\u00e4ht\u00e4imet kirkkailla pisteill\u00e4 helpompaa t\u00e4ht\u00e4\u00e4mist\u00e4 varten sek\u00e4 kaksi automaattista varmistinta \u2014 kahvavarmistin ja liukuvarmistin \u2014 turvallisempaa k\u00e4ytt\u00f6\u00e4 varten. Yksitt\u00e4islaukaisuinen taittopiippurakenne ei vaadi CO2-patruunoita tai muita ulkoisia virtal\u00e4hteit\u00e4, mik\u00e4 tekee k\u00e4yt\u00f6st\u00e4 ja huollosta eritt\u00e4in helppoa.  <\/p>\n","protected":false},"featured_media":191119,"template":"","meta":{"_acf_changed":false},"product_brand":[],"product_cat":[253,672],"product_tag":[],"class_list":{"0":"post-191148","1":"product","2":"type-product","3":"status-publish","4":"has-post-thumbnail","6":"product_cat-ilmakivaarit-4-5mm","7":"product_cat-pienaseet","9":"first","10":"instock","11":"taxable","12":"shipping-taxable","13":"purchasable","14":"product-type-simple"},"acf":[],"_links":{"self":[{"href":"https:\/\/kingarms.ee\/fi\/wp-json\/wp\/v2\/product\/191148","targetHints":{"allow":["GET"]}}],"collection":[{"href":"https:\/\/kingarms.ee\/fi\/wp-json\/wp\/v2\/product"}],"about":[{"href":"https:\/\/kingarms.ee\/fi\/wp-json\/wp\/v2\/types\/product"}],"wp:featuredmedia":[{"embeddable":true,"href":"https:\/\/kingarms.ee\/fi\/wp-json\/wp\/v2\/media\/191119"}],"wp:attachment":[{"href":"https:\/\/kingarms.ee\/fi\/wp-json\/wp\/v2\/media?parent=191148"}],"wp:term":[{"taxonomy":"product_brand","embeddable":true,"href":"https:\/\/kingarms.ee\/fi\/wp-json\/wp\/v2\/product_brand?post=191148"},{"taxonomy":"product_cat","embeddable":true,"href":"https:\/\/kingarms.ee\/fi\/wp-json\/wp\/v2\/product_cat?post=191148"},{"taxonomy":"product_tag","embeddable":true,"href":"https:\/\/kingarms.ee\/fi\/wp-json\/wp\/v2\/product_tag?post=191148"}],"curies":[{"name":"wp","href":"https:\/\/api.w.org\/{rel}","templated":true}]}}