{"id":191185,"date":"2026-05-11T13:54:04","date_gmt":"2026-05-11T10:54:04","guid":{"rendered":"https:\/\/kingarms.ee\/product\/ux-2011-45-mm-co2\/"},"modified":"2026-05-11T13:54:04","modified_gmt":"2026-05-11T10:54:04","slug":"ux-2011-45-mm-co2","status":"publish","type":"product","link":"https:\/\/kingarms.ee\/fi\/product\/ux-2011-45-mm-co2\/","title":{"rendered":"UX 2011 4,5 mm CO2"},"content":{"rendered":"","protected":false},"excerpt":{"rendered":"<p data-start=\"13\" data-end=\"548\">UX 2011 4,5 mm CO\u2082 -ilmapistooli on saanut inspiraationsa legendaarisesta Colt 1911 -alustasta ja on suunniteltu vauhdikkaaseen vapaa-ajan ammuntaan ilman lupia tai monimutkaisia muodollisuuksia. Moderni urheilullinen muotoilu, suuri luisti porting-aukoilla ja n\u00e4ytt\u00e4v\u00e4 kultainen piippu antavat aseelle aggressiivisen ja erottuvan ulkon\u00e4\u00f6n. Kevyt polymeerirunko tekee k\u00e4yt\u00f6st\u00e4 mukavaa, ja teksturoitu kahva takaa varman otteen sek\u00e4 paremman hallinnan ammunnan aikana.  <\/p>\n<p data-start=\"550\" data-end=\"1067\">Pistooli toimii tavallisella 12 g CO\u2082-patruunalla ja saavuttaa jopa 130 m\/s l\u00e4ht\u00f6nopeuden. Non Blow Back (NBB) -j\u00e4rjestelm\u00e4n ansiosta ase tarjoaa erinomaisen kaasutehokkuuden ja mahdollistaa jopa noin 140 laukausta yhdell\u00e4 patruunalla. Lipas vet\u00e4\u00e4 18 kappaletta 4,5 mm BB-ter\u00e4skuulia, ja DAO-liipaisinmekanismi takaa yksinkertaisen ja luotettavan k\u00e4yt\u00f6n. UX 2011 sopii erinomaisesti tauluammuntaan, t\u00f6lkkien ampumiseen ja rentoon harjoitteluun yhdist\u00e4en modernin ulkon\u00e4\u00f6n, tarkkuuden ja hauskan k\u00e4ytt\u00f6kokemuksen.   <\/p>\n","protected":false},"featured_media":191156,"template":"","meta":{"_acf_changed":false},"product_brand":[],"product_cat":[253,672],"product_tag":[],"class_list":{"0":"post-191185","1":"product","2":"type-product","3":"status-publish","4":"has-post-thumbnail","6":"product_cat-ilmakivaarit-4-5mm","7":"product_cat-pienaseet","9":"first","10":"instock","11":"taxable","12":"shipping-taxable","13":"purchasable","14":"product-type-simple"},"acf":[],"_links":{"self":[{"href":"https:\/\/kingarms.ee\/fi\/wp-json\/wp\/v2\/product\/191185","targetHints":{"allow":["GET"]}}],"collection":[{"href":"https:\/\/kingarms.ee\/fi\/wp-json\/wp\/v2\/product"}],"about":[{"href":"https:\/\/kingarms.ee\/fi\/wp-json\/wp\/v2\/types\/product"}],"wp:featuredmedia":[{"embeddable":true,"href":"https:\/\/kingarms.ee\/fi\/wp-json\/wp\/v2\/media\/191156"}],"wp:attachment":[{"href":"https:\/\/kingarms.ee\/fi\/wp-json\/wp\/v2\/media?parent=191185"}],"wp:term":[{"taxonomy":"product_brand","embeddable":true,"href":"https:\/\/kingarms.ee\/fi\/wp-json\/wp\/v2\/product_brand?post=191185"},{"taxonomy":"product_cat","embeddable":true,"href":"https:\/\/kingarms.ee\/fi\/wp-json\/wp\/v2\/product_cat?post=191185"},{"taxonomy":"product_tag","embeddable":true,"href":"https:\/\/kingarms.ee\/fi\/wp-json\/wp\/v2\/product_tag?post=191185"}],"curies":[{"name":"wp","href":"https:\/\/api.w.org\/{rel}","templated":true}]}}