{"id":191210,"date":"2026-05-11T14:04:13","date_gmt":"2026-05-11T11:04:13","guid":{"rendered":"https:\/\/kingarms.ee\/product\/sw-629-trust-me-45-mm-co2\/"},"modified":"2026-05-11T14:04:13","modified_gmt":"2026-05-11T11:04:13","slug":"sw-629-trust-me-45-mm-co2","status":"publish","type":"product","link":"https:\/\/kingarms.ee\/fi\/product\/sw-629-trust-me-45-mm-co2\/","title":{"rendered":"S&#038;W 629 Trust Me 4,5 mm CO2"},"content":{"rendered":"","protected":false},"excerpt":{"rendered":"<p data-start=\"13\" data-end=\"548\">Smith &#038; Wesson 629 \u201cTrust Me\u201d 4,5 mm Diabolo -ilmarevolveri on uskollinen kopio legendaarisesta revolverista, jossa yhdistyv\u00e4t klassinen tyyli ja moderni tekniikka. T\u00e4ysmetallinen rakenne, elegantit valkoiset kahvapaneelit ja teemallinen kaiverrus antavat mallille n\u00e4ytt\u00e4v\u00e4n ulkon\u00e4\u00f6n. Revolverissa on realistinen latausj\u00e4rjestelm\u00e4 metallisilla hylsyill\u00e4, jotka muistuttavat oikeita patruunoita, ja ase toimii kahvaan sijoitetulla 12 g CO\u2082-patruunalla.  <\/p>\n<p data-start=\"550\" data-end=\"1099\">Mallissa on sek\u00e4 double action ett\u00e4 single action (DA\/SA) -liipaisinmekanismi, joka mahdollistaa sujuvan ja tarkan ampumisen. S\u00e4\u00e4dett\u00e4v\u00e4 takat\u00e4ht\u00e4in ja punaisella pisteell\u00e4 varustettu etut\u00e4ht\u00e4in helpottavat nopeaa t\u00e4ht\u00e4\u00e4mist\u00e4, ja py\u00f6riv\u00e4 6 laukauksen rumpu lis\u00e4\u00e4 realistista k\u00e4ytt\u00f6kokemusta. Ammunnan j\u00e4lkeen hylsyt voidaan poistaa ulosvet\u00e4j\u00e4n avulla samalla tavalla kuin aidossa revolverissa. Smith &#038; Wesson 629 \u201cTrust Me\u201d sopii erinomaisesti klassisten revolverien yst\u00e4ville ja realistiseen vapaa-ajan ammuntaan.   <\/p>\n","protected":false},"featured_media":191193,"template":"","meta":{"_acf_changed":false},"product_brand":[],"product_cat":[253,672],"product_tag":[],"class_list":{"0":"post-191210","1":"product","2":"type-product","3":"status-publish","4":"has-post-thumbnail","6":"product_cat-ilmakivaarit-4-5mm","7":"product_cat-pienaseet","9":"first","10":"instock","11":"taxable","12":"shipping-taxable","13":"purchasable","14":"product-type-simple"},"acf":[],"_links":{"self":[{"href":"https:\/\/kingarms.ee\/fi\/wp-json\/wp\/v2\/product\/191210","targetHints":{"allow":["GET"]}}],"collection":[{"href":"https:\/\/kingarms.ee\/fi\/wp-json\/wp\/v2\/product"}],"about":[{"href":"https:\/\/kingarms.ee\/fi\/wp-json\/wp\/v2\/types\/product"}],"wp:featuredmedia":[{"embeddable":true,"href":"https:\/\/kingarms.ee\/fi\/wp-json\/wp\/v2\/media\/191193"}],"wp:attachment":[{"href":"https:\/\/kingarms.ee\/fi\/wp-json\/wp\/v2\/media?parent=191210"}],"wp:term":[{"taxonomy":"product_brand","embeddable":true,"href":"https:\/\/kingarms.ee\/fi\/wp-json\/wp\/v2\/product_brand?post=191210"},{"taxonomy":"product_cat","embeddable":true,"href":"https:\/\/kingarms.ee\/fi\/wp-json\/wp\/v2\/product_cat?post=191210"},{"taxonomy":"product_tag","embeddable":true,"href":"https:\/\/kingarms.ee\/fi\/wp-json\/wp\/v2\/product_tag?post=191210"}],"curies":[{"name":"wp","href":"https:\/\/api.w.org\/{rel}","templated":true}]}}