{"id":191247,"date":"2026-05-11T15:53:16","date_gmt":"2026-05-11T12:53:16","guid":{"rendered":"https:\/\/kingarms.ee\/product\/smithwesson-m29-45-mm\/"},"modified":"2026-05-11T15:53:16","modified_gmt":"2026-05-11T12:53:16","slug":"smithwesson-m29-45-mm","status":"publish","type":"product","link":"https:\/\/kingarms.ee\/fi\/product\/smithwesson-m29-45-mm\/","title":{"rendered":"Smith&#038;Wesson M29 4,5 mm"},"content":{"rendered":"","protected":false},"excerpt":{"rendered":"<p data-start=\"13\" data-end=\"544\">Smith &#038; Wesson M29 4,5 mm 8 3\/8&#8243; -ilmarevolveri on realistinen CO\u2082-k\u00e4ytt\u00f6inen kopio legendaarisesta Magnum M29 -revolverista, joka tuli tunnetuksi \u201cDirty Harry\u201d -elokuvista Clint Eastwoodin t\u00e4hditt\u00e4m\u00e4n\u00e4. Yli 1 kg painava t\u00e4ysmetallinen rakenne, pitk\u00e4 8 3\/8 tuuman piippu ja aidot Smith &#038; Wesson -merkinn\u00e4t tarjoavat eritt\u00e4in realistisen k\u00e4ytt\u00f6kokemuksen. Klassista ulkon\u00e4k\u00f6\u00e4 korostavat puuta j\u00e4ljittelev\u00e4t kahvapaneelit, ja s\u00e4\u00e4dett\u00e4v\u00e4t t\u00e4ht\u00e4imet mahdollistavat tarkan t\u00e4ht\u00e4\u00e4misen my\u00f6s pidemmille et\u00e4isyyksille.  <\/p>\n<p data-start=\"546\" data-end=\"1169\">Revolverissa on realistinen latausj\u00e4rjestelm\u00e4 metallihylsyill\u00e4, joihin asetetaan 4,5 mm ter\u00e4skuulat BB. Ammunnan j\u00e4lkeen hylsyt voidaan poistaa ulosvet\u00e4j\u00e4n avulla samalla tavalla kuin oikeassa revolverissa. Ase toimii 12 g CO\u2082-patruunalla ja saavuttaa jopa 135 m\/s l\u00e4ht\u00f6nopeuden sek\u00e4 jopa 160 tasaista laukausta yhdell\u00e4 kapselilla. SA\/DA-liipaisinmekanismi mahdollistaa sek\u00e4 double action- ett\u00e4 single action -ammunnan, mik\u00e4 tekee Smith &#038; Wesson M29:st\u00e4 erinomaisen valinnan klassisten revolverien yst\u00e4ville ja realistiseen vapaa-ajan ammuntaan.   <\/p>\n","protected":false},"featured_media":191218,"template":"","meta":{"_acf_changed":false},"product_brand":[],"product_cat":[253,672],"product_tag":[],"class_list":{"0":"post-191247","1":"product","2":"type-product","3":"status-publish","4":"has-post-thumbnail","6":"product_cat-ilmakivaarit-4-5mm","7":"product_cat-pienaseet","9":"first","10":"instock","11":"taxable","12":"shipping-taxable","13":"purchasable","14":"product-type-simple"},"acf":[],"_links":{"self":[{"href":"https:\/\/kingarms.ee\/fi\/wp-json\/wp\/v2\/product\/191247","targetHints":{"allow":["GET"]}}],"collection":[{"href":"https:\/\/kingarms.ee\/fi\/wp-json\/wp\/v2\/product"}],"about":[{"href":"https:\/\/kingarms.ee\/fi\/wp-json\/wp\/v2\/types\/product"}],"wp:featuredmedia":[{"embeddable":true,"href":"https:\/\/kingarms.ee\/fi\/wp-json\/wp\/v2\/media\/191218"}],"wp:attachment":[{"href":"https:\/\/kingarms.ee\/fi\/wp-json\/wp\/v2\/media?parent=191247"}],"wp:term":[{"taxonomy":"product_brand","embeddable":true,"href":"https:\/\/kingarms.ee\/fi\/wp-json\/wp\/v2\/product_brand?post=191247"},{"taxonomy":"product_cat","embeddable":true,"href":"https:\/\/kingarms.ee\/fi\/wp-json\/wp\/v2\/product_cat?post=191247"},{"taxonomy":"product_tag","embeddable":true,"href":"https:\/\/kingarms.ee\/fi\/wp-json\/wp\/v2\/product_tag?post=191247"}],"curies":[{"name":"wp","href":"https:\/\/api.w.org\/{rel}","templated":true}]}}