{"id":191272,"date":"2026-05-11T16:07:26","date_gmt":"2026-05-11T13:07:26","guid":{"rendered":"https:\/\/kingarms.ee\/product\/umarex-power-potential-45-mm-350-tk\/"},"modified":"2026-05-11T16:07:26","modified_gmt":"2026-05-11T13:07:26","slug":"umarex-power-potential-45-mm-350-tk","status":"publish","type":"product","link":"https:\/\/kingarms.ee\/fi\/product\/umarex-power-potential-45-mm-350-tk\/","title":{"rendered":"Umarex Power Potential 4,5 mm 350 tk"},"content":{"rendered":"","protected":false},"excerpt":{"rendered":"<p data-start=\"13\" data-end=\"364\">Umarex Power Potential 4,5\/350 ovat raskaita hollow point -ilmakiv\u00e4\u00e4rin luoteja vapaa-ajan ammuntaan. Luodin paino on 0,67 g, mik\u00e4 tekee siit\u00e4 sopivan lyhyille ja keskipitkille ampumaet\u00e4isyyksille tarjoten vakaan lentoradan ja hyv\u00e4n iskuenergian. Ontto k\u00e4rkirakenne lis\u00e4\u00e4 luodin muodonmuutosta osuman yhteydess\u00e4 ja tekee ammunnasta n\u00e4ytt\u00e4v\u00e4mp\u00e4\u00e4.  <\/p>\n<p data-start=\"366\" data-end=\"698\">Hollow point -rakenteensa ansiosta Umarex Power Potential -luodit sopivat erinomaisesti t\u00f6lkkien, taulujen ja muiden reaktiivisten kohteiden ampumiseen. N\u00e4ytt\u00e4v\u00e4 kohteen hajoaminen tekee jokaisesta ampumakerrasta hauskemman ja el\u00e4myksellisemm\u00e4n, kun taas laadukas valmistus takaa tasaisen tarkkuuden ja suorituskyvyn. <\/p>\n","protected":false},"featured_media":191254,"template":"","meta":{"_acf_changed":false},"product_brand":[],"product_cat":[239,241],"product_tag":[],"class_list":{"0":"post-191272","1":"product","2":"type-product","3":"status-publish","4":"has-post-thumbnail","6":"product_cat-bbs","7":"product_cat-ilmakivaareita","9":"first","10":"instock","11":"taxable","12":"shipping-taxable","13":"purchasable","14":"product-type-simple"},"acf":[],"_links":{"self":[{"href":"https:\/\/kingarms.ee\/fi\/wp-json\/wp\/v2\/product\/191272","targetHints":{"allow":["GET"]}}],"collection":[{"href":"https:\/\/kingarms.ee\/fi\/wp-json\/wp\/v2\/product"}],"about":[{"href":"https:\/\/kingarms.ee\/fi\/wp-json\/wp\/v2\/types\/product"}],"wp:featuredmedia":[{"embeddable":true,"href":"https:\/\/kingarms.ee\/fi\/wp-json\/wp\/v2\/media\/191254"}],"wp:attachment":[{"href":"https:\/\/kingarms.ee\/fi\/wp-json\/wp\/v2\/media?parent=191272"}],"wp:term":[{"taxonomy":"product_brand","embeddable":true,"href":"https:\/\/kingarms.ee\/fi\/wp-json\/wp\/v2\/product_brand?post=191272"},{"taxonomy":"product_cat","embeddable":true,"href":"https:\/\/kingarms.ee\/fi\/wp-json\/wp\/v2\/product_cat?post=191272"},{"taxonomy":"product_tag","embeddable":true,"href":"https:\/\/kingarms.ee\/fi\/wp-json\/wp\/v2\/product_tag?post=191272"}],"curies":[{"name":"wp","href":"https:\/\/api.w.org\/{rel}","templated":true}]}}