{"id":191335,"date":"2026-05-13T23:31:41","date_gmt":"2026-05-13T20:31:41","guid":{"rendered":"https:\/\/kingarms.ee\/product\/ilmajousi-fx-redback\/"},"modified":"2026-05-13T23:31:41","modified_gmt":"2026-05-13T20:31:41","slug":"ilmajousi-fx-redback","status":"publish","type":"product","link":"https:\/\/kingarms.ee\/fi\/product\/ilmajousi-fx-redback\/","title":{"rendered":"Ilmajousi FX Redback"},"content":{"rendered":"","protected":false},"excerpt":{"rendered":"<p data-start=\"74\" data-end=\"815\">Airbow FX Redback on tehokas PCP-j\u00e4rjestelm\u00e4\u00e4n perustuva ilmajousi, jossa FX Airgunsin tunnetut ja hyv\u00e4ksi todetut ratkaisut on sovitettu nuolten ampumiseen. Redbackin etuosassa on per\u00e4ti kahdeksan 9 mm (.35) piippua, joihin voidaan ladata yhteens\u00e4 kahdeksan nuolta; sivuvivun vet\u00e4minen py\u00f6ritt\u00e4\u00e4 piippupakettia ja tuo seuraavan nuolen ampumavalmiiksi. Tasaisen tehon ja tarkkuuden varmistamiseksi mallissa on tukkiin sijoitettu 480 cc PCP-s\u00e4ili\u00f6, jonka t\u00e4ytt\u00f6paine on enint\u00e4\u00e4n 250 bar, sek\u00e4 tarkasti s\u00e4\u00e4dett\u00e4v\u00e4 AMP-regulaattori, joka auttaa pit\u00e4m\u00e4\u00e4n jokaisen laukauksen nopeuden mahdollisimman yhten\u00e4isen\u00e4. Rungon oikealla puolella on kaksi Wika-painemittaria: toinen n\u00e4ytt\u00e4\u00e4 regulaattorin paineen ja toinen PCP-s\u00e4ili\u00f6n paineen. Korkeuss\u00e4\u00e4dett\u00e4v\u00e4 per\u00e4levy auttaa l\u00f6yt\u00e4m\u00e4\u00e4n vakaan ja mukavan ampuma-asennon.    <\/p>\n<p data-start=\"817\" data-end=\"1685\">FX Redback tarjoaa monipuoliset s\u00e4\u00e4t\u00f6mahdollisuudet k\u00e4ytt\u00e4j\u00e4n tarpeiden mukaan. Quick Tune -j\u00e4rjestelm\u00e4ll\u00e4 vasarajousen esij\u00e4nnityst\u00e4 voidaan s\u00e4\u00e4t\u00e4\u00e4 makros\u00e4\u00e4t\u00f6py\u00f6r\u00e4ll\u00e4 23 suuressa portaassa ja viimeistell\u00e4 tarkasti mikros\u00e4\u00e4t\u00f6py\u00f6r\u00e4ll\u00e4. Quick Set Trigger -liipaisin on my\u00f6s t\u00e4ysin s\u00e4\u00e4dett\u00e4v\u00e4: liipaisimen sijaintia, molempia vaiheita, liipaisinkielen korkeutta ja kulmaa voidaan muokata k\u00e4ytt\u00e4j\u00e4n mieltymysten mukaan. Yl\u00e4osassa on 60 MOA:n kulmaan asetettu Weaver\/Picatinny-kisko, joka auttaa kompensoimaan nuolten raskaampaa ja kaarevampaa lentorataa pidemmill\u00e4 et\u00e4isyyksill\u00e4. Alapuolella sijaitsee Arca-lis\u00e4varustekisko useilla M-LOK-paikoilla esimerkiksi bipodin, tripodin, lis\u00e4painojen tai muiden varusteiden kiinnitt\u00e4mist\u00e4 varten. Redback painaa 3200 g ja sen pituus on 106 cm; molempik\u00e4tinen tukki ja ergonominen karhennettu kahva on valmistettu iskunkest\u00e4v\u00e4st\u00e4 synteettisest\u00e4 materiaalista. Mukana toimitetaan laukku ja t\u00e4ytt\u00f6adapteri; nuolet eiv\u00e4t sis\u00e4lly pakkaukseen, ja k\u00e4ytett\u00e4vien nuolten tulee sopia 9 mm (.35) piippuun.     <\/p>\n","protected":false},"featured_media":191294,"template":"","meta":{"_acf_changed":false},"product_brand":[],"product_cat":[253,256],"product_tag":[],"class_list":{"0":"post-191335","1":"product","2":"type-product","3":"status-publish","4":"has-post-thumbnail","6":"product_cat-ilmakivaarit-4-5mm","7":"product_cat-hpa-fi","9":"first","10":"instock","11":"taxable","12":"shipping-taxable","13":"purchasable","14":"product-type-simple"},"acf":[],"_links":{"self":[{"href":"https:\/\/kingarms.ee\/fi\/wp-json\/wp\/v2\/product\/191335","targetHints":{"allow":["GET"]}}],"collection":[{"href":"https:\/\/kingarms.ee\/fi\/wp-json\/wp\/v2\/product"}],"about":[{"href":"https:\/\/kingarms.ee\/fi\/wp-json\/wp\/v2\/types\/product"}],"wp:featuredmedia":[{"embeddable":true,"href":"https:\/\/kingarms.ee\/fi\/wp-json\/wp\/v2\/media\/191294"}],"wp:attachment":[{"href":"https:\/\/kingarms.ee\/fi\/wp-json\/wp\/v2\/media?parent=191335"}],"wp:term":[{"taxonomy":"product_brand","embeddable":true,"href":"https:\/\/kingarms.ee\/fi\/wp-json\/wp\/v2\/product_brand?post=191335"},{"taxonomy":"product_cat","embeddable":true,"href":"https:\/\/kingarms.ee\/fi\/wp-json\/wp\/v2\/product_cat?post=191335"},{"taxonomy":"product_tag","embeddable":true,"href":"https:\/\/kingarms.ee\/fi\/wp-json\/wp\/v2\/product_tag?post=191335"}],"curies":[{"name":"wp","href":"https:\/\/api.w.org\/{rel}","templated":true}]}}