{"id":191347,"date":"2026-05-13T23:45:30","date_gmt":"2026-05-13T20:45:30","guid":{"rendered":"https:\/\/kingarms.ee\/product\/ilmajousen-nuolet-air-venturi-air-bolt-35-cal\/"},"modified":"2026-05-13T23:45:30","modified_gmt":"2026-05-13T20:45:30","slug":"ilmajousen-nuolet-air-venturi-air-bolt-35-cal","status":"publish","type":"product","link":"https:\/\/kingarms.ee\/fi\/product\/ilmajousen-nuolet-air-venturi-air-bolt-35-cal\/","title":{"rendered":"Ilmajousen nuolet Air Venturi Air Bolt .35 Cal"},"content":{"rendered":"","protected":false},"excerpt":{"rendered":"<p data-start=\"220\" data-end=\"669\">Air Venturi Air Bolt .35 Cal -nuolet on suunniteltu k\u00e4ytett\u00e4viksi 9 mm (.35\u2019\u2019) ilmajousissa tai saman kaliiperin ilma-aseissa, joiden piipun pituus on yli 53 cm eli 21 tuumaa. Ne sopivat k\u00e4ytt\u00e4jille, jotka tarvitsevat airbow-j\u00e4rjestelm\u00e4\u00e4ns\u00e4 oikein mitoitettuja ja tasapainoisia nuolia vakaata lentoa ja luotettavaa suorituskyky\u00e4 varten. Jokaisen nuolen kokonaispaino on 375 grainia eli 24,3 grammaa, mukaan lukien 100 grainin eli 6,5 gramman nuolenk\u00e4rki.  <\/p>\n<p data-start=\"671\" data-end=\"1011\">Nuolen runko on valmistettu High Modulus -hiilikuidusta, joka on eritt\u00e4in j\u00e4ykk\u00e4 ja laadukas hiilikuidun tyyppi. T\u00e4m\u00e4 rakenne v\u00e4hent\u00e4\u00e4 taipumista, parantaa lennon vakautta ja auttaa saavuttamaan tasaisemman lentoradan. Air Venturi Air Bolt .35 Cal -nuolten pituus on 584 mm, materiaalina on hiilikuitu, ja ne on tarkoitettu ilmajousik\u00e4ytt\u00f6\u00f6n. Pakkauksessa on 6 nuolta.   <\/p>\n","protected":false},"featured_media":191342,"template":"","meta":{"_acf_changed":false},"product_brand":[],"product_cat":[797],"product_tag":[],"class_list":{"0":"post-191347","1":"product","2":"type-product","3":"status-publish","4":"has-post-thumbnail","6":"product_cat-nuolet-akselit","8":"first","9":"instock","10":"taxable","11":"shipping-taxable","12":"purchasable","13":"product-type-simple"},"acf":[],"_links":{"self":[{"href":"https:\/\/kingarms.ee\/fi\/wp-json\/wp\/v2\/product\/191347","targetHints":{"allow":["GET"]}}],"collection":[{"href":"https:\/\/kingarms.ee\/fi\/wp-json\/wp\/v2\/product"}],"about":[{"href":"https:\/\/kingarms.ee\/fi\/wp-json\/wp\/v2\/types\/product"}],"wp:featuredmedia":[{"embeddable":true,"href":"https:\/\/kingarms.ee\/fi\/wp-json\/wp\/v2\/media\/191342"}],"wp:attachment":[{"href":"https:\/\/kingarms.ee\/fi\/wp-json\/wp\/v2\/media?parent=191347"}],"wp:term":[{"taxonomy":"product_brand","embeddable":true,"href":"https:\/\/kingarms.ee\/fi\/wp-json\/wp\/v2\/product_brand?post=191347"},{"taxonomy":"product_cat","embeddable":true,"href":"https:\/\/kingarms.ee\/fi\/wp-json\/wp\/v2\/product_cat?post=191347"},{"taxonomy":"product_tag","embeddable":true,"href":"https:\/\/kingarms.ee\/fi\/wp-json\/wp\/v2\/product_tag?post=191347"}],"curies":[{"name":"wp","href":"https:\/\/api.w.org\/{rel}","templated":true}]}}