{"id":191359,"date":"2026-05-14T08:46:28","date_gmt":"2026-05-14T05:46:28","guid":{"rendered":"https:\/\/kingarms.ee\/product\/pcp-ilmakivaari-fx-boss\/"},"modified":"2026-05-14T08:46:28","modified_gmt":"2026-05-14T05:46:28","slug":"pcp-ilmakivaari-fx-boss","status":"publish","type":"product","link":"https:\/\/kingarms.ee\/fi\/product\/pcp-ilmakivaari-fx-boss\/","title":{"rendered":"PCP-ilmakiv\u00e4\u00e4ri FX Boss<br\/>"},"content":{"rendered":"","protected":false},"excerpt":{"rendered":"<h3 data-section-id=\"1ksh902\" data-start=\"211\" data-end=\"234\">PCP-ilmakiv\u00e4\u00e4ri FX Boss<br \/><\/h3>\n<p data-start=\"236\" data-end=\"941\">FX Boss on ruotsalaisen FX Airgunsin laadukas PCP-ilmakiv\u00e4\u00e4ri, joka on suunniteltu suureen tehoon, tarkkuuteen ja pitk\u00e4n matkan ampumiseen. FX Airguns tunnetaan innovatiivisista rakenteistaan, erinomaisesta suorituskyvyst\u00e4\u00e4n ja korkeasta tarkkuudestaan, ja Boss-malli jatkaa t\u00e4t\u00e4 linjaa vakuuttavasti. Kiv\u00e4\u00e4riss\u00e4 on mittatilausty\u00f6n\u00e4 valmistettu 7,62 mm (.30) Smooth Twist -piippu, joka on nopeasti osoittanut kykyns\u00e4 sek\u00e4 kilpailuk\u00e4yt\u00f6ss\u00e4 ett\u00e4 kentt\u00e4olosuhteissa. Reguloitu koneisto, 500 cc ilmas\u00e4ili\u00f6 ja enint\u00e4\u00e4n 250 barin t\u00e4ytt\u00f6paine mahdollistavat noin 110 joulen tehon sek\u00e4 jopa 48 laukausta yhdell\u00e4 t\u00e4yt\u00f6ll\u00e4. FX Boss on suunniteltu vaativaan ulkok\u00e4ytt\u00f6\u00f6n, raskaammille ammuksille ja pidemmille ampumaet\u00e4isyyksille.    <\/p>\n<p data-start=\"943\" data-end=\"1598\">Mallissa on 9 laukauksen lipas .30-kaliiperin luodeille, mutta sit\u00e4 voidaan k\u00e4ytt\u00e4\u00e4 my\u00f6s kertalaukaisutilassa. Sivuvipuvireistys tekee lataamisesta sujuvaa ja helppoa, ja kaksivaiheinen s\u00e4\u00e4dett\u00e4v\u00e4 match-tason liipaisin antaa ampujalle tarkan hallinnan laukaisuhetkeen. Peukalonrei\u00e4llinen synteettinen tukki on tarkoitettu oikeak\u00e4tiselle ampujalle, ja sen pehme\u00e4 s\u00e4\u00e4nkest\u00e4v\u00e4 pinnoite tarjoaa mukavan sek\u00e4 varman otteen vaihtelevissa olosuhteissa. FX Boss painaa 3400 g, piipun pituus on 610 mm ja kokonaispituus 1195 mm. Avoimia t\u00e4ht\u00e4imi\u00e4 ei ole, eik\u00e4 kiikarit\u00e4ht\u00e4in sis\u00e4lly pakkaukseen; optiikan asentamista varten kiv\u00e4\u00e4riss\u00e4 on 11 mm Dovetail-kisko. Mukana toimitetaan laukku, t\u00e4ytt\u00f6adapteri ja lipas.     <\/p>\n","protected":false},"featured_media":191623,"template":"","meta":{"_acf_changed":false},"product_brand":[],"product_cat":[253,256],"product_tag":[],"class_list":{"0":"post-191359","1":"product","2":"type-product","3":"status-publish","4":"has-post-thumbnail","6":"product_cat-ilmakivaarit-4-5mm","7":"product_cat-hpa-fi","9":"first","10":"instock","11":"taxable","12":"shipping-taxable","13":"purchasable","14":"product-type-simple"},"acf":[],"_links":{"self":[{"href":"https:\/\/kingarms.ee\/fi\/wp-json\/wp\/v2\/product\/191359","targetHints":{"allow":["GET"]}}],"collection":[{"href":"https:\/\/kingarms.ee\/fi\/wp-json\/wp\/v2\/product"}],"about":[{"href":"https:\/\/kingarms.ee\/fi\/wp-json\/wp\/v2\/types\/product"}],"wp:featuredmedia":[{"embeddable":true,"href":"https:\/\/kingarms.ee\/fi\/wp-json\/wp\/v2\/media\/191623"}],"wp:attachment":[{"href":"https:\/\/kingarms.ee\/fi\/wp-json\/wp\/v2\/media?parent=191359"}],"wp:term":[{"taxonomy":"product_brand","embeddable":true,"href":"https:\/\/kingarms.ee\/fi\/wp-json\/wp\/v2\/product_brand?post=191359"},{"taxonomy":"product_cat","embeddable":true,"href":"https:\/\/kingarms.ee\/fi\/wp-json\/wp\/v2\/product_cat?post=191359"},{"taxonomy":"product_tag","embeddable":true,"href":"https:\/\/kingarms.ee\/fi\/wp-json\/wp\/v2\/product_tag?post=191359"}],"curies":[{"name":"wp","href":"https:\/\/api.w.org\/{rel}","templated":true}]}}