{"id":191389,"date":"2026-05-14T09:06:25","date_gmt":"2026-05-14T06:06:25","guid":{"rendered":"https:\/\/kingarms.ee\/product\/agn-technology-netvor-ws\/"},"modified":"2026-05-14T09:06:25","modified_gmt":"2026-05-14T06:06:25","slug":"agn-technology-netvor-ws","status":"publish","type":"product","link":"https:\/\/kingarms.ee\/fi\/product\/agn-technology-netvor-ws\/","title":{"rendered":"AGN Technology Netvor WS"},"content":{"rendered":"","protected":false},"excerpt":{"rendered":"<p data-start=\"255\" data-end=\"982\">AGN Technology Netvor WS on tehokas 11,43 mm (.45) kaliiperin PCP-ilmakiv\u00e4\u00e4ri, joka k\u00e4ytt\u00e4\u00e4 kertalaukauskelkkaa slug-luotien ampumiseen. Rungon vasemmalla puolella sijaitseva sivuvipu on helppok\u00e4ytt\u00f6inen, erityisesti silloin kun kiv\u00e4\u00e4ri asetetaan mahdollisimman vakaasti bipodin, ampumatuen tai tripodin varaan. T\u00e4t\u00e4 varten etutukin alapuolella on Weaver\/Picatinny-lis\u00e4varustekisko, johon voidaan kiinnitt\u00e4\u00e4 esimerkiksi bipodi tai muu sopiva tuki. Mallin nimess\u00e4 oleva lyhenne WS tarkoittaa Wood Stock -tukkia: kiv\u00e4\u00e4riss\u00e4 on puinen thumbhole-tyyppinen tukki, joka tuntuu miellytt\u00e4v\u00e4lt\u00e4 ja vakaalta k\u00e4siss\u00e4. Per\u00e4ss\u00e4 on kuminen per\u00e4levy, joka tekee kiv\u00e4\u00e4rin asettamisesta olkaa vasten mukavampaa, ja ergonomisesti muotoillussa kahvassa on kevyesti esimuotoillut sormiurat.    <\/p>\n<p data-start=\"984\" data-end=\"1654\">Lukon p\u00e4\u00e4ll\u00e4 on Weaver\/Picatinny-kiikarikisko, jonka avulla kiv\u00e4\u00e4riin voidaan asentaa sopiva t\u00e4ht\u00e4in ja hy\u00f6dynt\u00e4\u00e4 sen tarkkuuspotentiaali; kiikarit\u00e4ht\u00e4in ei sis\u00e4lly pakkaukseen. 860 mm piipun alapuolella sijaitsee 580 cc PCP-s\u00e4ili\u00f6, jonka t\u00e4ytt\u00f6paine on enint\u00e4\u00e4n 300 bar. Rungon vasemmalla puolella oleva painemittari n\u00e4ytt\u00e4\u00e4 j\u00e4ljell\u00e4 olevan s\u00e4ili\u00f6paineen, ja j\u00e4rjestelm\u00e4 on reguloitu 200 bariin. Netvor WS tuottaa jopa 610 J energiaa, painaa 4555 g ja sen kokonaispituus on 1040 mm. Avoimia t\u00e4ht\u00e4imi\u00e4 ei ole, tukki on molempik\u00e4tinen ja valmistettu puusta. Piipun ymp\u00e4rill\u00e4 on barrel shroud -vaippa, ja piipun p\u00e4\u00e4ss\u00e4 on 11\/16-24 UNEF -kierre suojakorkilla. Mukana toimitetaan t\u00e4ytt\u00f6sarja, suujarru, O-renkaat ja asepussi.      <\/p>\n","protected":false},"featured_media":191420,"template":"","meta":{"_acf_changed":false},"product_brand":[],"product_cat":[253,256],"product_tag":[],"class_list":{"0":"post-191389","1":"product","2":"type-product","3":"status-publish","4":"has-post-thumbnail","6":"product_cat-ilmakivaarit-4-5mm","7":"product_cat-hpa-fi","9":"first","10":"instock","11":"taxable","12":"shipping-taxable","13":"purchasable","14":"product-type-simple"},"acf":[],"_links":{"self":[{"href":"https:\/\/kingarms.ee\/fi\/wp-json\/wp\/v2\/product\/191389","targetHints":{"allow":["GET"]}}],"collection":[{"href":"https:\/\/kingarms.ee\/fi\/wp-json\/wp\/v2\/product"}],"about":[{"href":"https:\/\/kingarms.ee\/fi\/wp-json\/wp\/v2\/types\/product"}],"wp:featuredmedia":[{"embeddable":true,"href":"https:\/\/kingarms.ee\/fi\/wp-json\/wp\/v2\/media\/191420"}],"wp:attachment":[{"href":"https:\/\/kingarms.ee\/fi\/wp-json\/wp\/v2\/media?parent=191389"}],"wp:term":[{"taxonomy":"product_brand","embeddable":true,"href":"https:\/\/kingarms.ee\/fi\/wp-json\/wp\/v2\/product_brand?post=191389"},{"taxonomy":"product_cat","embeddable":true,"href":"https:\/\/kingarms.ee\/fi\/wp-json\/wp\/v2\/product_cat?post=191389"},{"taxonomy":"product_tag","embeddable":true,"href":"https:\/\/kingarms.ee\/fi\/wp-json\/wp\/v2\/product_tag?post=191389"}],"curies":[{"name":"wp","href":"https:\/\/api.w.org\/{rel}","templated":true}]}}