{"id":191414,"date":"2026-05-14T09:18:36","date_gmt":"2026-05-14T06:18:36","guid":{"rendered":"https:\/\/kingarms.ee\/product\/agn-technology-netvor-ps\/"},"modified":"2026-05-14T09:18:36","modified_gmt":"2026-05-14T06:18:36","slug":"agn-technology-netvor-ps","status":"publish","type":"product","link":"https:\/\/kingarms.ee\/fi\/product\/agn-technology-netvor-ps\/","title":{"rendered":"AGN Technology Netvor PS"},"content":{"rendered":"","protected":false},"excerpt":{"rendered":"<p data-start=\"200\" data-end=\"885\">AGN Technology Netvor PS on tehokas 11,43 mm (.45) kaliiperin PCP-ilmakiv\u00e4\u00e4ri, joka k\u00e4ytt\u00e4\u00e4 kertalaukauskelkkaa slug-luotien ampumiseen. Rungon vasemmalla puolella sijaitseva sivuvipu on helppo k\u00e4ytt\u00e4\u00e4, erityisesti silloin kun kiv\u00e4\u00e4ri asetetaan mahdollisimman vakaasti bipodin, ampumatuen tai tripodin varaan. T\u00e4t\u00e4 varten etutukin alapuolella on Weaver\/Picatinny-lis\u00e4varustekisko, johon voidaan kiinnitt\u00e4\u00e4 esimerkiksi bipodi tai muu yhteensopiva tukivaruste. Mallin nimess\u00e4 oleva lyhenne PS tarkoittaa Plastic Stock -tukkia: t\u00e4ss\u00e4 versiossa on synteettisest\u00e4 materiaalista valmistettu tukki, joka tuntuu mukavalta k\u00e4siss\u00e4 ja sopii k\u00e4yt\u00e4nn\u00f6lliseen k\u00e4ytt\u00f6\u00f6n. Per\u00e4ss\u00e4 oleva kuminen per\u00e4levy tekee kiv\u00e4\u00e4rin asettamisesta olkaa vasten miellytt\u00e4v\u00e4mp\u00e4\u00e4.    <\/p>\n<p data-start=\"887\" data-end=\"1570\">Lukon p\u00e4\u00e4ll\u00e4 on Weaver\/Picatinny-kiikarikisko, jonka avulla kiv\u00e4\u00e4riin voidaan asentaa sopiva optiikka ja hy\u00f6dynt\u00e4\u00e4 sen tarkkuuspotentiaali; kiikarit\u00e4ht\u00e4in ei sis\u00e4lly pakkaukseen. 860 mm piipun alapuolella sijaitsee 580 cc PCP-s\u00e4ili\u00f6, jonka t\u00e4ytt\u00f6paine on enint\u00e4\u00e4n 300 bar. Rungon vasemmalla puolella oleva painemittari n\u00e4ytt\u00e4\u00e4 j\u00e4ljell\u00e4 olevan s\u00e4ili\u00f6paineen, ja j\u00e4rjestelm\u00e4 on reguloitu 200 bariin. AGN Technology Netvor PS tuottaa jopa 610 J energiaa, painaa 4785 g ja sen kokonaispituus on 1040 mm. Avoimia t\u00e4ht\u00e4imi\u00e4 ei ole, tukki on molempik\u00e4tinen ja valmistettu synteettisest\u00e4 materiaalista. Piipun ymp\u00e4rill\u00e4 on barrel shroud -vaippa, ja piipun p\u00e4\u00e4ss\u00e4 on 11\/16-24 UNEF -kierre suojakorkilla. Mukana toimitetaan t\u00e4ytt\u00f6sarja, suujarru, O-renkaat ja asepussi.      <\/p>\n","protected":false},"featured_media":191396,"template":"","meta":{"_acf_changed":false},"product_brand":[],"product_cat":[256],"product_tag":[],"class_list":{"0":"post-191414","1":"product","2":"type-product","3":"status-publish","4":"has-post-thumbnail","6":"product_cat-hpa-fi","8":"first","9":"instock","10":"taxable","11":"shipping-taxable","12":"purchasable","13":"product-type-simple"},"acf":[],"_links":{"self":[{"href":"https:\/\/kingarms.ee\/fi\/wp-json\/wp\/v2\/product\/191414","targetHints":{"allow":["GET"]}}],"collection":[{"href":"https:\/\/kingarms.ee\/fi\/wp-json\/wp\/v2\/product"}],"about":[{"href":"https:\/\/kingarms.ee\/fi\/wp-json\/wp\/v2\/types\/product"}],"wp:featuredmedia":[{"embeddable":true,"href":"https:\/\/kingarms.ee\/fi\/wp-json\/wp\/v2\/media\/191396"}],"wp:attachment":[{"href":"https:\/\/kingarms.ee\/fi\/wp-json\/wp\/v2\/media?parent=191414"}],"wp:term":[{"taxonomy":"product_brand","embeddable":true,"href":"https:\/\/kingarms.ee\/fi\/wp-json\/wp\/v2\/product_brand?post=191414"},{"taxonomy":"product_cat","embeddable":true,"href":"https:\/\/kingarms.ee\/fi\/wp-json\/wp\/v2\/product_cat?post=191414"},{"taxonomy":"product_tag","embeddable":true,"href":"https:\/\/kingarms.ee\/fi\/wp-json\/wp\/v2\/product_tag?post=191414"}],"curies":[{"name":"wp","href":"https:\/\/api.w.org\/{rel}","templated":true}]}}