{"id":191470,"date":"2026-05-14T10:13:51","date_gmt":"2026-05-14T07:13:51","guid":{"rendered":"https:\/\/kingarms.ee\/product\/anschutz-9015-one-field-target\/"},"modified":"2026-05-14T10:13:51","modified_gmt":"2026-05-14T07:13:51","slug":"anschutz-9015-one-field-target","status":"publish","type":"product","link":"https:\/\/kingarms.ee\/fi\/product\/anschutz-9015-one-field-target\/","title":{"rendered":"Ansch\u00fctz 9015 ONE Field Target"},"content":{"rendered":"","protected":false},"excerpt":{"rendered":"<p data-start=\"296\" data-end=\"1028\">Ansch\u00fctz Model 9015 Field Target on korkeatasoinen match-luokan PCP-ilmakiv\u00e4\u00e4ri, joka sopii eri ik\u00e4isille ja tasoisille ampujille sek\u00e4 useisiin ampumalajeihin \u2014 junioreista aikuisiin, senioreista benchrest-ampujiin. Uudelleen kehitetty suuritehoinen piippuj\u00e4rjestelm\u00e4 on suunniteltu \u00e4\u00e4rimm\u00e4ist\u00e4 tarkkuutta varten ja kiihdytt\u00e4\u00e4 10,5 grainin diabolo-luodit ilman rekyyli\u00e4 keskim\u00e4\u00e4rin noin 690 jalan sekuntinopeuteen. Reguloitu PCP-j\u00e4rjestelm\u00e4 toimii 200 barin t\u00e4ytt\u00f6paineella ja tarjoaa noin 100 laukausta yhdell\u00e4 t\u00e4yt\u00f6ll\u00e4. Mallin kaliiperi on 4,5 mm (.177), energia noin 15 J, ja viritys tapahtuu sivuvivulla. Kiv\u00e4\u00e4riss\u00e4 ei ole lipasta eik\u00e4 avoimia t\u00e4ht\u00e4imi\u00e4, eik\u00e4 kiikarit\u00e4ht\u00e4in sis\u00e4lly pakkaukseen; optiikan asentamista varten siin\u00e4 on 11 mm Dovetail-kisko.    <\/p>\n<p data-start=\"1030\" data-end=\"1807\">9015 Field Targetin tukki on suunniteltu ajatuksella, jossa muotoilu ja teknologia t\u00e4ydent\u00e4v\u00e4t toisiaan poikkeuksellisen ergonomiseksi kokonaisuudeksi. Eritt\u00e4in kapea rakenne antaa ampujalle harvinaisen vapaan ja luonnollisen tunteen ampuma-asennossa, kun taas lukuisat portaattomat s\u00e4\u00e4t\u00f6mahdollisuudet mahdollistavat tukin tarkan mukauttamisen k\u00e4ytt\u00e4j\u00e4n kehon, tekniikan ja mieltymysten mukaan. Kaikki suoraan kehoon kosketuksissa olevat osat on valmistettu hienolaatuisesta p\u00e4hkin\u00e4puusta, mik\u00e4 antaa luonnollisen ja miellytt\u00e4v\u00e4n tuntuman. Ruostumattoman ter\u00e4ksen ja lujan alumiinin k\u00e4ytt\u00f6 tekee Field Target -tukista eritt\u00e4in vakaan, suojaa sit\u00e4 korroosiolta ja takaa pitk\u00e4n k\u00e4ytt\u00f6i\u00e4n. Kiv\u00e4\u00e4rin paino on 1930 g, piipun pituus 592 mm ja kokonaispituus s\u00e4\u00e4dett\u00e4viss\u00e4 v\u00e4lill\u00e4 920\u20131024 mm. Mukana toimitetaan laukku, t\u00e4ytt\u00f6adapteri ja ty\u00f6kalut.      <\/p>\n","protected":false},"featured_media":191428,"template":"","meta":{"_acf_changed":false},"product_brand":[],"product_cat":[253,256],"product_tag":[],"class_list":{"0":"post-191470","1":"product","2":"type-product","3":"status-publish","4":"has-post-thumbnail","6":"product_cat-ilmakivaarit-4-5mm","7":"product_cat-hpa-fi","9":"first","10":"instock","11":"taxable","12":"shipping-taxable","13":"purchasable","14":"product-type-simple"},"acf":[],"_links":{"self":[{"href":"https:\/\/kingarms.ee\/fi\/wp-json\/wp\/v2\/product\/191470","targetHints":{"allow":["GET"]}}],"collection":[{"href":"https:\/\/kingarms.ee\/fi\/wp-json\/wp\/v2\/product"}],"about":[{"href":"https:\/\/kingarms.ee\/fi\/wp-json\/wp\/v2\/types\/product"}],"wp:featuredmedia":[{"embeddable":true,"href":"https:\/\/kingarms.ee\/fi\/wp-json\/wp\/v2\/media\/191428"}],"wp:attachment":[{"href":"https:\/\/kingarms.ee\/fi\/wp-json\/wp\/v2\/media?parent=191470"}],"wp:term":[{"taxonomy":"product_brand","embeddable":true,"href":"https:\/\/kingarms.ee\/fi\/wp-json\/wp\/v2\/product_brand?post=191470"},{"taxonomy":"product_cat","embeddable":true,"href":"https:\/\/kingarms.ee\/fi\/wp-json\/wp\/v2\/product_cat?post=191470"},{"taxonomy":"product_tag","embeddable":true,"href":"https:\/\/kingarms.ee\/fi\/wp-json\/wp\/v2\/product_tag?post=191470"}],"curies":[{"name":"wp","href":"https:\/\/api.w.org\/{rel}","templated":true}]}}