{"id":191513,"date":"2026-05-14T10:26:31","date_gmt":"2026-05-14T07:26:31","guid":{"rendered":"https:\/\/kingarms.ee\/product\/fx-impact-m4-standard-copper\/"},"modified":"2026-05-14T10:26:31","modified_gmt":"2026-05-14T07:26:31","slug":"fx-impact-m4-standard-copper","status":"publish","type":"product","link":"https:\/\/kingarms.ee\/fi\/product\/fx-impact-m4-standard-copper\/","title":{"rendered":"FX Impact M4 Standard &#8211; Copper"},"content":{"rendered":"","protected":false},"excerpt":{"rendered":"<p data-start=\"287\" data-end=\"1211\">FX Impact M4 Standard Copper on nelj\u00e4nnen sukupolven versio yhdest\u00e4 FX Airgunsin kaikkien aikojen menestyneimmist\u00e4 yleisk\u00e4ytt\u00f6isist\u00e4 PCP-alustoista. Se yhdist\u00e4\u00e4 eritt\u00e4in korkean tarkkuuden, modulaarisen rakenteen ja laajat s\u00e4\u00e4t\u00f6mahdollisuudet, mink\u00e4 ansiosta se sopii l\u00e4hes kaikkiin ampumalajeihin benchrestist\u00e4 vaativaan kentt\u00e4k\u00e4ytt\u00f6\u00f6n. Impact M3 -malliin verrattuna M4-versioon on tehty sek\u00e4 merkitt\u00e4vi\u00e4 ett\u00e4 hienovaraisempia parannuksia, jotka nostavat suorituskyky\u00e4 ja k\u00e4ytett\u00e4vyytt\u00e4 uudelle tasolle. Aiempi Dual Regulator -j\u00e4rjestelm\u00e4 on korvattu yhdell\u00e4 vahvemmalla ja tasaisemmin toimivalla AMP MKIII -regulaattorilla, jossa on messinkim\u00e4nt\u00e4; se kest\u00e4\u00e4 jopa 170 barin ty\u00f6paineen, kun taas s\u00e4ili\u00f6n t\u00e4ytt\u00f6paine on 250 bar. 480 cc ilmas\u00e4ili\u00f6, 75 cc Power Plenum 750 -ilmatila ja Superior STX -piippu antavat kiv\u00e4\u00e4rille runsaasti tehoreservi\u00e4 sek\u00e4 diabolo-luotien ett\u00e4 raskaampien slugien k\u00e4ytt\u00f6\u00f6n. Saatavilla olevat kaliiperit ovat 4,5 mm (.177), 5,5 mm (.22), 6,35 mm (.25), 7,62 mm (.30) ja 9 mm (.35), joiden energiat ovat versiosta riippuen jopa 47, 60, 85, 130 tai 150 J.    <\/p>\n<p data-start=\"1213\" data-end=\"2291\">FX Impact M4 Standard Copper on suunniteltu k\u00e4ytt\u00e4j\u00e4lle, joka haluaa hienos\u00e4\u00e4t\u00e4\u00e4 kiv\u00e4\u00e4rins\u00e4 tarkasti oman ampumatavan, et\u00e4isyyden ja ammuksen mukaan. Regulaattoria voidaan s\u00e4\u00e4t\u00e4\u00e4 liipaisinkaaren sis\u00e4ll\u00e4 olevalla ruuvilla, venttiilijousen esij\u00e4nnityst\u00e4 etuosan tehos\u00e4\u00e4timell\u00e4 ja vasarajousen esij\u00e4nnityst\u00e4 Quick Tune -j\u00e4rjestelm\u00e4ll\u00e4, jossa makros\u00e4\u00e4t\u00f6 tarjoaa 16 suurta askelta ja mikros\u00e4\u00e4t\u00f6 mahdollistaa eritt\u00e4in tarkan viimeistelyn. Uusi Quick Set Trigger mahdollistaa yhdell\u00e4 ruuvilla siirtymisen pitk\u00e4n ja ennakoitavan kentt\u00e4liipaisun sek\u00e4 kevyen urheiluliipaisun v\u00e4lill\u00e4; lis\u00e4ksi koko liipaisinyksik\u00f6n sijaintia, molempia vaiheita, liipaisinkielen korkeutta ja kiertoa voidaan s\u00e4\u00e4t\u00e4\u00e4. Vahvistettu yl\u00e4levy on paksumpi ja siin\u00e4 on Dovetail-kisko, jonka avulla 30 MOA Picatinny-kisko voidaan siirt\u00e4\u00e4 juuri haluttuun kohtaan, mik\u00e4 antaa enemm\u00e4n vapautta optiikan asennukseen ja suuremman s\u00e4\u00e4t\u00f6varan pitkille matkoille. Lis\u00e4ksi rungossa on sivuilla Picatinny-lis\u00e4varustekiskot ja alapuolella bipodille sopiva kisko, molemmille puolille vaihdettava sivuvipu, korkeuss\u00e4\u00e4dett\u00e4v\u00e4 per\u00e4levy, ergonominen AR15-tyylinen UG1-kahva sek\u00e4 uudistettu vahvistettu suurikapasiteettinen lipas. Paino on 3100 g, piipun pituus 600 mm ja kokonaispituus 860 mm; avoimia t\u00e4ht\u00e4imi\u00e4 ei ole, optiikka ei sis\u00e4lly pakkaukseen, ja mukana toimitetaan laukku, t\u00e4ytt\u00f6adapteri ja lipas.     <\/p>\n","protected":false},"featured_media":191477,"template":"","meta":{"_acf_changed":false},"product_brand":[],"product_cat":[253,256],"product_tag":[],"class_list":{"0":"post-191513","1":"product","2":"type-product","3":"status-publish","4":"has-post-thumbnail","6":"product_cat-ilmakivaarit-4-5mm","7":"product_cat-hpa-fi","9":"first","10":"instock","11":"taxable","12":"shipping-taxable","13":"purchasable","14":"product-type-simple"},"acf":[],"_links":{"self":[{"href":"https:\/\/kingarms.ee\/fi\/wp-json\/wp\/v2\/product\/191513","targetHints":{"allow":["GET"]}}],"collection":[{"href":"https:\/\/kingarms.ee\/fi\/wp-json\/wp\/v2\/product"}],"about":[{"href":"https:\/\/kingarms.ee\/fi\/wp-json\/wp\/v2\/types\/product"}],"wp:featuredmedia":[{"embeddable":true,"href":"https:\/\/kingarms.ee\/fi\/wp-json\/wp\/v2\/media\/191477"}],"wp:attachment":[{"href":"https:\/\/kingarms.ee\/fi\/wp-json\/wp\/v2\/media?parent=191513"}],"wp:term":[{"taxonomy":"product_brand","embeddable":true,"href":"https:\/\/kingarms.ee\/fi\/wp-json\/wp\/v2\/product_brand?post=191513"},{"taxonomy":"product_cat","embeddable":true,"href":"https:\/\/kingarms.ee\/fi\/wp-json\/wp\/v2\/product_cat?post=191513"},{"taxonomy":"product_tag","embeddable":true,"href":"https:\/\/kingarms.ee\/fi\/wp-json\/wp\/v2\/product_tag?post=191513"}],"curies":[{"name":"wp","href":"https:\/\/api.w.org\/{rel}","templated":true}]}}