{"id":191526,"date":"2026-05-14T10:44:41","date_gmt":"2026-05-14T07:44:41","guid":{"rendered":"https:\/\/kingarms.ee\/product\/fx-crown-mkii-synthetic\/"},"modified":"2026-05-14T10:44:41","modified_gmt":"2026-05-14T07:44:41","slug":"fx-crown-mkii-synthetic","status":"publish","type":"product","link":"https:\/\/kingarms.ee\/fi\/product\/fx-crown-mkii-synthetic\/","title":{"rendered":"FX Crown MKII Synthetic"},"content":{"rendered":"","protected":false},"excerpt":{"rendered":"<p data-start=\"215\" data-end=\"953\">FX Crown MKII Synthetic on alkuper\u00e4isen FX Crown -mallin seuraaja, joka tarjoaa enemm\u00e4n tehoa, tarkkuutta ja s\u00e4\u00e4t\u00f6mahdollisuuksia. Edelliseen versioon verrattuna siin\u00e4 on 28% suurempi plenum, suurempi 6,5 mm venttiili ja optimoidut ilmakanavat, joiden ansiosta suorituskyky on selv\u00e4sti parempi. T\u00e4m\u00e4 sporttinen PCP-ilmakiv\u00e4\u00e4ri on varustettu 20 MOA:n Weaver\/Picatinny-kiskolla, joka antaa enemm\u00e4n k\u00e4ytt\u00f6kelpoista korkeuss\u00e4\u00e4t\u00f6varaa kiikarit\u00e4ht\u00e4imelle pidemmill\u00e4 ampumaet\u00e4isyyksill\u00e4. Malli on saatavilla kaliipereissa 4,5 mm (.177), 5,5 mm (.22), 6,35 mm (.25) ja 7,62 mm (.30), ja sen energia on versiosta sek\u00e4 s\u00e4\u00e4d\u00f6ist\u00e4 riippuen jopa 40, 60 tai 105 J. 480 cc hiilikuituinen ilmas\u00e4ili\u00f6 voidaan t\u00e4ytt\u00e4\u00e4 250 barin paineeseen, ja reguloitu PCP-j\u00e4rjestelm\u00e4 auttaa pit\u00e4m\u00e4\u00e4n toiminnan vakaana ja tasaisena.    <\/p>\n<p data-start=\"955\" data-end=\"2010\">FX:lle tyypilliseen tapaan Crown MKII Synthetic voidaan s\u00e4\u00e4t\u00e4\u00e4 tarkasti k\u00e4ytett\u00e4v\u00e4n kaliiperin ja ammuksen mukaan. Kiv\u00e4\u00e4riss\u00e4 on ulkoisesti s\u00e4\u00e4dett\u00e4v\u00e4 AMP-regulaattori, s\u00e4\u00e4dett\u00e4v\u00e4 venttiili ja tunnettu tehons\u00e4\u00e4t\u00f6py\u00f6r\u00e4, jolla vasarajousen esij\u00e4nnityst\u00e4 voidaan hienos\u00e4\u00e4t\u00e4\u00e4 sek\u00e4 makro- ett\u00e4 mikrotasolla. Superlight STX eli Smooth Twist X -piippuj\u00e4rjestelm\u00e4 k\u00e4ytt\u00e4\u00e4 vaihdettavia linereit\u00e4, joiden avulla rihlannousua ja jopa kaliiperia voidaan vaihtaa nopeasti; rihlaus puristetaan piippuun ulkopuolelta, mik\u00e4 tuottaa eritt\u00e4in sile\u00e4n, v\u00e4h\u00e4kitkaisen ja tarkkamittaisen sis\u00e4pinnan. FX Match -liipaisin on monipuolisesti s\u00e4\u00e4dett\u00e4v\u00e4: ensimm\u00e4isen vaiheen pituutta ja osittain painoa sek\u00e4 toisen vaiheen pituutta ja painoa voidaan s\u00e4\u00e4t\u00e4\u00e4 hyvin tarkasti, mik\u00e4 mahdollistaa eritt\u00e4in kevyen, jopa alle 500 gramman liipaisupainon. Huoltovapaa synteettinen tukki sopii molempik\u00e4tiseen k\u00e4ytt\u00f6\u00f6n ja sis\u00e4lt\u00e4\u00e4 ergonomisen thumbhole-muodon, korotetun poskipakan sek\u00e4 s\u00e4\u00e4dett\u00e4v\u00e4n pehme\u00e4n kumisen per\u00e4levyn. Kiv\u00e4\u00e4ri painaa 2812 g, piipun pituus on 600 mm ja kokonaispituus 1022 mm; avoimia t\u00e4ht\u00e4imi\u00e4 ei ole, optiikka ei sis\u00e4lly pakkaukseen, ja mukana toimitetaan laukku, t\u00e4ytt\u00f6adapteri ja lipas.     <\/p>\n","protected":false},"featured_media":191521,"template":"","meta":{"_acf_changed":false},"product_brand":[],"product_cat":[253,256],"product_tag":[],"class_list":{"0":"post-191526","1":"product","2":"type-product","3":"status-publish","4":"has-post-thumbnail","6":"product_cat-ilmakivaarit-4-5mm","7":"product_cat-hpa-fi","9":"first","10":"instock","11":"taxable","12":"shipping-taxable","13":"purchasable","14":"product-type-simple"},"acf":[],"_links":{"self":[{"href":"https:\/\/kingarms.ee\/fi\/wp-json\/wp\/v2\/product\/191526","targetHints":{"allow":["GET"]}}],"collection":[{"href":"https:\/\/kingarms.ee\/fi\/wp-json\/wp\/v2\/product"}],"about":[{"href":"https:\/\/kingarms.ee\/fi\/wp-json\/wp\/v2\/types\/product"}],"wp:featuredmedia":[{"embeddable":true,"href":"https:\/\/kingarms.ee\/fi\/wp-json\/wp\/v2\/media\/191521"}],"wp:attachment":[{"href":"https:\/\/kingarms.ee\/fi\/wp-json\/wp\/v2\/media?parent=191526"}],"wp:term":[{"taxonomy":"product_brand","embeddable":true,"href":"https:\/\/kingarms.ee\/fi\/wp-json\/wp\/v2\/product_brand?post=191526"},{"taxonomy":"product_cat","embeddable":true,"href":"https:\/\/kingarms.ee\/fi\/wp-json\/wp\/v2\/product_cat?post=191526"},{"taxonomy":"product_tag","embeddable":true,"href":"https:\/\/kingarms.ee\/fi\/wp-json\/wp\/v2\/product_tag?post=191526"}],"curies":[{"name":"wp","href":"https:\/\/api.w.org\/{rel}","templated":true}]}}