{"id":191556,"date":"2026-05-14T10:55:37","date_gmt":"2026-05-14T07:55:37","guid":{"rendered":"https:\/\/kingarms.ee\/product\/fx-drs-classic-walnut-grade-2-700\/"},"modified":"2026-05-14T10:55:37","modified_gmt":"2026-05-14T07:55:37","slug":"fx-drs-classic-walnut-grade-2-700","status":"publish","type":"product","link":"https:\/\/kingarms.ee\/fi\/product\/fx-drs-classic-walnut-grade-2-700\/","title":{"rendered":"FX DRS Classic Walnut Grade 2 700"},"content":{"rendered":"","protected":false},"excerpt":{"rendered":"<p data-start=\"241\" data-end=\"1048\">FX DRS Classic Walnut Grade 2 700 on tehokas PCP-ilmakiv\u00e4\u00e4ri, jossa perinteinen ulkon\u00e4k\u00f6 yhdistyy moderniin FX-teknologiaan. Ensimm\u00e4isen\u00e4 huomion kiinnitt\u00e4\u00e4 matala ja puhdas profiili: tavallista piipun alla olevaa ilmas\u00e4ili\u00f6t\u00e4 ei n\u00e4y, koska 307 cc ilmas\u00e4ili\u00f6 on sijoitettu piipun ymp\u00e4rille shroud-rakenteeksi. T\u00e4m\u00e4 ratkaisu antaa kiv\u00e4\u00e4rille minimalistisen ilmeen, tekee siit\u00e4 helpomman kuljettaa ja s\u00e4ilytt\u00e4\u00e4 sek\u00e4 tukee luonnollisempaa ampuma-asentoa. Malli k\u00e4ytt\u00e4\u00e4 reguloitua PCP-j\u00e4rjestelm\u00e4\u00e4 230 barin t\u00e4ytt\u00f6paineella ja on saatavilla kaliipereissa 4,5 mm (.177), 5,5 mm (.22) ja 6,35 mm (.25), energioilla jopa 56, 83 tai 94 J versiosta riippuen. 700 mm Superior STX -piippuj\u00e4rjestelm\u00e4ss\u00e4 on irrotettava lineri, jonka rihlaus on puristettu ulkopuolelta, mik\u00e4 tuottaa sile\u00e4n, v\u00e4h\u00e4kitkaisen sis\u00e4pinnan ja hyv\u00e4n tiivistyksen luodin tai slugin ymp\u00e4rille.    <\/p>\n<p data-start=\"1050\" data-end=\"2011\">FX DRS Classic Walnut Grade 2 700 on varustettu ulkoisesti s\u00e4\u00e4dett\u00e4v\u00e4ll\u00e4 MkII AMP -regulaattorilla, s\u00e4\u00e4dett\u00e4v\u00e4ll\u00e4 vasarajousen esij\u00e4nnityksell\u00e4 ja suurella SHP plenumilla, joka tarjoaa riitt\u00e4v\u00e4sti ilmatilavuutta my\u00f6s raskaammille slugeille. Tukin irrottamisen j\u00e4lkeen vasarajousen esij\u00e4nnityst\u00e4 voidaan s\u00e4\u00e4t\u00e4\u00e4: suurempi esij\u00e4nnitys pit\u00e4\u00e4 venttiilin pidemp\u00e4\u00e4n auki ja p\u00e4\u00e4st\u00e4\u00e4 enemm\u00e4n ilmaa l\u00e4pi, kun taas pienempi esij\u00e4nnitys s\u00e4\u00e4st\u00e4\u00e4 ilmaa ja auttaa s\u00e4ilytt\u00e4m\u00e4\u00e4n laukauksen tasapainon. T\u00e4ysin s\u00e4\u00e4dett\u00e4v\u00e4 liipaisin mahdollistaa ensimm\u00e4isen ja toisen vaiheen sek\u00e4 liipaisinkielen et\u00e4isyyden, korkeuden ja kierron tarkan s\u00e4\u00e4t\u00e4misen. Kaunis Walnut Grade 2 -p\u00e4hkin\u00e4puutukki on tunnetun italialaisen Minellin valmistama, ja se yhdist\u00e4\u00e4 ergonomian, laadukkaan viimeistelyn ja klassisen tyylin. Kiv\u00e4\u00e4riss\u00e4 on 11 mm Dovetail-kisko, avoimia t\u00e4ht\u00e4imi\u00e4 ei ole eik\u00e4 optiikka sis\u00e4lly pakkaukseen. Mukana toimitetaan mini-lipas, jonka ansiosta kiikarit\u00e4ht\u00e4in voidaan asentaa hyvin l\u00e4helle piippua, sek\u00e4 t\u00e4ytt\u00f6adapteri; viritys tapahtuu oikealla puolella olevalla hillityll\u00e4 sivuvivulla. Paino on 2500 g, kokonaispituus 1140 mm ja lippaan kapasiteetti kaliiperista riippuen 12, 14 tai 16 laukausta.      <\/p>\n","protected":false},"featured_media":191617,"template":"","meta":{"_acf_changed":false},"product_brand":[],"product_cat":[253,256],"product_tag":[],"class_list":{"0":"post-191556","1":"product","2":"type-product","3":"status-publish","4":"has-post-thumbnail","6":"product_cat-ilmakivaarit-4-5mm","7":"product_cat-hpa-fi","9":"first","10":"instock","11":"taxable","12":"shipping-taxable","13":"purchasable","14":"product-type-simple"},"acf":[],"_links":{"self":[{"href":"https:\/\/kingarms.ee\/fi\/wp-json\/wp\/v2\/product\/191556","targetHints":{"allow":["GET"]}}],"collection":[{"href":"https:\/\/kingarms.ee\/fi\/wp-json\/wp\/v2\/product"}],"about":[{"href":"https:\/\/kingarms.ee\/fi\/wp-json\/wp\/v2\/types\/product"}],"wp:featuredmedia":[{"embeddable":true,"href":"https:\/\/kingarms.ee\/fi\/wp-json\/wp\/v2\/media\/191617"}],"wp:attachment":[{"href":"https:\/\/kingarms.ee\/fi\/wp-json\/wp\/v2\/media?parent=191556"}],"wp:term":[{"taxonomy":"product_brand","embeddable":true,"href":"https:\/\/kingarms.ee\/fi\/wp-json\/wp\/v2\/product_brand?post=191556"},{"taxonomy":"product_cat","embeddable":true,"href":"https:\/\/kingarms.ee\/fi\/wp-json\/wp\/v2\/product_cat?post=191556"},{"taxonomy":"product_tag","embeddable":true,"href":"https:\/\/kingarms.ee\/fi\/wp-json\/wp\/v2\/product_tag?post=191556"}],"curies":[{"name":"wp","href":"https:\/\/api.w.org\/{rel}","templated":true}]}}