{"id":191592,"date":"2026-05-14T11:16:13","date_gmt":"2026-05-14T08:16:13","guid":{"rendered":"https:\/\/kingarms.ee\/product\/fx-drs-classic-walnut-600\/"},"modified":"2026-05-14T11:16:13","modified_gmt":"2026-05-14T08:16:13","slug":"fx-drs-classic-walnut-600","status":"publish","type":"product","link":"https:\/\/kingarms.ee\/fi\/product\/fx-drs-classic-walnut-600\/","title":{"rendered":"FX DRS Classic Walnut 600"},"content":{"rendered":"","protected":false},"excerpt":{"rendered":"<p data-start=\"228\" data-end=\"1052\">FX DRS Classic Walnut 600 on tehokas PCP-ilmakiv\u00e4\u00e4ri, jossa klassinen ulkon\u00e4k\u00f6 yhdistyy moderniin FX-teknologiaan. Ensimm\u00e4isen\u00e4 huomion kiinnitt\u00e4\u00e4 matala ja siisti profiili: tavallista piipun alla olevaa ilmas\u00e4ili\u00f6t\u00e4 ei n\u00e4y, koska 260 cc ilmas\u00e4ili\u00f6 on sijoitettu piipun ymp\u00e4rille shroud-rakenteeksi. T\u00e4m\u00e4 ratkaisu antaa kiv\u00e4\u00e4rille minimalistisen ilmeen, helpottaa kuljetusta ja s\u00e4ilytyst\u00e4 sek\u00e4 tukee luonnollisempaa ampuma-asentoa. Malli k\u00e4ytt\u00e4\u00e4 reguloitua PCP-j\u00e4rjestelm\u00e4\u00e4 230 barin t\u00e4ytt\u00f6paineella ja on saatavilla kaliipereissa 4,5 mm (.177), 5,5 mm (.22) ja 6,35 mm (.25), energioilla jopa 26, 46 tai 64 J versiosta ja s\u00e4\u00e4d\u00f6ist\u00e4 riippuen. 600 mm Superior STX -piippuj\u00e4rjestelm\u00e4ss\u00e4 on irrotettava lineri, jonka rihlaus on puristettu ulkopuolelta, mik\u00e4 tuottaa sile\u00e4n, v\u00e4h\u00e4kitkaisen sis\u00e4pinnan ja hyv\u00e4n tiivistyksen luodin tai slugin ymp\u00e4rille.    <\/p>\n<p data-start=\"1054\" data-end=\"2105\">FX DRS Classic Walnut 600 on varustettu ulkoisesti s\u00e4\u00e4dett\u00e4v\u00e4ll\u00e4 MkII AMP -regulaattorilla, s\u00e4\u00e4dett\u00e4v\u00e4ll\u00e4 vasarajousen esij\u00e4nnityksell\u00e4 ja FX High Power plenumilla, joka tarjoaa vakaan m\u00e4\u00e4r\u00e4n reguloitua ilmaa jokaista laukausta varten. Tukin irrottamisen j\u00e4lkeen vasarajousen esij\u00e4nnityst\u00e4 voidaan s\u00e4\u00e4t\u00e4\u00e4: suurempi esij\u00e4nnitys pit\u00e4\u00e4 venttiilin pidemp\u00e4\u00e4n auki ja p\u00e4\u00e4st\u00e4\u00e4 enemm\u00e4n ilmaa l\u00e4pi, kun taas pienempi esij\u00e4nnitys sulkee venttiilin nopeammin, s\u00e4\u00e4st\u00e4\u00e4 ilmaa ja auttaa s\u00e4ilytt\u00e4m\u00e4\u00e4n laukauksen tasapainon. T\u00e4ysin s\u00e4\u00e4dett\u00e4v\u00e4 liipaisin mahdollistaa ensimm\u00e4isen ja toisen vaiheen sek\u00e4 liipaisinkielen et\u00e4isyyden, korkeuden ja kierron tarkan s\u00e4\u00e4t\u00e4misen. Kaunis p\u00e4hkin\u00e4puutukki on tunnetun italialaisen Minellin valmistama, ja se yhdist\u00e4\u00e4 hyv\u00e4n ergonomian, laadukkaan viimeistelyn ja tyylikk\u00e4\u00e4n klassisen ulkon\u00e4\u00f6n. Kiv\u00e4\u00e4riss\u00e4 on 11 mm Dovetail-kisko, avoimia t\u00e4ht\u00e4imi\u00e4 ei ole eik\u00e4 optiikka sis\u00e4lly pakkaukseen. Mukana toimitetaan mini-lipas, jonka ansiosta kiikarit\u00e4ht\u00e4in voidaan asentaa hyvin l\u00e4helle piippua, sek\u00e4 t\u00e4ytt\u00f6adapteri; viritys tapahtuu oikealla puolella olevalla hillityll\u00e4 sivuvivulla. Paino on 2350 g, kokonaispituus 1040 mm ja lippaan kapasiteetti kaliiperista riippuen 12, 14 tai 16 laukausta.      <\/p>\n","protected":false},"featured_media":191611,"template":"","meta":{"_acf_changed":false},"product_brand":[],"product_cat":[253,256],"product_tag":[],"class_list":{"0":"post-191592","1":"product","2":"type-product","3":"status-publish","4":"has-post-thumbnail","6":"product_cat-ilmakivaarit-4-5mm","7":"product_cat-hpa-fi","9":"first","10":"instock","11":"taxable","12":"shipping-taxable","13":"purchasable","14":"product-type-simple"},"acf":[],"_links":{"self":[{"href":"https:\/\/kingarms.ee\/fi\/wp-json\/wp\/v2\/product\/191592","targetHints":{"allow":["GET"]}}],"collection":[{"href":"https:\/\/kingarms.ee\/fi\/wp-json\/wp\/v2\/product"}],"about":[{"href":"https:\/\/kingarms.ee\/fi\/wp-json\/wp\/v2\/types\/product"}],"wp:featuredmedia":[{"embeddable":true,"href":"https:\/\/kingarms.ee\/fi\/wp-json\/wp\/v2\/media\/191611"}],"wp:attachment":[{"href":"https:\/\/kingarms.ee\/fi\/wp-json\/wp\/v2\/media?parent=191592"}],"wp:term":[{"taxonomy":"product_brand","embeddable":true,"href":"https:\/\/kingarms.ee\/fi\/wp-json\/wp\/v2\/product_brand?post=191592"},{"taxonomy":"product_cat","embeddable":true,"href":"https:\/\/kingarms.ee\/fi\/wp-json\/wp\/v2\/product_cat?post=191592"},{"taxonomy":"product_tag","embeddable":true,"href":"https:\/\/kingarms.ee\/fi\/wp-json\/wp\/v2\/product_tag?post=191592"}],"curies":[{"name":"wp","href":"https:\/\/api.w.org\/{rel}","templated":true}]}}