{"id":191672,"date":"2026-05-14T11:48:20","date_gmt":"2026-05-14T08:48:20","guid":{"rendered":"https:\/\/kingarms.ee\/product\/agn-technology-vulcan-3-500-bps\/"},"modified":"2026-05-14T11:48:20","modified_gmt":"2026-05-14T08:48:20","slug":"agn-technology-vulcan-3-500-bps","status":"publish","type":"product","link":"https:\/\/kingarms.ee\/fi\/product\/agn-technology-vulcan-3-500-bps\/","title":{"rendered":"AGN Technology Vulcan 3 500 BPS"},"content":{"rendered":"","protected":false},"excerpt":{"rendered":"<p data-start=\"270\" data-end=\"1191\">AGN Technology Vulcan 3 500 BPS on Vulcan-sarjan kolmannen sukupolven PCP-ilmakiv\u00e4\u00e4ri, jossa on keskitytty suurempaan ilmakapasiteettiin, parempaan k\u00e4ytt\u00f6mukavuuteen ja vakaampaan ampumakokemukseen. Vulcan 3 -sarja on saatavilla 500- ja 700-versioina, jotka eroavat toisistaan piipun pituuden ja ilmakapasiteetin osalta; t\u00e4m\u00e4 malli k\u00e4ytt\u00e4\u00e4 500 mm CZ:n kylm\u00e4taottua piippua, 480 cc hiilikuituista ilmas\u00e4ili\u00f6t\u00e4 ja tarjoaa yhteens\u00e4 615 cc paineistettua ilmatilavuutta. Aiempiin sukupolviin verrattuna ilman m\u00e4\u00e4r\u00e4 on kasvanut merkitt\u00e4v\u00e4sti, sill\u00e4 ulkoinen ja sis\u00e4inen ilmas\u00e4ili\u00f6 toimivat yhdess\u00e4. Sis\u00e4inen s\u00e4ili\u00f6 on jaettu regulaattorilla kahteen osaan, mik\u00e4 mahdollistaa suuremman plenumin k\u00e4yt\u00f6n tehokkaampiin laukauksiin tai pienemm\u00e4n plenumin k\u00e4yt\u00f6n matalampaan tehoon. Kiv\u00e4\u00e4ri toimii 300 barin t\u00e4ytt\u00f6paineella, siin\u00e4 on reguloitu PCP-j\u00e4rjestelm\u00e4 ja se on saatavilla kaliipereissa 4,5 mm (.177), 5,5 mm (.22), 6,35 mm (.25) ja 7,62 mm (.30), energioilla jopa 24, 42, 62 tai 102 J kaliiperista riippuen.    <\/p>\n<p data-start=\"1193\" data-end=\"2140\">Parannettu BPS-tukki on valmistettu synteettisest\u00e4 materiaalista ja soveltuu molempik\u00e4tiseen k\u00e4ytt\u00f6\u00f6n. Hieman korotettu per\u00e4levy tarjoaa mukavamman ampuma-asennon, ja monoblock-rakenne on valmistettu yhten\u00e4 kappaleena yhdess\u00e4 Weaver\/Picatinny-kiskon kanssa; 20 MOA:n kallistus tekee siit\u00e4 k\u00e4yt\u00e4nn\u00f6llisen pitk\u00e4n matkan ammuntaan. Kun yl\u00e4puolinen Weaver\/Picatinny-kisko poistetaan, sivuvipu voidaan asentaa kummalle puolelle kiv\u00e4\u00e4ri\u00e4 tahansa. Vulcan 3:n \u00e4\u00e4nenvaimenninta on suurennettu ja parannettu, ja suurempi sis\u00e4tilavuus auttaa vaimentamaan laukaus\u00e4\u00e4nt\u00e4 tehokkaammin; tarvittaessa suulle voidaan kiinnitt\u00e4\u00e4 my\u00f6s lis\u00e4vaimennin. Etutukissa on Weaver\/Picatinny-kisko bipodin tai muiden lis\u00e4varusteiden kiinnitt\u00e4mist\u00e4 varten, ja se voidaan irrottaa helposti kahdella ruuvilla. AGN:n lipasrakenne on s\u00e4ilytetty yhteensopivana, joten aiempien Vulcan-sukupolvien lippaita voidaan k\u00e4ytt\u00e4\u00e4 my\u00f6s Vulcan 3:ssa. Kiv\u00e4\u00e4ri painaa 3600 g, kokonaispituus on 800 mm, eik\u00e4 optiikkaa tai avoimia t\u00e4ht\u00e4imi\u00e4 toimiteta mukana. Pakkaukseen sis\u00e4ltyy 2 lipasta, t\u00e4ytt\u00f6sarja, O-renkaat ja pehme\u00e4 kantolaukku.      <\/p>\n","protected":false},"featured_media":191661,"template":"","meta":{"_acf_changed":false},"product_brand":[],"product_cat":[253,256],"product_tag":[],"class_list":{"0":"post-191672","1":"product","2":"type-product","3":"status-publish","4":"has-post-thumbnail","6":"product_cat-ilmakivaarit-4-5mm","7":"product_cat-hpa-fi","9":"first","10":"instock","11":"taxable","12":"shipping-taxable","13":"purchasable","14":"product-type-simple"},"acf":[],"_links":{"self":[{"href":"https:\/\/kingarms.ee\/fi\/wp-json\/wp\/v2\/product\/191672","targetHints":{"allow":["GET"]}}],"collection":[{"href":"https:\/\/kingarms.ee\/fi\/wp-json\/wp\/v2\/product"}],"about":[{"href":"https:\/\/kingarms.ee\/fi\/wp-json\/wp\/v2\/types\/product"}],"wp:featuredmedia":[{"embeddable":true,"href":"https:\/\/kingarms.ee\/fi\/wp-json\/wp\/v2\/media\/191661"}],"wp:attachment":[{"href":"https:\/\/kingarms.ee\/fi\/wp-json\/wp\/v2\/media?parent=191672"}],"wp:term":[{"taxonomy":"product_brand","embeddable":true,"href":"https:\/\/kingarms.ee\/fi\/wp-json\/wp\/v2\/product_brand?post=191672"},{"taxonomy":"product_cat","embeddable":true,"href":"https:\/\/kingarms.ee\/fi\/wp-json\/wp\/v2\/product_cat?post=191672"},{"taxonomy":"product_tag","embeddable":true,"href":"https:\/\/kingarms.ee\/fi\/wp-json\/wp\/v2\/product_tag?post=191672"}],"curies":[{"name":"wp","href":"https:\/\/api.w.org\/{rel}","templated":true}]}}