{"id":191742,"date":"2026-05-14T23:21:46","date_gmt":"2026-05-14T20:21:46","guid":{"rendered":"https:\/\/kingarms.ee\/product\/fx-drs-pro-mdt-700\/"},"modified":"2026-05-14T23:21:46","modified_gmt":"2026-05-14T20:21:46","slug":"fx-drs-pro-mdt-700","status":"publish","type":"product","link":"https:\/\/kingarms.ee\/fi\/product\/fx-drs-pro-mdt-700\/","title":{"rendered":"FX DRS Pro MDT 700"},"content":{"rendered":"","protected":false},"excerpt":{"rendered":"<p data-start=\"310\" data-end=\"1157\">FX DRS Pro MDT 700 on tehokas ja modernin n\u00e4k\u00f6inen PCP-ilmakiv\u00e4\u00e4ri, joka on suunniteltu erityisesti pitk\u00e4n matkan tarkkuusammuntaan ja PRS-tyyliseen slug-ammuntaan. Ensimm\u00e4isen\u00e4 huomion kiinnitt\u00e4\u00e4 matala profiili: perinteist\u00e4 piipun alla olevaa ilmas\u00e4ili\u00f6t\u00e4 ei ole, koska 307 cc ilmas\u00e4ili\u00f6 on sijoitettu piipun ymp\u00e4rille shroud-rakenteeksi. T\u00e4m\u00e4 antaa kiv\u00e4\u00e4rille selke\u00e4n ja minimalistisen ulkon\u00e4\u00f6n, helpottaa kuljetusta ja s\u00e4ilytyst\u00e4 sek\u00e4 tukee vakaampaa ampuma-asentoa. Malli k\u00e4ytt\u00e4\u00e4 reguloitua PCP-j\u00e4rjestelm\u00e4\u00e4 230 barin t\u00e4ytt\u00f6paineella ja on saatavilla kaliipereissa 4,5 mm (.177), 5,5 mm (.22) ja 6,35 mm (.25), energioilla jopa 56, 98 tai 113 J versiosta ja s\u00e4\u00e4d\u00f6ist\u00e4 riippuen. 700 mm Superior STX -piippuj\u00e4rjestelm\u00e4ss\u00e4 on irrotettava lineri, jonka rihlaus puristetaan ulkopuolelta, jotta piipun sis\u00e4pinta pysyy sile\u00e4n\u00e4, kitka v\u00e4h\u00e4isen\u00e4 ja tiivistys slugin ymp\u00e4rill\u00e4 mahdollisimman hyv\u00e4n\u00e4.    <\/p>\n<p data-start=\"1159\" data-end=\"2192\">FX DRS Pro MDT 700:n keskeinen osa on MDT ACC Elite -alumiinichassis, jonka MDT on muokannut erityisesti FX DRS Pro -alustaa varten. Se on kevyt, eritt\u00e4in j\u00e4ykk\u00e4 ja suunniteltu toistettavaan, vakaaseen kilpailuasentoon. Tasapainoon on panostettu paljon: barricade block on siirretty tavallista taaemmas, mik\u00e4 parantaa kiv\u00e4\u00e4rin perusbalanssia. MDT Premiere GEN2 -per\u00e4 on my\u00f6s koneistettu kevyest\u00e4 alumiinista, ja siin\u00e4 on pituuss\u00e4\u00e4t\u00f6 sek\u00e4 korkeuss\u00e4\u00e4dett\u00e4v\u00e4 poskipakka. Kiv\u00e4\u00e4riss\u00e4 on ulkoisesti s\u00e4\u00e4dett\u00e4v\u00e4 MkII AMP -regulaattori, s\u00e4\u00e4dett\u00e4v\u00e4 vasarajousen esij\u00e4nnitys, 63 cc SHP plenum sek\u00e4 Slug Power kit, johon kuuluvat slug probe ja raskaampi vasarapaino. Match-tason liipaisin on t\u00e4ysin s\u00e4\u00e4dett\u00e4v\u00e4: ensimm\u00e4inen ja toinen vaihe, liipaisinkielen et\u00e4isyys, korkeus ja kierto voidaan sovittaa k\u00e4ytt\u00e4j\u00e4n ampumatyyliin. Vakiovarustukseen kuuluvat mini-lipas ja matala 30 MOA Weaver\/Picatinny-kisko, ja chassiksen M-LOK-paikkoihin voidaan asentaa lis\u00e4painoja balanssin hienos\u00e4\u00e4t\u00f6\u00e4 varten. Paino on 3500 g, kokonaispituus 1115\u20131141 mm, eik\u00e4 avoimia t\u00e4ht\u00e4imi\u00e4 tai optiikkaa toimiteta mukana; pakkaukseen sis\u00e4ltyy laukku, t\u00e4ytt\u00f6adapteri ja lipas.      <\/p>\n","protected":false},"featured_media":191701,"template":"","meta":{"_acf_changed":false},"product_brand":[],"product_cat":[253,256],"product_tag":[],"class_list":{"0":"post-191742","1":"product","2":"type-product","3":"status-publish","4":"has-post-thumbnail","6":"product_cat-ilmakivaarit-4-5mm","7":"product_cat-hpa-fi","9":"first","10":"instock","11":"taxable","12":"shipping-taxable","13":"purchasable","14":"product-type-simple"},"acf":[],"_links":{"self":[{"href":"https:\/\/kingarms.ee\/fi\/wp-json\/wp\/v2\/product\/191742","targetHints":{"allow":["GET"]}}],"collection":[{"href":"https:\/\/kingarms.ee\/fi\/wp-json\/wp\/v2\/product"}],"about":[{"href":"https:\/\/kingarms.ee\/fi\/wp-json\/wp\/v2\/types\/product"}],"wp:featuredmedia":[{"embeddable":true,"href":"https:\/\/kingarms.ee\/fi\/wp-json\/wp\/v2\/media\/191701"}],"wp:attachment":[{"href":"https:\/\/kingarms.ee\/fi\/wp-json\/wp\/v2\/media?parent=191742"}],"wp:term":[{"taxonomy":"product_brand","embeddable":true,"href":"https:\/\/kingarms.ee\/fi\/wp-json\/wp\/v2\/product_brand?post=191742"},{"taxonomy":"product_cat","embeddable":true,"href":"https:\/\/kingarms.ee\/fi\/wp-json\/wp\/v2\/product_cat?post=191742"},{"taxonomy":"product_tag","embeddable":true,"href":"https:\/\/kingarms.ee\/fi\/wp-json\/wp\/v2\/product_tag?post=191742"}],"curies":[{"name":"wp","href":"https:\/\/api.w.org\/{rel}","templated":true}]}}