{"id":192047,"date":"2026-05-15T11:23:51","date_gmt":"2026-05-15T08:23:51","guid":{"rendered":"https:\/\/kingarms.ee\/product\/fx-leopard-standard-bottle\/"},"modified":"2026-05-15T11:23:51","modified_gmt":"2026-05-15T08:23:51","slug":"fx-leopard-standard-bottle","status":"publish","type":"product","link":"https:\/\/kingarms.ee\/fi\/product\/fx-leopard-standard-bottle\/","title":{"rendered":"FX Leopard Standard Bottle"},"content":{"rendered":"","protected":false},"excerpt":{"rendered":"<p data-start=\"349\" data-end=\"1185\">FX Leopard Standard Bottle on bullpup-rakenteinen PCP-ilmakiv\u00e4\u00e4ri, joka yhdist\u00e4\u00e4 tarkkuuden, tehon ja monipuolisen s\u00e4\u00e4dett\u00e4vyyden kompaktiin mutta suorituskykyiseen kokonaisuuteen. Mallissa k\u00e4ytet\u00e4\u00e4n FX:n uusimpia teknisi\u00e4 ratkaisuja, mukaan lukien tukin sis\u00e4\u00e4n sijoitettu 54 cc Power Plenum, joka toimii regulaattorin ja venttiilin v\u00e4lisen\u00e4 ilmapuskurina. Bottle-versio sopii erityisesti pitk\u00e4n matkan ammuntaan ja benchrest-k\u00e4ytt\u00f6\u00f6n, sill\u00e4 piipun ymp\u00e4rille sijoitetun 260 cc PCP-s\u00e4ili\u00f6n lis\u00e4ksi kiv\u00e4\u00e4riss\u00e4 on 480 cc hiilikuitupullo. Kokonaisilmam\u00e4\u00e4r\u00e4 on 740 cc, mik\u00e4 v\u00e4hent\u00e4\u00e4 tarvetta tiheille t\u00e4yt\u00f6ille ja tekee mallista k\u00e4yt\u00e4nn\u00f6llisen pidempiin ampumasessioihin. Kiv\u00e4\u00e4ri toimii 250 barin t\u00e4ytt\u00f6paineella, siin\u00e4 on reguloitu PCP-j\u00e4rjestelm\u00e4 ja se on saatavilla kaliipereissa 4,5 mm (.177), 5,5 mm (.22), 6,35 mm (.25) ja 7,62 mm (.30), energioilla jopa 58, 100, 115 tai 138 J kaliiperista ja s\u00e4\u00e4d\u00f6ist\u00e4 riippuen.    <\/p>\n<p data-start=\"1187\" data-end=\"2209\">FX Leopard Standard Bottle k\u00e4ytt\u00e4\u00e4 ulkoisesti s\u00e4\u00e4dett\u00e4v\u00e4\u00e4 AMP MkII -regulaattoria, joka hallitsee Power Plenumiin tulevaa painetta ja mahdollistaa kiv\u00e4\u00e4rin sovittamisen valitulle ammukselle. Quick Tune -j\u00e4rjestelm\u00e4 antaa mahdollisuuden hienos\u00e4\u00e4t\u00e4\u00e4 ilmavirtausta vasaran voiman makro- ja mikros\u00e4\u00e4d\u00f6ill\u00e4. STX Superior Heavy Liner on optimoitu raskaammille diabolo-luodeille ja slugeille: hieman muokattu choke ja uraprofiili sek\u00e4 sile\u00e4 1:18 rihlaus, joka on puristettu ulkopuolelta, auttavat v\u00e4hent\u00e4m\u00e4\u00e4n kitkaa ja parantamaan tiivistyst\u00e4 ammuksen ymp\u00e4rill\u00e4. Kiv\u00e4\u00e4riss\u00e4 on 20 MOA Weaver\/Picatinny-kiikarikisko, Weaver\/Picatinny-lis\u00e4varustekisko, s\u00e4\u00e4dett\u00e4v\u00e4 kaksivaiheinen liipaisin, ilman ty\u00f6kaluja korkeuss\u00e4\u00e4dett\u00e4v\u00e4 per\u00e4levy, pehme\u00e4 ja pit\u00e4v\u00e4 FX UG1 -kahva sek\u00e4 molemminpuolinen varmistin. Py\u00f6riv\u00e4 lipas hyv\u00e4ksyy jopa 13 mm pitk\u00e4t ammukset, my\u00f6s raskaat slugit, ja \u00bdx20&#8243; suukierre mahdollistaa \u00e4\u00e4nenvaimentimen kiinnitt\u00e4misen. Paino on 4000 g, piipun pituus 600 mm ja kokonaispituus 805 mm; avoimia t\u00e4ht\u00e4imi\u00e4 tai optiikkaa ei toimiteta mukana, pakkaukseen sis\u00e4ltyy t\u00e4ytt\u00f6adapteri ja lipas.   <\/p>\n","protected":false},"featured_media":191970,"template":"","meta":{"_acf_changed":false},"product_brand":[],"product_cat":[253,256],"product_tag":[],"class_list":{"0":"post-192047","1":"product","2":"type-product","3":"status-publish","4":"has-post-thumbnail","6":"product_cat-ilmakivaarit-4-5mm","7":"product_cat-hpa-fi","9":"first","10":"instock","11":"taxable","12":"shipping-taxable","13":"purchasable","14":"product-type-simple"},"acf":[],"_links":{"self":[{"href":"https:\/\/kingarms.ee\/fi\/wp-json\/wp\/v2\/product\/192047","targetHints":{"allow":["GET"]}}],"collection":[{"href":"https:\/\/kingarms.ee\/fi\/wp-json\/wp\/v2\/product"}],"about":[{"href":"https:\/\/kingarms.ee\/fi\/wp-json\/wp\/v2\/types\/product"}],"wp:featuredmedia":[{"embeddable":true,"href":"https:\/\/kingarms.ee\/fi\/wp-json\/wp\/v2\/media\/191970"}],"wp:attachment":[{"href":"https:\/\/kingarms.ee\/fi\/wp-json\/wp\/v2\/media?parent=192047"}],"wp:term":[{"taxonomy":"product_brand","embeddable":true,"href":"https:\/\/kingarms.ee\/fi\/wp-json\/wp\/v2\/product_brand?post=192047"},{"taxonomy":"product_cat","embeddable":true,"href":"https:\/\/kingarms.ee\/fi\/wp-json\/wp\/v2\/product_cat?post=192047"},{"taxonomy":"product_tag","embeddable":true,"href":"https:\/\/kingarms.ee\/fi\/wp-json\/wp\/v2\/product_tag?post=192047"}],"curies":[{"name":"wp","href":"https:\/\/api.w.org\/{rel}","templated":true}]}}