{"id":192077,"date":"2026-05-15T11:32:09","date_gmt":"2026-05-15T08:32:09","guid":{"rendered":"https:\/\/kingarms.ee\/product\/agn-technology-vixen-2-long\/"},"modified":"2026-05-15T11:32:09","modified_gmt":"2026-05-15T08:32:09","slug":"agn-technology-vixen-2-long","status":"publish","type":"product","link":"https:\/\/kingarms.ee\/fi\/product\/agn-technology-vixen-2-long\/","title":{"rendered":"AGN Technology Vixen 2 Long"},"content":{"rendered":"","protected":false},"excerpt":{"rendered":"<p data-start=\"281\" data-end=\"971\">AGN Technology Vixen 2 Long on tehokas ja modulaarinen PCP-ilmakiv\u00e4\u00e4ri, joka jatkaa alkuper\u00e4isen Vixen-mallin selke\u00e4\u00e4 taktista muotoilua. Alkuper\u00e4iseen Vixeniin verrattuna Vixen 2:ssa on l\u00e4hes kaksinkertainen power plenum, mik\u00e4 parantaa suorituskyky\u00e4 s\u00e4ilytt\u00e4en samalla kiv\u00e4\u00e4rin siistin, minimalistisen ja modernin ulkon\u00e4\u00f6n. Rakenteellinen ilmas\u00e4ili\u00f6 on integroitu suoraan tukkiin, mik\u00e4 auttaa pit\u00e4m\u00e4\u00e4n rakenteen j\u00e4ykk\u00e4n\u00e4, kevyen\u00e4 ja hyvin tasapainoisena. Malli toimii 300 barin t\u00e4ytt\u00f6paineella, siin\u00e4 on 250 cc ilmas\u00e4ili\u00f6 ja reguloitu PCP-j\u00e4rjestelm\u00e4. AGN Technology Vixen 2 Long on saatavilla kaliipereissa 4,5 mm (.177) ja 5,5 mm (.22), energioilla jopa 32 tai 54 J versiosta riippuen.    <\/p>\n<p data-start=\"973\" data-end=\"1916\">Weaver\/Picatinny-kisko seuraa sulavasti toiminnan ja piipun linjoja, mahdollistaen optiikan ja lis\u00e4varusteiden vaivattoman kiinnitt\u00e4misen; yl\u00e4kisko sopii hyvin kiikarit\u00e4ht\u00e4imelle tai punapistet\u00e4ht\u00e4imelle. Uudistetussa alumiinisessa etutukissa on integroitu Arca-Swiss-adapteri, joka antaa lis\u00e4\u00e4 vaihtoehtoja tripodi- ja bipodik\u00e4ytt\u00f6\u00f6n. T\u00e4ysin vaipallinen piippu auttaa vaimentamaan laukaus\u00e4\u00e4nt\u00e4, ja lis\u00e4ksi suulle voidaan kiinnitt\u00e4\u00e4 erillinen vaimennin viel\u00e4 hiljaisempaa k\u00e4ytt\u00f6\u00e4 varten. Etutukki suojaa piippua k\u00e4sittelyj\u00e4ljilt\u00e4 ja lis\u00e4\u00e4 kiv\u00e4\u00e4rin modernia ilmett\u00e4. K\u00e4\u00e4nnett\u00e4v\u00e4 sivuvipuvireistys toimii sulavasti biathlon-tyyliin ja voidaan asentaa kummalle puolelle tahansa oikea- tai vasenk\u00e4tiselle ampujalle. K\u00e4ytt\u00e4j\u00e4yst\u00e4v\u00e4llisiin ominaisuuksiin kuuluvat teksturoidussa pistoolikahvassa sijaitseva manuaalivarmistin, ilmanpainemittari sek\u00e4 molempik\u00e4tinen synteettinen tukki. Paino on 2750 g, piipun pituus 500 mm ja kokonaispituus 997 mm; avoimia t\u00e4ht\u00e4imi\u00e4 tai optiikkaa ei toimiteta mukana, pakkaukseen sis\u00e4ltyy 2 lipasta, tyhjennysty\u00f6kalu ja t\u00e4ytt\u00f6adapteri.      <\/p>\n","protected":false},"featured_media":192054,"template":"","meta":{"_acf_changed":false},"product_brand":[],"product_cat":[253,256],"product_tag":[],"class_list":{"0":"post-192077","1":"product","2":"type-product","3":"status-publish","4":"has-post-thumbnail","6":"product_cat-ilmakivaarit-4-5mm","7":"product_cat-hpa-fi","9":"first","10":"instock","11":"taxable","12":"shipping-taxable","13":"purchasable","14":"product-type-simple"},"acf":[],"_links":{"self":[{"href":"https:\/\/kingarms.ee\/fi\/wp-json\/wp\/v2\/product\/192077","targetHints":{"allow":["GET"]}}],"collection":[{"href":"https:\/\/kingarms.ee\/fi\/wp-json\/wp\/v2\/product"}],"about":[{"href":"https:\/\/kingarms.ee\/fi\/wp-json\/wp\/v2\/types\/product"}],"wp:featuredmedia":[{"embeddable":true,"href":"https:\/\/kingarms.ee\/fi\/wp-json\/wp\/v2\/media\/192054"}],"wp:attachment":[{"href":"https:\/\/kingarms.ee\/fi\/wp-json\/wp\/v2\/media?parent=192077"}],"wp:term":[{"taxonomy":"product_brand","embeddable":true,"href":"https:\/\/kingarms.ee\/fi\/wp-json\/wp\/v2\/product_brand?post=192077"},{"taxonomy":"product_cat","embeddable":true,"href":"https:\/\/kingarms.ee\/fi\/wp-json\/wp\/v2\/product_cat?post=192077"},{"taxonomy":"product_tag","embeddable":true,"href":"https:\/\/kingarms.ee\/fi\/wp-json\/wp\/v2\/product_tag?post=192077"}],"curies":[{"name":"wp","href":"https:\/\/api.w.org\/{rel}","templated":true}]}}