{"id":192131,"date":"2026-05-15T12:00:01","date_gmt":"2026-05-15T09:00:01","guid":{"rendered":"https:\/\/kingarms.ee\/product\/epic-airguns-two-tactical-compact-czub-cfb\/"},"modified":"2026-05-15T12:00:01","modified_gmt":"2026-05-15T09:00:01","slug":"epic-airguns-two-tactical-compact-czub-cfb","status":"publish","type":"product","link":"https:\/\/kingarms.ee\/fi\/product\/epic-airguns-two-tactical-compact-czub-cfb\/","title":{"rendered":"Epic Airguns Two Tactical Compact CZUB CFB"},"content":{"rendered":"","protected":false},"excerpt":{"rendered":"<p data-start=\"336\" data-end=\"999\">Epic Airguns Two Tactical Compact CZUB CFB on kompakti ja eritt\u00e4in tarkka PCP-ilmakiv\u00e4\u00e4ri, joka on suunniteltu keskipitkille ja pitkille ampumaet\u00e4isyyksille. Mallissa on 300 mm CZUB non-choked -piippu sek\u00e4 30 MOA:n Weaver\/Picatinny-kiikarikisko, joka auttaa kompensoimaan ammuksen lentoradan laskua ja pit\u00e4m\u00e4\u00e4n kohteen t\u00e4ht\u00e4imess\u00e4 my\u00f6s pidemmill\u00e4 matkoilla. Avoimia t\u00e4ht\u00e4imi\u00e4 ei ole, koska kiv\u00e4\u00e4ri on tarkoitettu k\u00e4ytett\u00e4v\u00e4ksi optiikan kanssa. Etutukin alla on lyhyt Weaver\/Picatinny-lis\u00e4varustekisko ja Arca-Swiss-kisko, joiden avulla kiv\u00e4\u00e4ri voidaan kiinnitt\u00e4\u00e4 tripodiin tai siihen voidaan asentaa bipodi. Kun bipodia k\u00e4ytet\u00e4\u00e4n yhdess\u00e4 tukin alla olevan bag riderin kanssa, kiv\u00e4\u00e4ri voidaan tukea eritt\u00e4in vakaasti ampuma-alustalle.    <\/p>\n<p data-start=\"1001\" data-end=\"2003\">CFB-versiossa k\u00e4ytet\u00e4\u00e4n 300 cc hiilikuitupulloa, jonka t\u00e4ytt\u00f6paine on enint\u00e4\u00e4n 300 bar. Pullo sijaitsee piipun alla ja sit\u00e4 suojaa alapuolelta lis\u00e4varustekisko; j\u00e4ljell\u00e4 oleva t\u00e4ytt\u00f6paine n\u00e4kyy rungon vasemmalla puolella olevasta painemittarista. Kiv\u00e4\u00e4riss\u00e4 on ulkoisesti s\u00e4\u00e4dett\u00e4v\u00e4 regulaattori, joka sijaitsee heti CFB-pullon takana, ja regulaattorin painetta voidaan seurata lis\u00e4varustekiskon alaosassa olevan aukon kautta. Lis\u00e4ksi vasarajousen esij\u00e4nnitys on s\u00e4\u00e4dett\u00e4viss\u00e4 ulkoisesti, mik\u00e4 antaa hyv\u00e4n hallinnan ilmam\u00e4\u00e4r\u00e4\u00e4n, nopeuteen ja laukauksen vakauteen. Taittuva tukki lyhent\u00e4\u00e4 kokonaispituuden 790 mm:st\u00e4 550 mm:iin, mik\u00e4 helpottaa kuljetusta ja s\u00e4ilytyst\u00e4. Poskipakka s\u00e4\u00e4tyy korkeussuunnassa, per\u00e4levy pituussuunnassa, ja ergonominen AR-tyylinen kahva muotoilluilla sormiurilla tarjoaa mukavan otteen. Sivuvipu voidaan vaihtaa oikealta puolelta vasemmalle, joten kiv\u00e4\u00e4ri sopii sek\u00e4 oikea- ett\u00e4 vasenk\u00e4tisille ampujille. Malli on saatavilla kaliipereissa 4,5 mm, 5,5 mm ja 6,35 mm, lippaan kapasiteeteilla 13, 11 tai 10 laukausta; paino on 3790 g, ja mukana toimitetaan laukku, t\u00e4ytt\u00f6adapteri, lipas ja vara-O-rengas.       <\/p>\n","protected":false},"featured_media":192114,"template":"","meta":{"_acf_changed":false},"product_brand":[],"product_cat":[253,256],"product_tag":[],"class_list":{"0":"post-192131","1":"product","2":"type-product","3":"status-publish","4":"has-post-thumbnail","6":"product_cat-ilmakivaarit-4-5mm","7":"product_cat-hpa-fi","9":"first","10":"instock","11":"taxable","12":"shipping-taxable","13":"purchasable","14":"product-type-simple"},"acf":[],"_links":{"self":[{"href":"https:\/\/kingarms.ee\/fi\/wp-json\/wp\/v2\/product\/192131","targetHints":{"allow":["GET"]}}],"collection":[{"href":"https:\/\/kingarms.ee\/fi\/wp-json\/wp\/v2\/product"}],"about":[{"href":"https:\/\/kingarms.ee\/fi\/wp-json\/wp\/v2\/types\/product"}],"wp:featuredmedia":[{"embeddable":true,"href":"https:\/\/kingarms.ee\/fi\/wp-json\/wp\/v2\/media\/192114"}],"wp:attachment":[{"href":"https:\/\/kingarms.ee\/fi\/wp-json\/wp\/v2\/media?parent=192131"}],"wp:term":[{"taxonomy":"product_brand","embeddable":true,"href":"https:\/\/kingarms.ee\/fi\/wp-json\/wp\/v2\/product_brand?post=192131"},{"taxonomy":"product_cat","embeddable":true,"href":"https:\/\/kingarms.ee\/fi\/wp-json\/wp\/v2\/product_cat?post=192131"},{"taxonomy":"product_tag","embeddable":true,"href":"https:\/\/kingarms.ee\/fi\/wp-json\/wp\/v2\/product_tag?post=192131"}],"curies":[{"name":"wp","href":"https:\/\/api.w.org\/{rel}","templated":true}]}}