{"id":192219,"date":"2026-05-15T13:21:36","date_gmt":"2026-05-15T10:21:36","guid":{"rendered":"https:\/\/kingarms.ee\/product\/uragan-3-compact-synthetic\/"},"modified":"2026-05-15T13:21:36","modified_gmt":"2026-05-15T10:21:36","slug":"uragan-3-compact-synthetic","status":"publish","type":"product","link":"https:\/\/kingarms.ee\/fi\/product\/uragan-3-compact-synthetic\/","title":{"rendered":"Uragan 3 Compact Synthetic"},"content":{"rendered":"","protected":false},"excerpt":{"rendered":"<p data-start=\"331\" data-end=\"1142\">AGN Technology Uragan 3 Compact Synthetic on Uragan-ilmakiv\u00e4\u00e4risarjan seuraava kehitysversio, joka perustuu jo eritt\u00e4in onnistuneeseen Uragan 2 -alustaan. Uudistukset keskittyv\u00e4t luotettavuuden parantamiseen, huollon helpottamiseen ja p\u00e4ivitt\u00e4isen k\u00e4yt\u00f6n sujuvoittamiseen. Mallissa on pidennetty yl\u00e4puolinen Weaver\/Picatinny-kiinnityskisko, uudelleen suunniteltu ja suurennettu liipaisinkaari, parannettu lohko ja lukkorunko sek\u00e4 optimoitu venttiilij\u00e4rjestelm\u00e4 ja power plenum, jotka parantavat ilman k\u00e4yt\u00f6n tehokkuutta ja laukauksien tasaisuutta. Suurempi ja uudistettu paineens\u00e4\u00e4din tarjoaa vakaamman suorituskyvyn, parannettu vasaraj\u00e4rjestelm\u00e4 mahdollistaa tarkemmat s\u00e4\u00e4d\u00f6t, ja venttiiliyksikk\u00f6 voidaan nyt irrottaa ilman kiv\u00e4\u00e4rin t\u00e4ydellist\u00e4 purkamista. My\u00f6s liipaisin- ja laukaisumekanismia on uudistettu aiemman \u201cping\u201d-\u00e4\u00e4nen poistamiseksi.    <\/p>\n<p data-start=\"1144\" data-end=\"2032\">Uragan 3 Compact Synthetic s\u00e4ilytt\u00e4\u00e4 aiempien Uragan-mallien t\u00e4rke\u00e4t ominaisuudet: \u00e4\u00e4nt\u00e4 vaimentavan piippuvaipan, M14x1.25 suukierteen, 250 cc PCP-s\u00e4ili\u00f6n, 300 barin t\u00e4ytt\u00f6paineen, suojaavan etutukin, Weaver\/Picatinny-lis\u00e4varustekiskon sek\u00e4 20 MOA Weaver\/Picatinny-kiikarikiskon. Kiv\u00e4\u00e4riss\u00e4 on vasemmalla puolella painemittari, CZ-piippu, p\u00f6lysuojalla varustettu t\u00e4ytt\u00f6portti, musta synteettinen thumbhole-tukki, korkeuss\u00e4\u00e4dett\u00e4v\u00e4 kuminen per\u00e4levy ja k\u00e4\u00e4nnett\u00e4v\u00e4 biathlon-tyylinen sivuvipu. Kaksivaiheinen liipaisin on s\u00e4\u00e4dett\u00e4v\u00e4, ja molemminpuolinen liukuvarmistin tekee k\u00e4yt\u00f6st\u00e4 luontevaa sek\u00e4 oikea- ett\u00e4 vasenk\u00e4tisille ampujille. Malli on saatavilla kaliipereissa 4,5 mm (.177), 5,5 mm (.22), 6,35 mm (.25) ja 7,62 mm (.30), lippaan kapasiteeteilla 15, 12, 10 tai 9 laukausta. Paino on 2700 g, piipun pituus 400 mm ja kokonaispituus 660 mm; avoimia t\u00e4ht\u00e4imi\u00e4 tai optiikkaa ei toimiteta mukana, pakkaukseen sis\u00e4ltyy 2 lipasta, t\u00e4ytt\u00f6adapteri, pehme\u00e4 laukku ja ty\u00f6kalut.    <\/p>\n","protected":false},"featured_media":192201,"template":"","meta":{"_acf_changed":false},"product_brand":[],"product_cat":[253,256],"product_tag":[],"class_list":{"0":"post-192219","1":"product","2":"type-product","3":"status-publish","4":"has-post-thumbnail","6":"product_cat-ilmakivaarit-4-5mm","7":"product_cat-hpa-fi","9":"first","10":"instock","11":"taxable","12":"shipping-taxable","13":"purchasable","14":"product-type-simple"},"acf":[],"_links":{"self":[{"href":"https:\/\/kingarms.ee\/fi\/wp-json\/wp\/v2\/product\/192219","targetHints":{"allow":["GET"]}}],"collection":[{"href":"https:\/\/kingarms.ee\/fi\/wp-json\/wp\/v2\/product"}],"about":[{"href":"https:\/\/kingarms.ee\/fi\/wp-json\/wp\/v2\/types\/product"}],"wp:featuredmedia":[{"embeddable":true,"href":"https:\/\/kingarms.ee\/fi\/wp-json\/wp\/v2\/media\/192201"}],"wp:attachment":[{"href":"https:\/\/kingarms.ee\/fi\/wp-json\/wp\/v2\/media?parent=192219"}],"wp:term":[{"taxonomy":"product_brand","embeddable":true,"href":"https:\/\/kingarms.ee\/fi\/wp-json\/wp\/v2\/product_brand?post=192219"},{"taxonomy":"product_cat","embeddable":true,"href":"https:\/\/kingarms.ee\/fi\/wp-json\/wp\/v2\/product_cat?post=192219"},{"taxonomy":"product_tag","embeddable":true,"href":"https:\/\/kingarms.ee\/fi\/wp-json\/wp\/v2\/product_tag?post=192219"}],"curies":[{"name":"wp","href":"https:\/\/api.w.org\/{rel}","templated":true}]}}