{"id":192422,"date":"2026-05-15T23:18:18","date_gmt":"2026-05-15T20:18:18","guid":{"rendered":"https:\/\/kingarms.ee\/product\/agn-technology-manul\/"},"modified":"2026-05-15T23:18:18","modified_gmt":"2026-05-15T20:18:18","slug":"agn-technology-manul","status":"publish","type":"product","link":"https:\/\/kingarms.ee\/fi\/product\/agn-technology-manul\/","title":{"rendered":"AGN Technology Manul"},"content":{"rendered":"","protected":false},"excerpt":{"rendered":"<p data-start=\"188\" data-end=\"941\">AGN Technology Manul on kompakti PCP-ilmapistooli, jossa on sivuvipuvireistys ja miellytt\u00e4v\u00e4 k\u00e4teen sopiva rakenne. Sivuvipu sijaitsee toiminnan vasemmalla puolella, ja se t\u00e4ytyy vet\u00e4\u00e4 kokonaan taakse ennen kuin lipasta voidaan k\u00e4\u00e4nt\u00e4\u00e4 ja t\u00e4ytt\u00e4\u00e4 ammuksilla; lipas muistuttaa jossain m\u00e4\u00e4rin revolverin rullaa. Manul on saatavilla kaliipereissa 4,5 mm ja 5,5 mm, ja lippaan kapasiteetti on vastaavasti 7 tai 6 ammusta. Kun lipas on ladattu, sivuvipu ty\u00f6nnet\u00e4\u00e4n takaisin eteen ja pistooli on valmis laukaukseen. Ilma tulee etuosan alapuolella sijaitsevasta 50 cc PCP-s\u00e4ili\u00f6st\u00e4, jonka enimm\u00e4ist\u00e4ytt\u00f6paine on 250 bar; paine voidaan tarkistaa s\u00e4ili\u00f6n etuosassa olevasta painemittarista. Pistoolin kokonaispituus on 317 mm, piipun pituus 190 mm ja energia versiosta riippuen jopa 12 tai 16 J.     <\/p>\n<p data-start=\"943\" data-end=\"1551\">AGN Technology Manulissa on takat\u00e4ht\u00e4in ja s\u00e4\u00e4dett\u00e4v\u00e4 etut\u00e4ht\u00e4in, joiden avulla voidaan t\u00e4hd\u00e4t\u00e4 kohtuullisen tarkasti, mutta lis\u00e4ksi siin\u00e4 on Weaver\/Picatinny-kisko esimerkiksi punapistet\u00e4ht\u00e4imen kiinnitt\u00e4mist\u00e4 varten. Kahva on valmistettu iskunkest\u00e4v\u00e4st\u00e4 synteettisest\u00e4 materiaalista ja sopii molempik\u00e4tiseen k\u00e4ytt\u00f6\u00f6n. Molemmilla sivuilla oleva karhea tekstuuri sek\u00e4 etu- ja takaosan uritettu pinta antavat tukevan otteen, joten sivuvivun vet\u00e4minen onnistuu hallitusti ilman, ett\u00e4 ote tuntuu ep\u00e4varmalta. Pistooli painaa 750 g, j\u00e4rjestelm\u00e4 ei ole reguloitu, ja mukana toimitetaan t\u00e4ytt\u00f6adapteri, lipas, O-renkaat, yksitt\u00e4islatausalusta ja ty\u00f6kalut.   <\/p>\n","protected":false},"featured_media":192398,"template":"","meta":{"_acf_changed":false},"product_brand":[],"product_cat":[253,256],"product_tag":[],"class_list":{"0":"post-192422","1":"product","2":"type-product","3":"status-publish","4":"has-post-thumbnail","6":"product_cat-ilmakivaarit-4-5mm","7":"product_cat-hpa-fi","9":"first","10":"instock","11":"taxable","12":"shipping-taxable","13":"purchasable","14":"product-type-simple"},"acf":[],"_links":{"self":[{"href":"https:\/\/kingarms.ee\/fi\/wp-json\/wp\/v2\/product\/192422","targetHints":{"allow":["GET"]}}],"collection":[{"href":"https:\/\/kingarms.ee\/fi\/wp-json\/wp\/v2\/product"}],"about":[{"href":"https:\/\/kingarms.ee\/fi\/wp-json\/wp\/v2\/types\/product"}],"wp:featuredmedia":[{"embeddable":true,"href":"https:\/\/kingarms.ee\/fi\/wp-json\/wp\/v2\/media\/192398"}],"wp:attachment":[{"href":"https:\/\/kingarms.ee\/fi\/wp-json\/wp\/v2\/media?parent=192422"}],"wp:term":[{"taxonomy":"product_brand","embeddable":true,"href":"https:\/\/kingarms.ee\/fi\/wp-json\/wp\/v2\/product_brand?post=192422"},{"taxonomy":"product_cat","embeddable":true,"href":"https:\/\/kingarms.ee\/fi\/wp-json\/wp\/v2\/product_cat?post=192422"},{"taxonomy":"product_tag","embeddable":true,"href":"https:\/\/kingarms.ee\/fi\/wp-json\/wp\/v2\/product_tag?post=192422"}],"curies":[{"name":"wp","href":"https:\/\/api.w.org\/{rel}","templated":true}]}}