{"id":192447,"date":"2026-05-15T23:29:36","date_gmt":"2026-05-15T20:29:36","guid":{"rendered":"https:\/\/kingarms.ee\/product\/snowpeak-pp750l\/"},"modified":"2026-05-15T23:29:36","modified_gmt":"2026-05-15T20:29:36","slug":"snowpeak-pp750l","status":"publish","type":"product","link":"https:\/\/kingarms.ee\/fi\/product\/snowpeak-pp750l\/","title":{"rendered":"Snowpeak PP750L"},"content":{"rendered":"","protected":false},"excerpt":{"rendered":"<p data-start=\"246\" data-end=\"913\">Snowpeak PP750L on parannettu versio PP750-mallista \u2014 PCP-ilmapistooli, joka voidaan muuttaa kompaktiksi karbiiniksi ulos vedett\u00e4v\u00e4n tukin ansiosta. Edelt\u00e4j\u00e4ns\u00e4 tavoin se tarjoaa muunneltavan rakenteen, mutta PP750L-mallissa tukki voidaan nyt my\u00f6s laskea alemmas k\u00e4ytt\u00e4j\u00e4n ampuma-asennon mukaan. Tukki on s\u00e4\u00e4dett\u00e4viss\u00e4 kolmeen asentoon, kokonaan irrotettavissa ja korkeussuunnassa s\u00e4\u00e4dett\u00e4viss\u00e4. Toinen merkitt\u00e4v\u00e4 parannus on mukana toimitettava \u00e4\u00e4nenvaimennin, jonka voi irrottaa, jolloin esiin tulee \u00bd\u2033 UNF -suukierre muita suutarvikkeita varten. Malli on reguloitu, mik\u00e4 auttaa pit\u00e4m\u00e4\u00e4n laukausvoiman tasaisena, ja se on saatavilla kaliipereissa 4,5 mm (.177) ja 5,5 mm (.22), energioilla jopa 18 tai 26 J.   <\/p>\n<p data-start=\"915\" data-end=\"1663\">Snowpeak PP750L:ss\u00e4 on 66 cc ilmas\u00e4ili\u00f6, jonka t\u00e4ytt\u00f6paine on enint\u00e4\u00e4n 250 bar, ja lippaan kapasiteetti on kaliiperista riippuen 9 tai 7 laukausta. Pistoolissa on vakiomalliset avoimet t\u00e4ht\u00e4imet, 11 mm Dovetail-kisko t\u00e4ht\u00e4inten tai lis\u00e4varusteiden kiinnitt\u00e4mist\u00e4 varten sek\u00e4 liipaisimeen integroitu k\u00e4sivarmistin. Liipaisimen paino on s\u00e4\u00e4dett\u00e4viss\u00e4 v\u00e4lill\u00e4 900\u20132250 grammaa, joten tuntuma voidaan sovittaa k\u00e4ytt\u00e4j\u00e4n mieltymyksiin. Puiset kahvapaneelit antavat mallille klassisemman ilmeen, kun taas puu- ja alumiinirakenne tekee kokonaisuudesta k\u00e4yt\u00e4nn\u00f6llisen ja kest\u00e4v\u00e4n. Paino moderaattorin kanssa on 1590 g, piipun pituus 277 mm ja kokonaispituus 130 mm moderaattorin kanssa 575\u2013817 mm. Mukana toimitetaan t\u00e4ytt\u00f6adapteri, lipas, \u00e4\u00e4nenvaimennin, yksitt\u00e4islatausalusta, vara-O-renkaat ja ty\u00f6kalut.     <\/p>\n","protected":false},"featured_media":192430,"template":"","meta":{"_acf_changed":false},"product_brand":[],"product_cat":[253,256],"product_tag":[],"class_list":{"0":"post-192447","1":"product","2":"type-product","3":"status-publish","4":"has-post-thumbnail","6":"product_cat-ilmakivaarit-4-5mm","7":"product_cat-hpa-fi","9":"first","10":"instock","11":"taxable","12":"shipping-taxable","13":"purchasable","14":"product-type-simple"},"acf":[],"_links":{"self":[{"href":"https:\/\/kingarms.ee\/fi\/wp-json\/wp\/v2\/product\/192447","targetHints":{"allow":["GET"]}}],"collection":[{"href":"https:\/\/kingarms.ee\/fi\/wp-json\/wp\/v2\/product"}],"about":[{"href":"https:\/\/kingarms.ee\/fi\/wp-json\/wp\/v2\/types\/product"}],"wp:featuredmedia":[{"embeddable":true,"href":"https:\/\/kingarms.ee\/fi\/wp-json\/wp\/v2\/media\/192430"}],"wp:attachment":[{"href":"https:\/\/kingarms.ee\/fi\/wp-json\/wp\/v2\/media?parent=192447"}],"wp:term":[{"taxonomy":"product_brand","embeddable":true,"href":"https:\/\/kingarms.ee\/fi\/wp-json\/wp\/v2\/product_brand?post=192447"},{"taxonomy":"product_cat","embeddable":true,"href":"https:\/\/kingarms.ee\/fi\/wp-json\/wp\/v2\/product_cat?post=192447"},{"taxonomy":"product_tag","embeddable":true,"href":"https:\/\/kingarms.ee\/fi\/wp-json\/wp\/v2\/product_tag?post=192447"}],"curies":[{"name":"wp","href":"https:\/\/api.w.org\/{rel}","templated":true}]}}