{"id":192477,"date":"2026-05-15T23:39:54","date_gmt":"2026-05-15T20:39:54","guid":{"rendered":"https:\/\/kingarms.ee\/product\/snowpeak-pp20\/"},"modified":"2026-05-15T23:39:54","modified_gmt":"2026-05-15T20:39:54","slug":"snowpeak-pp20","status":"publish","type":"product","link":"https:\/\/kingarms.ee\/fi\/product\/snowpeak-pp20\/","title":{"rendered":"Snowpeak PP20"},"content":{"rendered":"","protected":false},"excerpt":{"rendered":"<p data-start=\"238\" data-end=\"742\">Artemis PP20 on hyv\u00e4 aloitusmalli ampujalle, joka haluaa tutustua 10 metrin ilma-aseammuntaan. T\u00e4m\u00e4 PCP-ilmapistooli on suunniteltu tarkkaan match-tyyppiseen tauluammuntaan ja tarjoaa perusominaisuudet, joita 10M-ampuja tarvitsee harjoittelun alkuvaiheessa. Pistoolissa on py\u00f6kkipuinen match-kahva, jossa on teksturoitu pinta varman ja hallitun otteen saavuttamiseksi. Kahva on oikeak\u00e4tiselle ampujalle, ja koot S, M ja L sis\u00e4ltyv\u00e4t samaan kokonaisuuteen. Mallin kaliiperi on 4,5 mm (.177), energia 7,5 J, piipun pituus 240 mm ja kokonaispituus 425 mm.    <\/p>\n<p data-start=\"744\" data-end=\"1222\">Artemis PP20 k\u00e4ytt\u00e4\u00e4 reguloitua PCP-j\u00e4rjestelm\u00e4\u00e4, joka auttaa pit\u00e4m\u00e4\u00e4n laukauspaineen tasaisena jokaisella laukauksella. Ilmas\u00e4ili\u00f6n etuosassa oleva painemittari on helppolukuinen, joten paineen seuraaminen on vaivatonta. T\u00e4ysin s\u00e4\u00e4dett\u00e4v\u00e4 match-liipaisin mahdollistaa laukaisupaineen s\u00e4\u00e4t\u00e4misen v\u00e4lill\u00e4 1,5\u20132 lbf eli noin 0,68\u20130,91 kg. Pistoolissa on automaattinen varmistin sek\u00e4 t\u00e4ysin s\u00e4\u00e4dett\u00e4v\u00e4 takat\u00e4ht\u00e4in. T\u00e4ht\u00e4inv\u00e4li on 357\u2013372 mm ja paino 1100 g. Mukana toimitetaan 2 adapteria, laukku ja O-renkaat.     <\/p>\n","protected":false},"featured_media":192454,"template":"","meta":{"_acf_changed":false},"product_brand":[],"product_cat":[253,256],"product_tag":[],"class_list":{"0":"post-192477","1":"product","2":"type-product","3":"status-publish","4":"has-post-thumbnail","6":"product_cat-ilmakivaarit-4-5mm","7":"product_cat-hpa-fi","9":"first","10":"instock","11":"taxable","12":"shipping-taxable","13":"purchasable","14":"product-type-simple"},"acf":[],"_links":{"self":[{"href":"https:\/\/kingarms.ee\/fi\/wp-json\/wp\/v2\/product\/192477","targetHints":{"allow":["GET"]}}],"collection":[{"href":"https:\/\/kingarms.ee\/fi\/wp-json\/wp\/v2\/product"}],"about":[{"href":"https:\/\/kingarms.ee\/fi\/wp-json\/wp\/v2\/types\/product"}],"wp:featuredmedia":[{"embeddable":true,"href":"https:\/\/kingarms.ee\/fi\/wp-json\/wp\/v2\/media\/192454"}],"wp:attachment":[{"href":"https:\/\/kingarms.ee\/fi\/wp-json\/wp\/v2\/media?parent=192477"}],"wp:term":[{"taxonomy":"product_brand","embeddable":true,"href":"https:\/\/kingarms.ee\/fi\/wp-json\/wp\/v2\/product_brand?post=192477"},{"taxonomy":"product_cat","embeddable":true,"href":"https:\/\/kingarms.ee\/fi\/wp-json\/wp\/v2\/product_cat?post=192477"},{"taxonomy":"product_tag","embeddable":true,"href":"https:\/\/kingarms.ee\/fi\/wp-json\/wp\/v2\/product_tag?post=192477"}],"curies":[{"name":"wp","href":"https:\/\/api.w.org\/{rel}","templated":true}]}}