{"id":192490,"date":"2026-05-15T23:58:21","date_gmt":"2026-05-15T20:58:21","guid":{"rendered":"https:\/\/kingarms.ee\/product\/hammerli-ap20-pro\/"},"modified":"2026-05-15T23:58:21","modified_gmt":"2026-05-15T20:58:21","slug":"hammerli-ap20-pro","status":"publish","type":"product","link":"https:\/\/kingarms.ee\/fi\/product\/hammerli-ap20-pro\/","title":{"rendered":"H\u00e4mmerli AP20 Pro"},"content":{"rendered":"","protected":false},"excerpt":{"rendered":"<p data-start=\"250\" data-end=\"854\">H\u00e4mmerli AP20 Pro on kustannustietoinen match-luokan PCP-ilmapistooli, joka on suunniteltu 10 metrin ilma-aseammuntaan ja rakennettu Waltherin modulaarisen j\u00e4rjestelm\u00e4n pohjalle. Mallissa hy\u00f6dynnet\u00e4\u00e4n my\u00f6s korkeamman tason LP400-komponentteja, mik\u00e4 tekee siit\u00e4 kest\u00e4v\u00e4n ja kilpailuk\u00e4ytt\u00f6\u00f6n soveltuvan vaihtoehdon. Pistooli toimii 200 barin paineilmaj\u00e4rjestelm\u00e4ll\u00e4, sen energia on enint\u00e4\u00e4n 7,5 J ja yhdell\u00e4 t\u00e4yt\u00f6ll\u00e4 saadaan yli 180 laukausta. Kapeassa alumiinisylinteriss\u00e4 on integroitu painemittari nopeaa tarkistusta varten. Mallin kaliiperi on 4,5 mm (.177), piipun pituus 250 mm, kokonaispituus 415 mm ja t\u00e4ht\u00e4inv\u00e4li 366\u2013375 mm.    <\/p>\n<p data-start=\"856\" data-end=\"1602\">H\u00e4mmerli AP20 Prossa on 3D-s\u00e4\u00e4dett\u00e4v\u00e4 p\u00e4hkin\u00e4puinen memory-kahva, jonka avulla ote voidaan sovittaa ampujan k\u00e4teen. S\u00e4\u00e4dett\u00e4v\u00e4 kaksivaiheinen match-liipaisin toimii noin 500 g laukaisupainolla, ja my\u00f6s t\u00e4ht\u00e4imet ovat t\u00e4ysin s\u00e4\u00e4dett\u00e4v\u00e4t: takat\u00e4ht\u00e4imen leveytt\u00e4 ja korkeutta voidaan s\u00e4\u00e4t\u00e4\u00e4 portaattomasti, k\u00e4\u00e4ntyv\u00e4 etut\u00e4ht\u00e4in tarjoaa kolme vaihdettavaa aukon leveytt\u00e4 ja t\u00e4ht\u00e4imi\u00e4 voidaan s\u00e4\u00e4t\u00e4\u00e4 my\u00f6s pituussuunnassa hienokalibrointia varten. Mukana tulee kuusi eriv\u00e4rist\u00e4 vaihdettavaa piippuvaippaa yksil\u00f6llist\u00e4 ulkon\u00e4k\u00f6\u00e4 varten. Noin 980 g peruspaino tekee pistoolista helposti k\u00e4sitelt\u00e4v\u00e4n ja tasapainoisen. Mallissa ei ole lipasta, vaan se on yksitt\u00e4islaukauksinen; pakkaukseen sis\u00e4ltyv\u00e4t laukku, t\u00e4ytt\u00f6adapteri ja ty\u00f6kalut. Mallia suosittelee my\u00f6s Saksan ampumaurheiluliitto DSB.     <\/p>\n","protected":false},"featured_media":192485,"template":"","meta":{"_acf_changed":false},"product_brand":[],"product_cat":[253,256],"product_tag":[],"class_list":{"0":"post-192490","1":"product","2":"type-product","3":"status-publish","4":"has-post-thumbnail","6":"product_cat-ilmakivaarit-4-5mm","7":"product_cat-hpa-fi","9":"first","10":"instock","11":"taxable","12":"shipping-taxable","13":"purchasable","14":"product-type-simple"},"acf":[],"_links":{"self":[{"href":"https:\/\/kingarms.ee\/fi\/wp-json\/wp\/v2\/product\/192490","targetHints":{"allow":["GET"]}}],"collection":[{"href":"https:\/\/kingarms.ee\/fi\/wp-json\/wp\/v2\/product"}],"about":[{"href":"https:\/\/kingarms.ee\/fi\/wp-json\/wp\/v2\/types\/product"}],"wp:featuredmedia":[{"embeddable":true,"href":"https:\/\/kingarms.ee\/fi\/wp-json\/wp\/v2\/media\/192485"}],"wp:attachment":[{"href":"https:\/\/kingarms.ee\/fi\/wp-json\/wp\/v2\/media?parent=192490"}],"wp:term":[{"taxonomy":"product_brand","embeddable":true,"href":"https:\/\/kingarms.ee\/fi\/wp-json\/wp\/v2\/product_brand?post=192490"},{"taxonomy":"product_cat","embeddable":true,"href":"https:\/\/kingarms.ee\/fi\/wp-json\/wp\/v2\/product_cat?post=192490"},{"taxonomy":"product_tag","embeddable":true,"href":"https:\/\/kingarms.ee\/fi\/wp-json\/wp\/v2\/product_tag?post=192490"}],"curies":[{"name":"wp","href":"https:\/\/api.w.org\/{rel}","templated":true}]}}