{"id":192526,"date":"2026-05-16T00:08:34","date_gmt":"2026-05-15T21:08:34","guid":{"rendered":"https:\/\/kingarms.ee\/product\/snowpeak-pp30\/"},"modified":"2026-05-16T00:08:34","modified_gmt":"2026-05-15T21:08:34","slug":"snowpeak-pp30","status":"publish","type":"product","link":"https:\/\/kingarms.ee\/fi\/product\/snowpeak-pp30\/","title":{"rendered":"Snowpeak PP30"},"content":{"rendered":"","protected":false},"excerpt":{"rendered":"<p data-start=\"271\" data-end=\"906\">Snowpeak PP30 on monipuolinen PCP match-ilmapistooli, joka on suunniteltu 10 metrin tarkkuusammuntaan ja tarjoaa eritt\u00e4in hyv\u00e4n varustelun houkuttelevaan hintaan. Pistooli on kevyt, vain 906 g, joten sit\u00e4 on mukava pit\u00e4\u00e4 k\u00e4dess\u00e4 my\u00f6s tarkassa ja pitk\u00e4kestoisessa harjoittelussa. Mallin kaliiperi on 4,5 mm (.177), energia 7,5 J, piipun pituus 260 mm, kokonaispituus 404 mm ja t\u00e4ht\u00e4inv\u00e4li 354 mm. Reguloitu PCP-j\u00e4rjestelm\u00e4 auttaa pit\u00e4m\u00e4\u00e4n jokaisen laukauksen tehon tasaisena, ja t\u00e4yteen ladattu ilmasylinteri, jonka enimm\u00e4ist\u00e4ytt\u00f6paine on 250 bar, tarjoaa noin 100 laukausta. Ilmas\u00e4ili\u00f6n etuosassa oleva painemittari n\u00e4ytt\u00e4\u00e4 t\u00e4ytt\u00f6paineen selke\u00e4sti.    <\/p>\n<p data-start=\"908\" data-end=\"1687\">Snowpeak PP30:ssa on s\u00e4\u00e4dett\u00e4v\u00e4 puinen match-kahva, jonka karkea tekstuuri antaa varman otteen. Liipaisin tarjoaa laajat s\u00e4\u00e4t\u00f6mahdollisuudet: ensimm\u00e4ist\u00e4 ja toista vaihetta, kokonaislaukaisupainoa v\u00e4lill\u00e4 0,045\u20130,91 kg, j\u00e4lkiliikkeen rajoitinta sek\u00e4 liipaisinkielen pitkitt\u00e4isasentoa voidaan s\u00e4\u00e4t\u00e4\u00e4 k\u00e4ytt\u00e4j\u00e4n mieltymyksen ja sormen pituuden mukaan. Pistoolissa on my\u00f6s kuivaharjoittelumahdollisuus. Takat\u00e4ht\u00e4int\u00e4 voidaan s\u00e4\u00e4t\u00e4\u00e4 tarkasti sek\u00e4 sivu- ett\u00e4 korkeussuunnassa, ja lis\u00e4ksi takat\u00e4ht\u00e4imen hahloleveys on s\u00e4\u00e4dett\u00e4v\u00e4. Mallissa ei ole lipasta, vaan se on yksitt\u00e4islaukauksinen. Oikeak\u00e4tinen M-koon kahva, musta-hopea viimeistely ja tukeva kuljetuslaukku tekev\u00e4t PP30:st\u00e4 k\u00e4yt\u00e4nn\u00f6llisen valinnan sek\u00e4 aloittelevalle ett\u00e4 kokeneelle 10M-ampujalle. Mukana toimitetaan laukku, t\u00e4ytt\u00f6adapteri ja O-renkaat.      <\/p>\n","protected":false},"featured_media":192497,"template":"","meta":{"_acf_changed":false},"product_brand":[],"product_cat":[253,256],"product_tag":[],"class_list":{"0":"post-192526","1":"product","2":"type-product","3":"status-publish","4":"has-post-thumbnail","6":"product_cat-ilmakivaarit-4-5mm","7":"product_cat-hpa-fi","9":"first","10":"instock","11":"taxable","12":"shipping-taxable","13":"purchasable","14":"product-type-simple"},"acf":[],"_links":{"self":[{"href":"https:\/\/kingarms.ee\/fi\/wp-json\/wp\/v2\/product\/192526","targetHints":{"allow":["GET"]}}],"collection":[{"href":"https:\/\/kingarms.ee\/fi\/wp-json\/wp\/v2\/product"}],"about":[{"href":"https:\/\/kingarms.ee\/fi\/wp-json\/wp\/v2\/types\/product"}],"wp:featuredmedia":[{"embeddable":true,"href":"https:\/\/kingarms.ee\/fi\/wp-json\/wp\/v2\/media\/192497"}],"wp:attachment":[{"href":"https:\/\/kingarms.ee\/fi\/wp-json\/wp\/v2\/media?parent=192526"}],"wp:term":[{"taxonomy":"product_brand","embeddable":true,"href":"https:\/\/kingarms.ee\/fi\/wp-json\/wp\/v2\/product_brand?post=192526"},{"taxonomy":"product_cat","embeddable":true,"href":"https:\/\/kingarms.ee\/fi\/wp-json\/wp\/v2\/product_cat?post=192526"},{"taxonomy":"product_tag","embeddable":true,"href":"https:\/\/kingarms.ee\/fi\/wp-json\/wp\/v2\/product_tag?post=192526"}],"curies":[{"name":"wp","href":"https:\/\/api.w.org\/{rel}","templated":true}]}}