{"id":192550,"date":"2026-05-16T00:29:41","date_gmt":"2026-05-15T21:29:41","guid":{"rendered":"https:\/\/kingarms.ee\/product\/walther-lp500-expert\/"},"modified":"2026-05-16T00:29:41","modified_gmt":"2026-05-15T21:29:41","slug":"walther-lp500-expert","status":"publish","type":"product","link":"https:\/\/kingarms.ee\/fi\/product\/walther-lp500-expert\/","title":{"rendered":"Walther LP500 Expert"},"content":{"rendered":"","protected":false},"excerpt":{"rendered":"<p data-start=\"246\" data-end=\"831\">Walther LP500 Expert on Walther LP400 -mallien seuraaja ja kuuluu LP500-sarjan tarkkoihin 10 metrin PCP match-ilmapistooleihin. Sarjan vakiovarustukseen kuuluvat match-piippu kompensaattorilla, Linear absorber, kuivaharjoittelutila, saddle breech -rakenne, alumiininen ilmasylinteri, k\u00e4\u00e4nnett\u00e4v\u00e4 t\u00e4ht\u00e4in, 10 g INLINE-paino, 3D-merkinn\u00e4t sek\u00e4 portaattomasti s\u00e4\u00e4dett\u00e4v\u00e4 takat\u00e4ht\u00e4imen leveys ja syvyys yhdess\u00e4 k\u00e4\u00e4nnett\u00e4v\u00e4n etut\u00e4ht\u00e4imen kanssa. Malli toimii 200 barin PCP-j\u00e4rjestelm\u00e4ll\u00e4, kaliiperi on 4,5 mm (.177), energia 7,5 J, piipun pituus 221 mm, kokonaispituus 420 mm ja t\u00e4ht\u00e4inv\u00e4li s\u00e4\u00e4dett\u00e4viss\u00e4 v\u00e4lill\u00e4 340\u2013400 mm.  <\/p>\n<p data-start=\"833\" data-end=\"1446\">LP500 Expert on suunniteltu ampujalle, joka tarvitsee vakaan, tarkan ja hyvin s\u00e4\u00e4dett\u00e4v\u00e4n kilpailupistoolin. Kahvan asento on match-ammunnassa ratkaiseva jokaisen kymmenesosan kannalta, ja siksi t\u00e4ss\u00e4 mallissa on tavallinen 3D-kahva, joka auttaa l\u00f6yt\u00e4m\u00e4\u00e4n toistettavan ja vakaan otteen. Expert-versiossa on SILVER-piippu alumiinisella piippuvaipalla, Chrome-v\u00e4ritys, Stabilizer-kaasuportit sek\u00e4 X-Change-liipaisinyksikk\u00f6 mekaanisella liipaisimella, joka voidaan vaihtaa elektroniseen liipaisimeen. Pistoolin paino on 910 g, kahva on puuta ja malli sopii vasen- tai oikeak\u00e4tiselle k\u00e4ytt\u00e4j\u00e4lle. Mukana toimitetaan laukku, ilmasylinteri, t\u00e4ytt\u00f6adapteri ja ty\u00f6kalut.    <\/p>\n","protected":false},"featured_media":192545,"template":"","meta":{"_acf_changed":false},"product_brand":[],"product_cat":[253,256],"product_tag":[],"class_list":{"0":"post-192550","1":"product","2":"type-product","3":"status-publish","4":"has-post-thumbnail","6":"product_cat-ilmakivaarit-4-5mm","7":"product_cat-hpa-fi","9":"first","10":"instock","11":"taxable","12":"shipping-taxable","13":"purchasable","14":"product-type-simple"},"acf":[],"_links":{"self":[{"href":"https:\/\/kingarms.ee\/fi\/wp-json\/wp\/v2\/product\/192550","targetHints":{"allow":["GET"]}}],"collection":[{"href":"https:\/\/kingarms.ee\/fi\/wp-json\/wp\/v2\/product"}],"about":[{"href":"https:\/\/kingarms.ee\/fi\/wp-json\/wp\/v2\/types\/product"}],"wp:featuredmedia":[{"embeddable":true,"href":"https:\/\/kingarms.ee\/fi\/wp-json\/wp\/v2\/media\/192545"}],"wp:attachment":[{"href":"https:\/\/kingarms.ee\/fi\/wp-json\/wp\/v2\/media?parent=192550"}],"wp:term":[{"taxonomy":"product_brand","embeddable":true,"href":"https:\/\/kingarms.ee\/fi\/wp-json\/wp\/v2\/product_brand?post=192550"},{"taxonomy":"product_cat","embeddable":true,"href":"https:\/\/kingarms.ee\/fi\/wp-json\/wp\/v2\/product_cat?post=192550"},{"taxonomy":"product_tag","embeddable":true,"href":"https:\/\/kingarms.ee\/fi\/wp-json\/wp\/v2\/product_tag?post=192550"}],"curies":[{"name":"wp","href":"https:\/\/api.w.org\/{rel}","templated":true}]}}