{"id":192575,"date":"2026-05-16T11:40:43","date_gmt":"2026-05-16T08:40:43","guid":{"rendered":"https:\/\/kingarms.ee\/product\/walther-lp500-meister-manufaktur\/"},"modified":"2026-05-16T11:40:43","modified_gmt":"2026-05-16T08:40:43","slug":"walther-lp500-meister-manufaktur","status":"publish","type":"product","link":"https:\/\/kingarms.ee\/fi\/product\/walther-lp500-meister-manufaktur\/","title":{"rendered":"Walther LP500 Meister Manufaktur"},"content":{"rendered":"","protected":false},"excerpt":{"rendered":"<p data-start=\"303\" data-end=\"960\">Walther LP500 Meister Manufaktur, tunnettu my\u00f6s nimell\u00e4 LP500 Finest Craftsmanship, on Walther LP400 -mallien seuraaja ja kuuluu LP500-sarjan huipputason 10 metrin PCP match-ilmapistooleihin. Sarjan vakiovarustukseen kuuluvat match-piippu kompensaattorilla, absorber, kuivaharjoittelutila, saddle breech -rakenne, alumiini-hiilikuitukomposiitista valmistettu ilmasylinteri, k\u00e4\u00e4nnett\u00e4v\u00e4 t\u00e4ht\u00e4in, 10 g INLINE-paino, 3D-merkinn\u00e4t sek\u00e4 portaattomasti s\u00e4\u00e4dett\u00e4v\u00e4 takat\u00e4ht\u00e4imen leveys ja syvyys yhdess\u00e4 k\u00e4\u00e4nnett\u00e4v\u00e4n etut\u00e4ht\u00e4imen kanssa. Malli toimii 200 barin PCP-j\u00e4rjestelm\u00e4ll\u00e4, kaliiperi on 4,5 mm (.177), energia 7,5 J, piipun pituus 221 mm, kokonaispituus 420 mm ja t\u00e4ht\u00e4inv\u00e4li s\u00e4\u00e4dett\u00e4viss\u00e4 v\u00e4lill\u00e4 340\u2013400 mm.  <\/p>\n<p data-start=\"962\" data-end=\"1674\">LP500 Meister Manufaktur on suunniteltu ampujalle, joka tarvitsee mahdollisimman tarkan yksil\u00f6llisen s\u00e4\u00e4dett\u00e4vyyden ja kilpailutason tuntuman. 5D-kahva mahdollistaa otteen tilavuuden portaattoman s\u00e4\u00e4d\u00f6n, jotta pistooli voidaan sovittaa tarkasti ampujan k\u00e4teen; M- ja L-koot sis\u00e4ltyv\u00e4t samaan kokonaisuuteen. Meister Manufaktur -versiossa on GOLD-piippu alumiinisella piippuvaipalla, stabilizer, eritt\u00e4in laajasti s\u00e4\u00e4dett\u00e4v\u00e4 Vario-liipaisin sek\u00e4 X-Change-liipaisinyksikk\u00f6 elektronisella liipaisimella, joka voidaan vaihtaa mekaaniseen liipaisimeen. Pistoolin paino on 950 g, kahva on puuta ja tarkoitettu oikeak\u00e4tiselle k\u00e4ytt\u00e4j\u00e4lle. Mukana toimitetaan kaapelit, laukku, lis\u00e4sylinteri, t\u00e4ytt\u00f6adapteri ja ty\u00f6kalut; lis\u00e4ksi pakkaukseen sis\u00e4ltyy laadukas Walther-reppu.    <\/p>\n","protected":false},"featured_media":192558,"template":"","meta":{"_acf_changed":false},"product_brand":[],"product_cat":[253,256],"product_tag":[],"class_list":{"0":"post-192575","1":"product","2":"type-product","3":"status-publish","4":"has-post-thumbnail","6":"product_cat-ilmakivaarit-4-5mm","7":"product_cat-hpa-fi","9":"first","10":"instock","11":"taxable","12":"shipping-taxable","13":"purchasable","14":"product-type-simple"},"acf":[],"_links":{"self":[{"href":"https:\/\/kingarms.ee\/fi\/wp-json\/wp\/v2\/product\/192575","targetHints":{"allow":["GET"]}}],"collection":[{"href":"https:\/\/kingarms.ee\/fi\/wp-json\/wp\/v2\/product"}],"about":[{"href":"https:\/\/kingarms.ee\/fi\/wp-json\/wp\/v2\/types\/product"}],"wp:featuredmedia":[{"embeddable":true,"href":"https:\/\/kingarms.ee\/fi\/wp-json\/wp\/v2\/media\/192558"}],"wp:attachment":[{"href":"https:\/\/kingarms.ee\/fi\/wp-json\/wp\/v2\/media?parent=192575"}],"wp:term":[{"taxonomy":"product_brand","embeddable":true,"href":"https:\/\/kingarms.ee\/fi\/wp-json\/wp\/v2\/product_brand?post=192575"},{"taxonomy":"product_cat","embeddable":true,"href":"https:\/\/kingarms.ee\/fi\/wp-json\/wp\/v2\/product_cat?post=192575"},{"taxonomy":"product_tag","embeddable":true,"href":"https:\/\/kingarms.ee\/fi\/wp-json\/wp\/v2\/product_tag?post=192575"}],"curies":[{"name":"wp","href":"https:\/\/api.w.org\/{rel}","templated":true}]}}