{"id":192587,"date":"2026-05-16T11:52:23","date_gmt":"2026-05-16T08:52:23","guid":{"rendered":"https:\/\/kingarms.ee\/product\/walther-lp500-expert-electronic\/"},"modified":"2026-05-16T11:52:23","modified_gmt":"2026-05-16T08:52:23","slug":"walther-lp500-expert-electronic","status":"publish","type":"product","link":"https:\/\/kingarms.ee\/fi\/product\/walther-lp500-expert-electronic\/","title":{"rendered":"Walther LP500 Expert Electronic"},"content":{"rendered":"","protected":false},"excerpt":{"rendered":"<p data-start=\"275\" data-end=\"1014\">Walther LP500-E Expert on LP500 Expert -mallin elektronisella liipaisimella varustettu versio ja Walther LP400 -mallien seuraaja. Se kuuluu LP500-sarjan tarkkoihin 10 metrin PCP match-ilmapistooleihin ja on suunniteltu ampujalle, joka tarvitsee vakautta, hienos\u00e4\u00e4t\u00f6\u00e4 ja kilpailutason toistettavuutta. Sarjan vakiovarustukseen kuuluvat match-piippu kompensaattorilla, absorber, kuivaharjoittelutila, saddle breech -rakenne, alumiininen ilmasylinteri, k\u00e4\u00e4nnett\u00e4v\u00e4 t\u00e4ht\u00e4in, 10 g INLINE-paino, 3D-merkinn\u00e4t sek\u00e4 portaattomasti s\u00e4\u00e4dett\u00e4v\u00e4 takat\u00e4ht\u00e4imen leveys ja syvyys yhdess\u00e4 k\u00e4\u00e4nnett\u00e4v\u00e4n etut\u00e4ht\u00e4imen kanssa. Malli toimii 200 barin PCP-j\u00e4rjestelm\u00e4ll\u00e4, kaliiperi on 4,5 mm (.177), energia 7,5 J, piipun pituus 221 mm, kokonaispituus 420 mm ja t\u00e4ht\u00e4inv\u00e4li s\u00e4\u00e4dett\u00e4viss\u00e4 v\u00e4lill\u00e4 340\u2013400 mm.   <\/p>\n<p data-start=\"1016\" data-end=\"1709\">LP500-E Expert painottaa tarkkaa k\u00e4den asentoa ja eritt\u00e4in puhdasta liipaisutuntumaa, sill\u00e4 match-ammunnassa pienetkin yksityiskohdat voivat vaikuttaa tulokseen. Mallissa on tavallinen 3D-kahva, joka auttaa saavuttamaan vakaan ja toistettavan otteen; t\u00e4m\u00e4 versio on oikeak\u00e4tinen ja M-koon kahvalla. LP500-E Expert -versiossa on GOLD-piippu alumiinisella piippuvaipalla, stabilizer sek\u00e4 X-Change-liipaisinyksikk\u00f6 s\u00e4\u00e4dett\u00e4v\u00e4ll\u00e4 elektronisella liipaisimella. Elektroninen liipaisin tarjoaa eritt\u00e4in tasaisen ja ennakoitavan laukaisun, mik\u00e4 sopii hyvin 10 metrin kilpailuammunnan vaatimuksiin. Pistoolin paino on 950 g, kahva on puuta, ja mukana toimitetaan laukku, puhdistussarja, t\u00e4ytt\u00f6adapteri, virtasovitin, ty\u00f6kalut ja USB-kaapeli.    <\/p>\n","protected":false},"featured_media":192582,"template":"","meta":{"_acf_changed":false},"product_brand":[],"product_cat":[253,256],"product_tag":[],"class_list":{"0":"post-192587","1":"product","2":"type-product","3":"status-publish","4":"has-post-thumbnail","6":"product_cat-ilmakivaarit-4-5mm","7":"product_cat-hpa-fi","9":"first","10":"instock","11":"taxable","12":"shipping-taxable","13":"purchasable","14":"product-type-simple"},"acf":[],"_links":{"self":[{"href":"https:\/\/kingarms.ee\/fi\/wp-json\/wp\/v2\/product\/192587","targetHints":{"allow":["GET"]}}],"collection":[{"href":"https:\/\/kingarms.ee\/fi\/wp-json\/wp\/v2\/product"}],"about":[{"href":"https:\/\/kingarms.ee\/fi\/wp-json\/wp\/v2\/types\/product"}],"wp:featuredmedia":[{"embeddable":true,"href":"https:\/\/kingarms.ee\/fi\/wp-json\/wp\/v2\/media\/192582"}],"wp:attachment":[{"href":"https:\/\/kingarms.ee\/fi\/wp-json\/wp\/v2\/media?parent=192587"}],"wp:term":[{"taxonomy":"product_brand","embeddable":true,"href":"https:\/\/kingarms.ee\/fi\/wp-json\/wp\/v2\/product_brand?post=192587"},{"taxonomy":"product_cat","embeddable":true,"href":"https:\/\/kingarms.ee\/fi\/wp-json\/wp\/v2\/product_cat?post=192587"},{"taxonomy":"product_tag","embeddable":true,"href":"https:\/\/kingarms.ee\/fi\/wp-json\/wp\/v2\/product_tag?post=192587"}],"curies":[{"name":"wp","href":"https:\/\/api.w.org\/{rel}","templated":true}]}}