{"id":20063,"date":"2018-08-31T11:09:08","date_gmt":"2018-08-31T08:09:08","guid":{"rendered":"https:\/\/kingarms.ee\/product\/gg-pdw15-ar\/"},"modified":"2020-06-30T13:46:52","modified_gmt":"2020-06-30T10:46:52","slug":"gg-pdw15-ar","status":"publish","type":"product","link":"https:\/\/kingarms.ee\/fi\/product\/gg-pdw15-ar\/","title":{"rendered":"G&#038;G: PDW15-AR"},"content":{"rendered":"<p><a href=\"https:\/\/kingarms.ee\/wp-content\/uploads\/2018\/05\/1152214317_1.jpg\"><img loading=\"lazy\" decoding=\"async\" class=\"alignnone size-medium wp-image-4005\" src=\"https:\/\/kingarms.ee\/wp-content\/uploads\/2018\/05\/1152214317_1-300x200.jpg\" alt=\"\" width=\"300\" height=\"200\" \/><\/a><\/p>\n","protected":false},"excerpt":{"rendered":"<p>Ase on valmistettu metallista ja polymeerist\u00e4<\/p>\n<p>Aseen pituus: 690-780 mm<br \/>\nAlustan kapasiteetti: 300 palloa<br \/>\nHop Up: S\u00e4\u00e4dett\u00e4v\u00e4<br \/>\nLaskemisen nopeus: 122 m \/ s<br \/>\nPaino: 2800 g<\/p>\n","protected":false},"featured_media":20064,"template":"","meta":{"_acf_changed":false},"product_brand":[],"product_cat":[250,251],"product_tag":[527],"class_list":{"0":"post-20063","1":"product","2":"type-product","3":"status-publish","4":"has-post-thumbnail","6":"product_cat-aseet","7":"product_cat-sahkoaseet","8":"product_tag-4blss3ph-fi","10":"first","11":"onbackorder","12":"product-type-simple"},"acf":[],"_links":{"self":[{"href":"https:\/\/kingarms.ee\/fi\/wp-json\/wp\/v2\/product\/20063","targetHints":{"allow":["GET"]}}],"collection":[{"href":"https:\/\/kingarms.ee\/fi\/wp-json\/wp\/v2\/product"}],"about":[{"href":"https:\/\/kingarms.ee\/fi\/wp-json\/wp\/v2\/types\/product"}],"wp:featuredmedia":[{"embeddable":true,"href":"https:\/\/kingarms.ee\/fi\/wp-json\/wp\/v2\/media\/20064"}],"wp:attachment":[{"href":"https:\/\/kingarms.ee\/fi\/wp-json\/wp\/v2\/media?parent=20063"}],"wp:term":[{"taxonomy":"product_brand","embeddable":true,"href":"https:\/\/kingarms.ee\/fi\/wp-json\/wp\/v2\/product_brand?post=20063"},{"taxonomy":"product_cat","embeddable":true,"href":"https:\/\/kingarms.ee\/fi\/wp-json\/wp\/v2\/product_cat?post=20063"},{"taxonomy":"product_tag","embeddable":true,"href":"https:\/\/kingarms.ee\/fi\/wp-json\/wp\/v2\/product_tag?post=20063"}],"curies":[{"name":"wp","href":"https:\/\/api.w.org\/{rel}","templated":true}]}}