{"id":20694,"date":"2018-08-31T11:08:23","date_gmt":"2018-08-31T08:08:23","guid":{"rendered":"https:\/\/kingarms.ee\/product\/desert-eagle-baby-co2-pistol\/"},"modified":"2024-09-28T16:38:18","modified_gmt":"2024-09-28T13:38:18","slug":"desert-eagle-baby-co2-pistooli","status":"publish","type":"product","link":"https:\/\/kingarms.ee\/fi\/product\/desert-eagle-baby-co2-pistooli\/","title":{"rendered":"Desert Eagle Baby CO2 Pistooli"},"content":{"rendered":"<p><a href=\"https:\/\/kingarms.aviontehnika.com\/wp-content\/uploads\/2018\/02\/1152217312_1.jpg\" target=\"_blank\" rel=\"noopener\"><img loading=\"lazy\" decoding=\"async\" class=\"alignnone size-medium wp-image-22494\" src=\"https:\/\/kingarms.ee\/wp-content\/uploads\/2018\/08\/1152216215_2-300x200.jpg\" alt=\"\" width=\"300\" height=\"200\" srcset=\"https:\/\/kingarms.ee\/wp-content\/uploads\/2018\/08\/1152216215_2-300x200.jpg 300w, https:\/\/kingarms.ee\/wp-content\/uploads\/2018\/08\/1152216215_2-150x100.jpg 150w, https:\/\/kingarms.ee\/wp-content\/uploads\/2018\/08\/1152216215_2-500x333.jpg 500w, https:\/\/kingarms.ee\/wp-content\/uploads\/2018\/08\/1152216215_2-768x512.jpg 768w, https:\/\/kingarms.ee\/wp-content\/uploads\/2018\/08\/1152216215_2.jpg 800w\" sizes=\"auto, (max-width: 300px) 100vw, 300px\" \/><\/a><\/p>\n","protected":false},"excerpt":{"rendered":"<p>Desert Eagle Baby CO2 Pistooli<\/p>\n<p>Airsoft-pistooli.<br \/>\nAse k\u00e4ytt\u00e4\u00e4 CO2-sylintereit\u00e4. Materiaali: ABS (muovi)<br \/>\nPaino: 647 g<br \/>\nAmmukset: 6 mm: n BB-muovilasit<br \/>\nAlustan kapasiteetti: 15 BB-palloa<br \/>\nTeho: 1,2 J<br \/>\nAjonopeus: 105 m \/ s (0,2 g palloa)<br \/>\nAmpumarata: 40 m (0,2 g palloa)<br \/>\nHOP-UP: Kyll\u00e4<\/p>\n","protected":false},"featured_media":20695,"template":"","meta":{"_acf_changed":false},"product_brand":[],"product_cat":[250,252],"product_tag":[],"class_list":{"0":"post-20694","1":"product","2":"type-product","3":"status-publish","4":"has-post-thumbnail","6":"product_cat-aseet","7":"product_cat-kaasutoimiset-aseet","9":"first","10":"onbackorder","11":"product-type-simple"},"acf":[],"_links":{"self":[{"href":"https:\/\/kingarms.ee\/fi\/wp-json\/wp\/v2\/product\/20694","targetHints":{"allow":["GET"]}}],"collection":[{"href":"https:\/\/kingarms.ee\/fi\/wp-json\/wp\/v2\/product"}],"about":[{"href":"https:\/\/kingarms.ee\/fi\/wp-json\/wp\/v2\/types\/product"}],"wp:featuredmedia":[{"embeddable":true,"href":"https:\/\/kingarms.ee\/fi\/wp-json\/wp\/v2\/media\/20695"}],"wp:attachment":[{"href":"https:\/\/kingarms.ee\/fi\/wp-json\/wp\/v2\/media?parent=20694"}],"wp:term":[{"taxonomy":"product_brand","embeddable":true,"href":"https:\/\/kingarms.ee\/fi\/wp-json\/wp\/v2\/product_brand?post=20694"},{"taxonomy":"product_cat","embeddable":true,"href":"https:\/\/kingarms.ee\/fi\/wp-json\/wp\/v2\/product_cat?post=20694"},{"taxonomy":"product_tag","embeddable":true,"href":"https:\/\/kingarms.ee\/fi\/wp-json\/wp\/v2\/product_tag?post=20694"}],"curies":[{"name":"wp","href":"https:\/\/api.w.org\/{rel}","templated":true}]}}