{"id":20889,"date":"2019-03-14T15:36:56","date_gmt":"2019-03-14T12:36:56","guid":{"rendered":"https:\/\/kingarms.ee\/product\/we33-tt\/"},"modified":"2024-08-09T19:03:26","modified_gmt":"2024-08-09T16:03:26","slug":"we33-tt","status":"publish","type":"product","link":"https:\/\/kingarms.ee\/fi\/product\/we33-tt\/","title":{"rendered":"WE33 &#8211; TT"},"content":{"rendered":"<p><a href=\"https:\/\/kingarms.ee\/wp-content\/uploads\/2019\/03\/1152201986_2-300x200.jpg\"><img loading=\"lazy\" decoding=\"async\" class=\"size-medium wp-image-20890\" src=\"https:\/\/kingarms.ee\/wp-content\/uploads\/2019\/03\/1152201986_2-300x200.jpg\" alt=\"\" width=\"300\" height=\"200\" srcset=\"https:\/\/kingarms.ee\/wp-content\/uploads\/2019\/03\/1152201986_2-300x200.jpg 300w, https:\/\/kingarms.ee\/wp-content\/uploads\/2019\/03\/1152201986_2-150x100.jpg 150w, https:\/\/kingarms.ee\/wp-content\/uploads\/2019\/03\/1152201986_2-500x333.jpg 500w, https:\/\/kingarms.ee\/wp-content\/uploads\/2019\/03\/1152201986_2-768x512.jpg 768w, https:\/\/kingarms.ee\/wp-content\/uploads\/2019\/03\/1152201986_2.jpg 800w\" sizes=\"auto, (max-width: 300px) 100vw, 300px\" \/><\/a><\/p>\n","protected":false},"excerpt":{"rendered":"<p>Kopio on valmistettu p\u00e4\u00e4osin metalliosista. Ainoa muovista valmistettu elementti on pistoolikahva. WE33: lle on ominaista tarkka osien kokoaminen ja lukko, jolla on korkea ty\u00f6skentelykulttuuri. Alustan tilavuus on 11 palloa. Aseen nopeus on jopa 300 FPS. Pistoolikahvat, merkinn\u00e4t pinnoitteissa ja ripustimet ovat valmistettu t\u00e4sm\u00e4lleen kuten ampuma-aseversiossa. Kopio on varustettu sulakkeella, joka sijaitsee pistoolikahvan vasemman k\u00e4densijan yl\u00e4puolella.<\/p>\n<p>Pakkaus sis\u00e4lt\u00e4\u00e4:<\/p>\n<p>&#8211; WE33-pistoolin kaasukopio<br \/>\n&#8211; voide<\/p>\n","protected":false},"featured_media":20890,"template":"","meta":{"_acf_changed":false},"product_brand":[],"product_cat":[252],"product_tag":[],"class_list":{"0":"post-20889","1":"product","2":"type-product","3":"status-publish","4":"has-post-thumbnail","6":"product_cat-kaasutoimiset-aseet","8":"first","9":"instock","10":"taxable","11":"shipping-taxable","12":"purchasable","13":"product-type-simple"},"acf":[],"_links":{"self":[{"href":"https:\/\/kingarms.ee\/fi\/wp-json\/wp\/v2\/product\/20889","targetHints":{"allow":["GET"]}}],"collection":[{"href":"https:\/\/kingarms.ee\/fi\/wp-json\/wp\/v2\/product"}],"about":[{"href":"https:\/\/kingarms.ee\/fi\/wp-json\/wp\/v2\/types\/product"}],"wp:featuredmedia":[{"embeddable":true,"href":"https:\/\/kingarms.ee\/fi\/wp-json\/wp\/v2\/media\/20890"}],"wp:attachment":[{"href":"https:\/\/kingarms.ee\/fi\/wp-json\/wp\/v2\/media?parent=20889"}],"wp:term":[{"taxonomy":"product_brand","embeddable":true,"href":"https:\/\/kingarms.ee\/fi\/wp-json\/wp\/v2\/product_brand?post=20889"},{"taxonomy":"product_cat","embeddable":true,"href":"https:\/\/kingarms.ee\/fi\/wp-json\/wp\/v2\/product_cat?post=20889"},{"taxonomy":"product_tag","embeddable":true,"href":"https:\/\/kingarms.ee\/fi\/wp-json\/wp\/v2\/product_tag?post=20889"}],"curies":[{"name":"wp","href":"https:\/\/api.w.org\/{rel}","templated":true}]}}