{"id":20914,"date":"2019-07-01T14:36:40","date_gmt":"2019-07-01T11:36:40","guid":{"rendered":"https:\/\/kingarms.ee\/product\/borner-c41\/"},"modified":"2024-08-09T18:00:46","modified_gmt":"2024-08-09T15:00:46","slug":"borner-c41","status":"publish","type":"product","link":"https:\/\/kingarms.ee\/fi\/product\/borner-c41\/","title":{"rendered":"Borner C41"},"content":{"rendered":"<p><a href=\"https:\/\/kingarms.ee\/wp-content\/uploads\/2019\/07\/f9f6d89033033750bf853f7e196e2aff-300x250.jpg\"><img loading=\"lazy\" decoding=\"async\" class=\"alignnone size-medium wp-image-16152\" src=\"https:\/\/kingarms.ee\/wp-content\/uploads\/2019\/07\/f9f6d89033033750bf853f7e196e2aff-300x250.jpg\" alt=\"\" width=\"300\" height=\"250\" srcset=\"https:\/\/kingarms.ee\/wp-content\/uploads\/2019\/07\/f9f6d89033033750bf853f7e196e2aff-300x250.jpg 300w, https:\/\/kingarms.ee\/wp-content\/uploads\/2019\/07\/f9f6d89033033750bf853f7e196e2aff-150x125.jpg 150w, https:\/\/kingarms.ee\/wp-content\/uploads\/2019\/07\/f9f6d89033033750bf853f7e196e2aff-500x417.jpg 500w, https:\/\/kingarms.ee\/wp-content\/uploads\/2019\/07\/f9f6d89033033750bf853f7e196e2aff-768x640.jpg 768w, https:\/\/kingarms.ee\/wp-content\/uploads\/2019\/07\/f9f6d89033033750bf853f7e196e2aff.jpg 1024w\" sizes=\"auto, (max-width: 300px) 100vw, 300px\" \/><\/a><\/p>\n","protected":false},"excerpt":{"rendered":"<p>Borner C41<\/p>\n<p>Airgun Model Borner C41 &#8211; Upea kaikille tasoille. Borner C41 -pistoolilla on monia yhteisi\u00e4 piirteit\u00e4 Crosman C41: n kanssa, sek\u00e4 yksinkertaista ett\u00e4 luotettavaa, ja se on kopio maailmankuulusta Walther P.38: sta, viime vuosisadan laajalti k\u00e4ytetyst\u00e4 sotilasaseesta.<\/p>\n<p>Valmistaja: BORNER<br \/>\nTakuu: 12 kuukautta<br \/>\nKaliiperi: 4,5 mm (.177)<br \/>\nToimintaperiaatteen mukaan: ilma-ase<br \/>\nVirtal\u00e4hde: 12 g CO2<br \/>\nAmmus: BB-pallot 4,5 mm<br \/>\nLokeron kapasiteetti: 18<br \/>\nBlowback: Ei<br \/>\nLaskunopeus: 128 m \/ s<br \/>\nMateriaali: runko &#8211; metalli; putki &#8211; metalli<br \/>\nV\u00e4ri: kelkka (musta), kahva &#8211; puun j\u00e4ljitelm\u00e4<br \/>\nValotila: puoliautomaattinen<br \/>\nSuojaus: ei-automaattinen, painike \/ liuku<br \/>\nN\u00e4ht\u00e4vyydet: S\u00e4\u00e4ntelem\u00e4t\u00f6n visio ja n\u00e4kym\u00e4 edest\u00e4<br \/>\nTyyppi: sile\u00e4<br \/>\nPituus: 210 mm<br \/>\nPaino: 1000 g<\/p>\n","protected":false},"featured_media":20915,"template":"","meta":{"_acf_changed":false},"product_brand":[],"product_cat":[253,672],"product_tag":[],"class_list":{"0":"post-20914","1":"product","2":"type-product","3":"status-publish","4":"has-post-thumbnail","6":"product_cat-ilmakivaarit-4-5mm","7":"product_cat-pienaseet","9":"first","10":"instock","11":"taxable","12":"shipping-taxable","13":"purchasable","14":"product-type-simple"},"acf":[],"_links":{"self":[{"href":"https:\/\/kingarms.ee\/fi\/wp-json\/wp\/v2\/product\/20914","targetHints":{"allow":["GET"]}}],"collection":[{"href":"https:\/\/kingarms.ee\/fi\/wp-json\/wp\/v2\/product"}],"about":[{"href":"https:\/\/kingarms.ee\/fi\/wp-json\/wp\/v2\/types\/product"}],"wp:featuredmedia":[{"embeddable":true,"href":"https:\/\/kingarms.ee\/fi\/wp-json\/wp\/v2\/media\/20915"}],"wp:attachment":[{"href":"https:\/\/kingarms.ee\/fi\/wp-json\/wp\/v2\/media?parent=20914"}],"wp:term":[{"taxonomy":"product_brand","embeddable":true,"href":"https:\/\/kingarms.ee\/fi\/wp-json\/wp\/v2\/product_brand?post=20914"},{"taxonomy":"product_cat","embeddable":true,"href":"https:\/\/kingarms.ee\/fi\/wp-json\/wp\/v2\/product_cat?post=20914"},{"taxonomy":"product_tag","embeddable":true,"href":"https:\/\/kingarms.ee\/fi\/wp-json\/wp\/v2\/product_tag?post=20914"}],"curies":[{"name":"wp","href":"https:\/\/api.w.org\/{rel}","templated":true}]}}