{"id":20924,"date":"2018-12-05T19:11:46","date_gmt":"2018-12-05T16:11:46","guid":{"rendered":"https:\/\/kingarms.ee\/product\/borner-m84\/"},"modified":"2024-08-09T19:45:29","modified_gmt":"2024-08-09T16:45:29","slug":"borner-m84","status":"publish","type":"product","link":"https:\/\/kingarms.ee\/fi\/product\/borner-m84\/","title":{"rendered":"BORNER M84"},"content":{"rendered":"<p><a href=\"https:\/\/kingarms.ee\/wp-content\/uploads\/2018\/12\/products-img_4943_\u043d\u043e\u0432\u044b\u0439-\u0440\u0430\u0437\u043c\u0435\u0440-300x193.jpg\"><img loading=\"lazy\" decoding=\"async\" class=\"alignnone size-medium wp-image-20925\" src=\"https:\/\/kingarms.ee\/wp-content\/uploads\/2018\/12\/products-img_4943_\u043d\u043e\u0432\u044b\u0439-\u0440\u0430\u0437\u043c\u0435\u0440-300x193.jpg\" alt=\"\" width=\"300\" height=\"193\" srcset=\"https:\/\/kingarms.ee\/wp-content\/uploads\/2018\/12\/products-img_4943_\u043d\u043e\u0432\u044b\u0439-\u0440\u0430\u0437\u043c\u0435\u0440-300x193.jpg 300w, https:\/\/kingarms.ee\/wp-content\/uploads\/2018\/12\/products-img_4943_\u043d\u043e\u0432\u044b\u0439-\u0440\u0430\u0437\u043c\u0435\u0440-150x97.jpg 150w, https:\/\/kingarms.ee\/wp-content\/uploads\/2018\/12\/products-img_4943_\u043d\u043e\u0432\u044b\u0439-\u0440\u0430\u0437\u043c\u0435\u0440-500x322.jpg 500w, https:\/\/kingarms.ee\/wp-content\/uploads\/2018\/12\/products-img_4943_\u043d\u043e\u0432\u044b\u0439-\u0440\u0430\u0437\u043c\u0435\u0440-768x495.jpg 768w, https:\/\/kingarms.ee\/wp-content\/uploads\/2018\/12\/products-img_4943_\u043d\u043e\u0432\u044b\u0439-\u0440\u0430\u0437\u043c\u0435\u0440.jpg 1020w\" sizes=\"auto, (max-width: 300px) 100vw, 300px\" \/><\/a><\/p>\n","protected":false},"excerpt":{"rendered":"<p>K\u00e4ytett\u00e4viss\u00e4 olevat kalibroinnit: cal. 4,5 mm (.177) ter\u00e4s BB<br \/>\nMateriaali: kotelo: metalliseos<br \/>\nJ\u00e4rjestelm\u00e4: CO2-sylinteri<br \/>\nAmmat: Ter\u00e4s BB<br \/>\nAstian kannen kapasiteetti: 19 BBs<br \/>\nEnergia: &lt;3,0 joulea<br \/>\nL\u00e4ht\u00f6nopeus: 120 m \/ s<br \/>\nPaino (g): 730<\/p>\n","protected":false},"featured_media":20925,"template":"","meta":{"_acf_changed":false},"product_brand":[],"product_cat":[253,672],"product_tag":[],"class_list":{"0":"post-20924","1":"product","2":"type-product","3":"status-publish","4":"has-post-thumbnail","6":"product_cat-ilmakivaarit-4-5mm","7":"product_cat-pienaseet","9":"first","10":"instock","11":"taxable","12":"shipping-taxable","13":"purchasable","14":"product-type-simple"},"acf":[],"_links":{"self":[{"href":"https:\/\/kingarms.ee\/fi\/wp-json\/wp\/v2\/product\/20924","targetHints":{"allow":["GET"]}}],"collection":[{"href":"https:\/\/kingarms.ee\/fi\/wp-json\/wp\/v2\/product"}],"about":[{"href":"https:\/\/kingarms.ee\/fi\/wp-json\/wp\/v2\/types\/product"}],"wp:featuredmedia":[{"embeddable":true,"href":"https:\/\/kingarms.ee\/fi\/wp-json\/wp\/v2\/media\/20925"}],"wp:attachment":[{"href":"https:\/\/kingarms.ee\/fi\/wp-json\/wp\/v2\/media?parent=20924"}],"wp:term":[{"taxonomy":"product_brand","embeddable":true,"href":"https:\/\/kingarms.ee\/fi\/wp-json\/wp\/v2\/product_brand?post=20924"},{"taxonomy":"product_cat","embeddable":true,"href":"https:\/\/kingarms.ee\/fi\/wp-json\/wp\/v2\/product_cat?post=20924"},{"taxonomy":"product_tag","embeddable":true,"href":"https:\/\/kingarms.ee\/fi\/wp-json\/wp\/v2\/product_tag?post=20924"}],"curies":[{"name":"wp","href":"https:\/\/api.w.org\/{rel}","templated":true}]}}