{"id":20943,"date":"2018-12-05T16:20:37","date_gmt":"2018-12-05T16:20:37","guid":{"rendered":"https:\/\/kingarms.ee\/product\/borner-sport306\/"},"modified":"2024-08-09T19:44:46","modified_gmt":"2024-08-09T16:44:46","slug":"borner-sport306","status":"publish","type":"product","link":"https:\/\/kingarms.ee\/fi\/product\/borner-sport306\/","title":{"rendered":"BORNER SPORT306"},"content":{"rendered":"<p><a href=\"https:\/\/kingarms.ee\/wp-content\/uploads\/2018\/12\/products-img_4818_\u043d\u043e\u0432\u044b\u0439-\u0440\u0430\u0437\u043c\u0435\u0440-300x200.jpg\"><img loading=\"lazy\" decoding=\"async\" class=\"alignnone size-medium wp-image-20944\" src=\"https:\/\/kingarms.ee\/wp-content\/uploads\/2018\/12\/products-img_4818_\u043d\u043e\u0432\u044b\u0439-\u0440\u0430\u0437\u043c\u0435\u0440-300x200.jpg\" alt=\"\" width=\"300\" height=\"200\" srcset=\"https:\/\/kingarms.ee\/wp-content\/uploads\/2018\/12\/products-img_4818_\u043d\u043e\u0432\u044b\u0439-\u0440\u0430\u0437\u043c\u0435\u0440-300x200.jpg 300w, https:\/\/kingarms.ee\/wp-content\/uploads\/2018\/12\/products-img_4818_\u043d\u043e\u0432\u044b\u0439-\u0440\u0430\u0437\u043c\u0435\u0440-150x100.jpg 150w, https:\/\/kingarms.ee\/wp-content\/uploads\/2018\/12\/products-img_4818_\u043d\u043e\u0432\u044b\u0439-\u0440\u0430\u0437\u043c\u0435\u0440-500x333.jpg 500w, https:\/\/kingarms.ee\/wp-content\/uploads\/2018\/12\/products-img_4818_\u043d\u043e\u0432\u044b\u0439-\u0440\u0430\u0437\u043c\u0435\u0440-768x512.jpg 768w, https:\/\/kingarms.ee\/wp-content\/uploads\/2018\/12\/products-img_4818_\u043d\u043e\u0432\u044b\u0439-\u0440\u0430\u0437\u043c\u0435\u0440.jpg 1020w\" sizes=\"auto, (max-width: 300px) 100vw, 300px\" \/><\/a><\/p>\n","protected":false},"excerpt":{"rendered":"<p>BORNER SPORT306<\/p>\n<p>Valmistaja: Borner (Yhdysvallat \/ Taiwan)<br \/>\nKaliiperi: 4,5 mm (.177)<br \/>\nTaisteluprototyyppi: Beretta 90-Two (Italia)<br \/>\nToimintaperiaate: kaasupullojen pneumatiikka<br \/>\nVirtal\u00e4hde: 12 g CO2-kanisteria<br \/>\nKartionenergia: jopa 3 J<br \/>\nR\u00e4j\u00e4ht\u00e4v\u00e4 materiaali: BB-pallot 4,5 mm<br \/>\nVarastointikapasiteetti: 18<br \/>\nSuljin: kiinte\u00e4<br \/>\nBlowback: Ei<br \/>\nLaskunopeus: 120 m \/ s<br \/>\nMateriaali: runko, ep\u00e4jaloa metallia<br \/>\nShock Trigger: Vain kaksitoiminen (itseliimautuva)<br \/>\nKuvaustila: puoliautomaattinen<br \/>\nSuojaus: ei-automaattinen, painike<br \/>\nN\u00e4ht\u00e4vyydet: s\u00e4\u00e4ntelem\u00e4t\u00f6n n\u00e4k\u00f6 ja lent\u00e4v\u00e4t, fibrooptiset langat<br \/>\nPlank Weaver \/ Picatinny: Kyll\u00e4, tynnyrin alla<br \/>\nTynnyrityyppi: sile\u00e4<br \/>\nPituus: 215 mm<br \/>\nPaino: 950 g<\/p>\n","protected":false},"featured_media":20944,"template":"","meta":{"_acf_changed":false},"product_brand":[],"product_cat":[253,672],"product_tag":[],"class_list":{"0":"post-20943","1":"product","2":"type-product","3":"status-publish","4":"has-post-thumbnail","6":"product_cat-ilmakivaarit-4-5mm","7":"product_cat-pienaseet","9":"first","10":"instock","11":"taxable","12":"shipping-taxable","13":"purchasable","14":"product-type-simple"},"acf":[],"_links":{"self":[{"href":"https:\/\/kingarms.ee\/fi\/wp-json\/wp\/v2\/product\/20943","targetHints":{"allow":["GET"]}}],"collection":[{"href":"https:\/\/kingarms.ee\/fi\/wp-json\/wp\/v2\/product"}],"about":[{"href":"https:\/\/kingarms.ee\/fi\/wp-json\/wp\/v2\/types\/product"}],"wp:featuredmedia":[{"embeddable":true,"href":"https:\/\/kingarms.ee\/fi\/wp-json\/wp\/v2\/media\/20944"}],"wp:attachment":[{"href":"https:\/\/kingarms.ee\/fi\/wp-json\/wp\/v2\/media?parent=20943"}],"wp:term":[{"taxonomy":"product_brand","embeddable":true,"href":"https:\/\/kingarms.ee\/fi\/wp-json\/wp\/v2\/product_brand?post=20943"},{"taxonomy":"product_cat","embeddable":true,"href":"https:\/\/kingarms.ee\/fi\/wp-json\/wp\/v2\/product_cat?post=20943"},{"taxonomy":"product_tag","embeddable":true,"href":"https:\/\/kingarms.ee\/fi\/wp-json\/wp\/v2\/product_tag?post=20943"}],"curies":[{"name":"wp","href":"https:\/\/api.w.org\/{rel}","templated":true}]}}