{"id":20988,"date":"2019-03-21T23:50:58","date_gmt":"2019-03-21T20:50:58","guid":{"rendered":"https:\/\/kingarms.ee\/product\/crosman-benjamin-titan-np-optilise-sihikuga\/"},"modified":"2024-08-09T18:57:02","modified_gmt":"2024-08-09T15:57:02","slug":"crosman-benjamin-titan-np-optisella-nakymalla","status":"publish","type":"product","link":"https:\/\/kingarms.ee\/fi\/product\/crosman-benjamin-titan-np-optisella-nakymalla\/","title":{"rendered":"Crosman Benjamin Titan NP (optisella n\u00e4kym\u00e4ll\u00e4)"},"content":{"rendered":"<p><a href=\"https:\/\/kingarms.ee\/wp-content\/uploads\/2019\/03\/PY-2603_Benjamin-Titan-GP-Nitro_1484690989-300x225.jpg\"><img loading=\"lazy\" decoding=\"async\" class=\"alignnone size-medium wp-image-13459\" src=\"https:\/\/kingarms.ee\/wp-content\/uploads\/2019\/03\/PY-2603_Benjamin-Titan-GP-Nitro_1484690989-300x225.jpg\" alt=\"\" width=\"300\" height=\"225\" srcset=\"https:\/\/kingarms.ee\/wp-content\/uploads\/2019\/03\/PY-2603_Benjamin-Titan-GP-Nitro_1484690989-300x225.jpg 300w, https:\/\/kingarms.ee\/wp-content\/uploads\/2019\/03\/PY-2603_Benjamin-Titan-GP-Nitro_1484690989-150x113.jpg 150w, https:\/\/kingarms.ee\/wp-content\/uploads\/2019\/03\/PY-2603_Benjamin-Titan-GP-Nitro_1484690989-500x375.jpg 500w, https:\/\/kingarms.ee\/wp-content\/uploads\/2019\/03\/PY-2603_Benjamin-Titan-GP-Nitro_1484690989-768x576.jpg 768w, https:\/\/kingarms.ee\/wp-content\/uploads\/2019\/03\/PY-2603_Benjamin-Titan-GP-Nitro_1484690989.jpg 1024w, https:\/\/kingarms.ee\/wp-content\/uploads\/2019\/03\/PY-2603_Benjamin-Titan-GP-Nitro_1484690989-600x450.jpg 600w\" sizes=\"auto, (max-width: 300px) 100vw, 300px\" \/><\/a><\/p>\n","protected":false},"excerpt":{"rendered":"<p>Lis\u00e4tietoja soita meille tai k\u00e4y myym\u00e4l\u00e4ss\u00e4mme.<\/p>\n","protected":false},"featured_media":20989,"template":"","meta":{"_acf_changed":false},"product_brand":[],"product_cat":[253,828],"product_tag":[],"class_list":{"0":"post-20988","1":"product","2":"type-product","3":"status-publish","4":"has-post-thumbnail","6":"product_cat-ilmakivaarit-4-5mm","7":"product_cat-tarkka-ampuja-aseet-45mm","9":"first","10":"instock","11":"taxable","12":"shipping-taxable","13":"purchasable","14":"product-type-simple"},"acf":[],"_links":{"self":[{"href":"https:\/\/kingarms.ee\/fi\/wp-json\/wp\/v2\/product\/20988","targetHints":{"allow":["GET"]}}],"collection":[{"href":"https:\/\/kingarms.ee\/fi\/wp-json\/wp\/v2\/product"}],"about":[{"href":"https:\/\/kingarms.ee\/fi\/wp-json\/wp\/v2\/types\/product"}],"wp:featuredmedia":[{"embeddable":true,"href":"https:\/\/kingarms.ee\/fi\/wp-json\/wp\/v2\/media\/20989"}],"wp:attachment":[{"href":"https:\/\/kingarms.ee\/fi\/wp-json\/wp\/v2\/media?parent=20988"}],"wp:term":[{"taxonomy":"product_brand","embeddable":true,"href":"https:\/\/kingarms.ee\/fi\/wp-json\/wp\/v2\/product_brand?post=20988"},{"taxonomy":"product_cat","embeddable":true,"href":"https:\/\/kingarms.ee\/fi\/wp-json\/wp\/v2\/product_cat?post=20988"},{"taxonomy":"product_tag","embeddable":true,"href":"https:\/\/kingarms.ee\/fi\/wp-json\/wp\/v2\/product_tag?post=20988"}],"curies":[{"name":"wp","href":"https:\/\/api.w.org\/{rel}","templated":true}]}}