{"id":20993,"date":"2019-03-21T23:40:00","date_gmt":"2019-03-21T20:40:00","guid":{"rendered":"https:\/\/kingarms.ee\/product\/crosman-fury-30051-optilise-sihikuga\/"},"modified":"2024-08-09T18:59:08","modified_gmt":"2024-08-09T15:59:08","slug":"crosman-fury-30051-optisella-nakymalla","status":"publish","type":"product","link":"https:\/\/kingarms.ee\/fi\/product\/crosman-fury-30051-optisella-nakymalla\/","title":{"rendered":"Crosman Fury 30051 (optisella n\u00e4kym\u00e4ll\u00e4)"},"content":{"rendered":"<p><a href=\"https:\/\/kingarms.ee\/wp-content\/uploads\/2019\/03\/97831673-133e-4217-9dce-a37af652f71a_1.4cb76554f98edaa35e84e813058612dd-300x300.jpeg\"><img loading=\"lazy\" decoding=\"async\" class=\"alignnone size-medium wp-image-13439\" src=\"https:\/\/kingarms.ee\/wp-content\/uploads\/2019\/03\/97831673-133e-4217-9dce-a37af652f71a_1.4cb76554f98edaa35e84e813058612dd-300x300.jpeg\" alt=\"\" width=\"300\" height=\"300\" srcset=\"https:\/\/kingarms.ee\/wp-content\/uploads\/2019\/03\/97831673-133e-4217-9dce-a37af652f71a_1.4cb76554f98edaa35e84e813058612dd-300x300.jpeg 300w, https:\/\/kingarms.ee\/wp-content\/uploads\/2019\/03\/97831673-133e-4217-9dce-a37af652f71a_1.4cb76554f98edaa35e84e813058612dd-150x150.jpeg 150w, https:\/\/kingarms.ee\/wp-content\/uploads\/2019\/03\/97831673-133e-4217-9dce-a37af652f71a_1.4cb76554f98edaa35e84e813058612dd.jpeg 450w\" sizes=\"auto, (max-width: 300px) 100vw, 300px\" \/><\/a><\/p>\n","protected":false},"excerpt":{"rendered":"<p>Crosman Fury 30051 (optisella n\u00e4kym\u00e4ll\u00e4)<\/p>\n<p>Lis\u00e4tietoja soita meille tai k\u00e4y myym\u00e4l\u00e4ss\u00e4mme.<\/p>\n","protected":false},"featured_media":20994,"template":"","meta":{"_acf_changed":false},"product_brand":[],"product_cat":[253,828],"product_tag":[],"class_list":{"0":"post-20993","1":"product","2":"type-product","3":"status-publish","4":"has-post-thumbnail","6":"product_cat-ilmakivaarit-4-5mm","7":"product_cat-tarkka-ampuja-aseet-45mm","9":"first","10":"instock","11":"taxable","12":"shipping-taxable","13":"purchasable","14":"product-type-simple"},"acf":[],"_links":{"self":[{"href":"https:\/\/kingarms.ee\/fi\/wp-json\/wp\/v2\/product\/20993","targetHints":{"allow":["GET"]}}],"collection":[{"href":"https:\/\/kingarms.ee\/fi\/wp-json\/wp\/v2\/product"}],"about":[{"href":"https:\/\/kingarms.ee\/fi\/wp-json\/wp\/v2\/types\/product"}],"wp:featuredmedia":[{"embeddable":true,"href":"https:\/\/kingarms.ee\/fi\/wp-json\/wp\/v2\/media\/20994"}],"wp:attachment":[{"href":"https:\/\/kingarms.ee\/fi\/wp-json\/wp\/v2\/media?parent=20993"}],"wp:term":[{"taxonomy":"product_brand","embeddable":true,"href":"https:\/\/kingarms.ee\/fi\/wp-json\/wp\/v2\/product_brand?post=20993"},{"taxonomy":"product_cat","embeddable":true,"href":"https:\/\/kingarms.ee\/fi\/wp-json\/wp\/v2\/product_cat?post=20993"},{"taxonomy":"product_tag","embeddable":true,"href":"https:\/\/kingarms.ee\/fi\/wp-json\/wp\/v2\/product_tag?post=20993"}],"curies":[{"name":"wp","href":"https:\/\/api.w.org\/{rel}","templated":true}]}}