{"id":21006,"date":"2019-03-21T23:15:25","date_gmt":"2019-03-21T20:15:25","guid":{"rendered":"https:\/\/kingarms.ee\/product\/crosman-nitro-venom-optilise-sihikuga\/"},"modified":"2024-08-09T19:01:17","modified_gmt":"2024-08-09T16:01:17","slug":"crosman-nitro-venom-optisella-nakymalla","status":"publish","type":"product","link":"https:\/\/kingarms.ee\/fi\/product\/crosman-nitro-venom-optisella-nakymalla\/","title":{"rendered":"Crosman Nitro Venom (optisella n\u00e4kym\u00e4ll\u00e4)"},"content":{"rendered":"<p><a href=\"https:\/\/kingarms.ee\/wp-content\/uploads\/2019\/03\/PY-2401_Crosman-Nitro-Venom-Air_1466428356-300x214.jpg\"><img loading=\"lazy\" decoding=\"async\" class=\"alignnone size-medium wp-image-13393\" src=\"https:\/\/kingarms.ee\/wp-content\/uploads\/2019\/03\/PY-2401_Crosman-Nitro-Venom-Air_1466428356-300x214.jpg\" alt=\"\" width=\"300\" height=\"214\" srcset=\"https:\/\/kingarms.ee\/wp-content\/uploads\/2019\/03\/PY-2401_Crosman-Nitro-Venom-Air_1466428356-300x214.jpg 300w, https:\/\/kingarms.ee\/wp-content\/uploads\/2019\/03\/PY-2401_Crosman-Nitro-Venom-Air_1466428356-150x107.jpg 150w, https:\/\/kingarms.ee\/wp-content\/uploads\/2019\/03\/PY-2401_Crosman-Nitro-Venom-Air_1466428356-500x357.jpg 500w, https:\/\/kingarms.ee\/wp-content\/uploads\/2019\/03\/PY-2401_Crosman-Nitro-Venom-Air_1466428356.jpg 700w\" sizes=\"auto, (max-width: 300px) 100vw, 300px\" \/><\/a><\/p>\n","protected":false},"excerpt":{"rendered":"<p>Lis\u00e4tietoja soita meille tai k\u00e4y myym\u00e4l\u00e4ss\u00e4mme.<\/p>\n","protected":false},"featured_media":21007,"template":"","meta":{"_acf_changed":false},"product_brand":[],"product_cat":[253,828],"product_tag":[],"class_list":{"0":"post-21006","1":"product","2":"type-product","3":"status-publish","4":"has-post-thumbnail","6":"product_cat-ilmakivaarit-4-5mm","7":"product_cat-tarkka-ampuja-aseet-45mm","9":"first","10":"instock","11":"sale","12":"taxable","13":"shipping-taxable","14":"purchasable","15":"product-type-simple"},"acf":[],"_links":{"self":[{"href":"https:\/\/kingarms.ee\/fi\/wp-json\/wp\/v2\/product\/21006","targetHints":{"allow":["GET"]}}],"collection":[{"href":"https:\/\/kingarms.ee\/fi\/wp-json\/wp\/v2\/product"}],"about":[{"href":"https:\/\/kingarms.ee\/fi\/wp-json\/wp\/v2\/types\/product"}],"wp:featuredmedia":[{"embeddable":true,"href":"https:\/\/kingarms.ee\/fi\/wp-json\/wp\/v2\/media\/21007"}],"wp:attachment":[{"href":"https:\/\/kingarms.ee\/fi\/wp-json\/wp\/v2\/media?parent=21006"}],"wp:term":[{"taxonomy":"product_brand","embeddable":true,"href":"https:\/\/kingarms.ee\/fi\/wp-json\/wp\/v2\/product_brand?post=21006"},{"taxonomy":"product_cat","embeddable":true,"href":"https:\/\/kingarms.ee\/fi\/wp-json\/wp\/v2\/product_cat?post=21006"},{"taxonomy":"product_tag","embeddable":true,"href":"https:\/\/kingarms.ee\/fi\/wp-json\/wp\/v2\/product_tag?post=21006"}],"curies":[{"name":"wp","href":"https:\/\/api.w.org\/{rel}","templated":true}]}}