{"id":21051,"date":"2018-09-07T17:44:52","date_gmt":"2018-09-07T14:44:52","guid":{"rendered":"https:\/\/kingarms.ee\/product\/full-auto-m4-blowback\/"},"modified":"2023-09-13T17:52:56","modified_gmt":"2023-09-13T14:52:56","slug":"dpms-sbr-full-auto-m4-blowback","status":"publish","type":"product","link":"https:\/\/kingarms.ee\/fi\/product\/dpms-sbr-full-auto-m4-blowback\/","title":{"rendered":"DPMS SBR Full Auto (M4 blowback)"},"content":{"rendered":"<p><a href=\"https:\/\/kingarms.ee\/wp-content\/uploads\/2018\/09\/PY-4571_Crosman-DPMS-SBR-FullAuto_1527616451-300x225.jpg\"><img loading=\"lazy\" decoding=\"async\" class=\"alignnone size-medium wp-image-21052\" src=\"https:\/\/kingarms.ee\/wp-content\/uploads\/2018\/09\/PY-4571_Crosman-DPMS-SBR-FullAuto_1527616451-300x225.jpg\" alt=\"\" width=\"300\" height=\"225\" srcset=\"https:\/\/kingarms.ee\/wp-content\/uploads\/2018\/09\/PY-4571_Crosman-DPMS-SBR-FullAuto_1527616451-300x225.jpg 300w, https:\/\/kingarms.ee\/wp-content\/uploads\/2018\/09\/PY-4571_Crosman-DPMS-SBR-FullAuto_1527616451-150x113.jpg 150w, https:\/\/kingarms.ee\/wp-content\/uploads\/2018\/09\/PY-4571_Crosman-DPMS-SBR-FullAuto_1527616451-500x375.jpg 500w, https:\/\/kingarms.ee\/wp-content\/uploads\/2018\/09\/PY-4571_Crosman-DPMS-SBR-FullAuto_1527616451-768x576.jpg 768w, https:\/\/kingarms.ee\/wp-content\/uploads\/2018\/09\/PY-4571_Crosman-DPMS-SBR-FullAuto_1527616451.jpg 1024w, https:\/\/kingarms.ee\/wp-content\/uploads\/2018\/09\/PY-4571_Crosman-DPMS-SBR-FullAuto_1527616451-600x450.jpg 600w\" sizes=\"auto, (max-width: 300px) 100vw, 300px\" \/><\/a><\/p>\n","protected":false},"excerpt":{"rendered":"<p>DPMS SBR Full Auto (M4 blowback)<\/p>\n<p>Haulikko, jolla on 4,5 mm: n ter\u00e4spistooli, on l\u00e4hin mahdollinen vaihtoehto ampuma-aseelle. Ase toimii kahden co2-kapselin kanssa, jotka asetetaan lokeroon. Katto on peitetty 22 mm: n vakiokiskolla nelj\u00e4lt\u00e4 sivulta, mink\u00e4 ansiosta pistooli voidaan varustaa kaikenlaisilla lis\u00e4varusteilla, kuten optiikalla, tarkkuuskohteilla, laserlampuilla jne. Aseen laukaisimen toiminta on my\u00f6s huomattavasti samanlainen kuin ampuma-aseen laukaisin. Vaihtoehtoisesti pistooli voidaan varustaa 14 mm: n kierre\u00e4\u00e4nell\u00e4. Aseessa on my\u00f6s pikalaturi, ja siin\u00e4 on puoliautomaattinen ja t\u00e4ysin automaattinen palotila, joka tuo hymyn jokaisen k\u00e4ytt\u00e4j\u00e4n kasvoihin.<\/p>\n<p>PS! Ase on tarkoitettu vain hahmon ampumiseen!<\/p>\n<p>Tekniset ampumisnopeudet ovat yli 1400 kierrosta minuutissa<br \/>\nL\u00e4ht\u00f6nopeus jopa 131 m \/ s<br \/>\ntakaisku<br \/>\nS\u00e4\u00e4dett\u00e4v\u00e4 6-vaiheinen h\u00e4nt\u00e4<br \/>\nMolemmilla sivuilla kiskon kiinnikkeet<br \/>\nAinutlaatuinen palonestoaine<br \/>\n25 pallo CO2-tarjotin<br \/>\nTaitettava tavoite<br \/>\nMukava kahva<br \/>\nTodelliset vaikeudet ja toimivuus<br \/>\nPituus: 68-77cm<\/p>\n","protected":false},"featured_media":21052,"template":"","meta":{"_acf_changed":false},"product_brand":[],"product_cat":[253,671],"product_tag":[],"class_list":{"0":"post-21051","1":"product","2":"type-product","3":"status-publish","4":"has-post-thumbnail","6":"product_cat-ilmakivaarit-4-5mm","7":"product_cat-automaattiaseet","9":"first","10":"instock","11":"sale","12":"taxable","13":"shipping-taxable","14":"purchasable","15":"product-type-simple"},"acf":[],"_links":{"self":[{"href":"https:\/\/kingarms.ee\/fi\/wp-json\/wp\/v2\/product\/21051","targetHints":{"allow":["GET"]}}],"collection":[{"href":"https:\/\/kingarms.ee\/fi\/wp-json\/wp\/v2\/product"}],"about":[{"href":"https:\/\/kingarms.ee\/fi\/wp-json\/wp\/v2\/types\/product"}],"wp:featuredmedia":[{"embeddable":true,"href":"https:\/\/kingarms.ee\/fi\/wp-json\/wp\/v2\/media\/21052"}],"wp:attachment":[{"href":"https:\/\/kingarms.ee\/fi\/wp-json\/wp\/v2\/media?parent=21051"}],"wp:term":[{"taxonomy":"product_brand","embeddable":true,"href":"https:\/\/kingarms.ee\/fi\/wp-json\/wp\/v2\/product_brand?post=21051"},{"taxonomy":"product_cat","embeddable":true,"href":"https:\/\/kingarms.ee\/fi\/wp-json\/wp\/v2\/product_cat?post=21051"},{"taxonomy":"product_tag","embeddable":true,"href":"https:\/\/kingarms.ee\/fi\/wp-json\/wp\/v2\/product_tag?post=21051"}],"curies":[{"name":"wp","href":"https:\/\/api.w.org\/{rel}","templated":true}]}}