{"id":21125,"date":"2019-10-31T18:36:39","date_gmt":"2019-10-31T15:36:39","guid":{"rendered":"https:\/\/kingarms.ee\/product\/cm-356m-taktikaline-metallist\/"},"modified":"2024-08-09T17:04:20","modified_gmt":"2024-08-09T14:04:20","slug":"cm-356m-taktinen-metalli","status":"publish","type":"product","link":"https:\/\/kingarms.ee\/fi\/product\/cm-356m-taktinen-metalli\/","title":{"rendered":"CM.356M Taktinen (metalli)"},"content":{"rendered":"<p><a href=\"https:\/\/kingarms.ee\/wp-content\/uploads\/2019\/10\/FB35651-300x184.jpg\"><img loading=\"lazy\" decoding=\"async\" class=\"alignnone size-medium wp-image-21126\" src=\"https:\/\/kingarms.ee\/wp-content\/uploads\/2019\/10\/FB35651-300x184.jpg\" alt=\"\" width=\"300\" height=\"184\" srcset=\"https:\/\/kingarms.ee\/wp-content\/uploads\/2019\/10\/FB35651-300x184.jpg 300w, https:\/\/kingarms.ee\/wp-content\/uploads\/2019\/10\/FB35651-150x92.jpg 150w, https:\/\/kingarms.ee\/wp-content\/uploads\/2019\/10\/FB35651-500x306.jpg 500w, https:\/\/kingarms.ee\/wp-content\/uploads\/2019\/10\/FB35651-768x470.jpg 768w, https:\/\/kingarms.ee\/wp-content\/uploads\/2019\/10\/FB35651.jpg 800w\" sizes=\"auto, (max-width: 300px) 100vw, 300px\" \/><\/a><\/p>\n","protected":false},"excerpt":{"rendered":"<p>Upea 1: 1 kopio yhdest\u00e4 siviilien, poliisin tai armeijan k\u00e4ytt\u00e4mist\u00e4 suosituimmista kiv\u00e4\u00e4reist\u00e4. CYMA on tuottanut kopion erityisesti airsoft-markkinoille. Kuten muissakin t\u00e4m\u00e4n valmistajan kopioissa, t\u00e4ss\u00e4 kiv\u00e4\u00e4ryss\u00e4 on t\u00e4ss\u00e4 tapauksessa luotettava mekanismi &#8211; jousella kuormitettu voimaj\u00e4rjestelm\u00e4. Ase on valmistettu metallista ja polymeerist\u00e4<\/p>\n<p>Laskemisnopeus: 92m \/ s<\/p>\n<p>Paino: 2600 g<\/p>\n<p>Sarja sis\u00e4lt\u00e4\u00e4 3 kierrosta (1 kierros, joka sis\u00e4lt\u00e4\u00e4 30 luodia), k\u00e4sittelyarkin, haulikon<\/p>\n<p>Huom! Takuu 3 vuotta<\/p>\n","protected":false},"featured_media":21126,"template":"","meta":{"_acf_changed":false},"product_brand":[],"product_cat":[669],"product_tag":[],"class_list":{"0":"post-21125","1":"product","2":"type-product","3":"status-publish","4":"has-post-thumbnail","6":"product_cat-pumppuaseet","8":"first","9":"onbackorder","10":"taxable","11":"shipping-taxable","12":"product-type-simple"},"acf":[],"_links":{"self":[{"href":"https:\/\/kingarms.ee\/fi\/wp-json\/wp\/v2\/product\/21125","targetHints":{"allow":["GET"]}}],"collection":[{"href":"https:\/\/kingarms.ee\/fi\/wp-json\/wp\/v2\/product"}],"about":[{"href":"https:\/\/kingarms.ee\/fi\/wp-json\/wp\/v2\/types\/product"}],"wp:featuredmedia":[{"embeddable":true,"href":"https:\/\/kingarms.ee\/fi\/wp-json\/wp\/v2\/media\/21126"}],"wp:attachment":[{"href":"https:\/\/kingarms.ee\/fi\/wp-json\/wp\/v2\/media?parent=21125"}],"wp:term":[{"taxonomy":"product_brand","embeddable":true,"href":"https:\/\/kingarms.ee\/fi\/wp-json\/wp\/v2\/product_brand?post=21125"},{"taxonomy":"product_cat","embeddable":true,"href":"https:\/\/kingarms.ee\/fi\/wp-json\/wp\/v2\/product_cat?post=21125"},{"taxonomy":"product_tag","embeddable":true,"href":"https:\/\/kingarms.ee\/fi\/wp-json\/wp\/v2\/product_tag?post=21125"}],"curies":[{"name":"wp","href":"https:\/\/api.w.org\/{rel}","templated":true}]}}