{"id":21189,"date":"2018-08-31T08:08:19","date_gmt":"2018-08-31T08:08:19","guid":{"rendered":"https:\/\/kingarms.ee\/product\/mb06a-sniper-rifle\/"},"modified":"2024-09-28T16:39:30","modified_gmt":"2024-09-28T13:39:30","slug":"mb06a-sniper-rifle","status":"publish","type":"product","link":"https:\/\/kingarms.ee\/fi\/product\/mb06a-sniper-rifle\/","title":{"rendered":"MB06A sniper rifle"},"content":{"rendered":"<p><a href=\"https:\/\/kingarms.aviontehnika.com\/wp-content\/uploads\/2018\/02\/1152200730_1.jpg\" target=\"_blank\" rel=\"noopener\"><img loading=\"lazy\" decoding=\"async\" class=\"size-medium wp-image-24096\" src=\"https:\/\/kingarms.ee\/wp-content\/uploads\/2018\/08\/1152207896_1-300x200.jpg\" alt=\"\" width=\"300\" height=\"205\" \/><\/a><\/p>\n","protected":false},"excerpt":{"rendered":"<p>MB06A sniper rifle<\/p>\n<p>Sis\u00e4\u00e4nvedett\u00e4v\u00e4 MB06A-Sniper on loistava valinta pelaajalle, joka on vasta aloittamassa ampujana. Ase voidaan helposti s\u00e4\u00e4t\u00e4\u00e4 vasemman k\u00e4den pelaajalle &#8211; kaikki mukana oleva. Aseessa on s\u00e4\u00e4dett\u00e4v\u00e4 hyppy ja kabal voidaan valita kuudesta eri pituudesta.<\/p>\n<p>Aseen pituus: 1080\/985 mm<br \/>\nPutken pituus: 374 mm<br \/>\nLehden tilavuus: 25 palloa<br \/>\nHop Up: S\u00e4\u00e4dett\u00e4v\u00e4<br \/>\nPaino: 1950 g<br \/>\nEnergia: 1,8 J<br \/>\nLaskemisen nopeus: 143 m \/ s<\/p>\n","protected":false},"featured_media":21190,"template":"","meta":{"_acf_changed":false},"product_brand":[],"product_cat":[250],"product_tag":[],"class_list":{"0":"post-21189","1":"product","2":"type-product","3":"status-publish","4":"has-post-thumbnail","6":"product_cat-aseet","8":"first","9":"instock","10":"purchasable","11":"product-type-simple"},"acf":[],"_links":{"self":[{"href":"https:\/\/kingarms.ee\/fi\/wp-json\/wp\/v2\/product\/21189","targetHints":{"allow":["GET"]}}],"collection":[{"href":"https:\/\/kingarms.ee\/fi\/wp-json\/wp\/v2\/product"}],"about":[{"href":"https:\/\/kingarms.ee\/fi\/wp-json\/wp\/v2\/types\/product"}],"wp:featuredmedia":[{"embeddable":true,"href":"https:\/\/kingarms.ee\/fi\/wp-json\/wp\/v2\/media\/21190"}],"wp:attachment":[{"href":"https:\/\/kingarms.ee\/fi\/wp-json\/wp\/v2\/media?parent=21189"}],"wp:term":[{"taxonomy":"product_brand","embeddable":true,"href":"https:\/\/kingarms.ee\/fi\/wp-json\/wp\/v2\/product_brand?post=21189"},{"taxonomy":"product_cat","embeddable":true,"href":"https:\/\/kingarms.ee\/fi\/wp-json\/wp\/v2\/product_cat?post=21189"},{"taxonomy":"product_tag","embeddable":true,"href":"https:\/\/kingarms.ee\/fi\/wp-json\/wp\/v2\/product_tag?post=21189"}],"curies":[{"name":"wp","href":"https:\/\/api.w.org\/{rel}","templated":true}]}}