{"id":21214,"date":"2019-07-04T23:40:22","date_gmt":"2019-07-04T20:40:22","guid":{"rendered":"https:\/\/kingarms.ee\/product\/mb4418-3-well\/"},"modified":"2024-08-09T17:54:19","modified_gmt":"2024-08-09T14:54:19","slug":"mb4418-3-well","status":"publish","type":"product","link":"https:\/\/kingarms.ee\/fi\/product\/mb4418-3-well\/","title":{"rendered":"MB4418-3 (WELL)"},"content":{"rendered":"<p><a href=\"https:\/\/kingarms.ee\/wp-content\/uploads\/2019\/07\/FB36093-300x184.jpg\"><img loading=\"lazy\" decoding=\"async\" class=\"alignnone size-medium wp-image-16574\" src=\"https:\/\/kingarms.ee\/wp-content\/uploads\/2019\/07\/FB36093-300x184.jpg\" alt=\"\" width=\"300\" height=\"184\" srcset=\"https:\/\/kingarms.ee\/wp-content\/uploads\/2019\/07\/FB36093-300x184.jpg 300w, https:\/\/kingarms.ee\/wp-content\/uploads\/2019\/07\/FB36093-150x92.jpg 150w, https:\/\/kingarms.ee\/wp-content\/uploads\/2019\/07\/FB36093-500x306.jpg 500w, https:\/\/kingarms.ee\/wp-content\/uploads\/2019\/07\/FB36093-768x470.jpg 768w, https:\/\/kingarms.ee\/wp-content\/uploads\/2019\/07\/FB36093.jpg 800w\" sizes=\"auto, (max-width: 300px) 100vw, 300px\" \/><\/a><\/p>\n","protected":false},"excerpt":{"rendered":"<p>Valmistaja: WELL<br \/>\nMalli: MB4418-3<br \/>\nKuvausnopeus: 450 FPS (jousi vaihdettu)<br \/>\nAlustan kapasiteetti: 30 rds<br \/>\nV\u00e4ri: musta<br \/>\nTakuu: 3 vuotta<br \/>\nTakuunk\u00e4sittelij\u00e4: KingArms O\u00dc<\/p>\n<p>ominaisuudet:<br \/>\nAseen ulkoosat on valmistettu metallista.<br \/>\nKeyMod-k\u00e4sisuojaus<br \/>\n20 &#8220;Picatinny Top Rail &amp; 5&#8221; sivu- \/ alareunaa<br \/>\nVaaka- ja pystysuunnassa s\u00e4\u00e4dett\u00e4v\u00e4 h\u00e4nt\u00e4<br \/>\nEtu- ja takahihnat<br \/>\nTaittuva h\u00e4nt\u00e4<br \/>\nHelppo asentaa \/ purkaa<\/p>\n<p>Aseen paino: 4300 g<\/p>\n","protected":false},"featured_media":87909,"template":"","meta":{"_acf_changed":false},"product_brand":[],"product_cat":[670],"product_tag":[],"class_list":{"0":"post-21214","1":"product","2":"type-product","3":"status-publish","4":"has-post-thumbnail","6":"product_cat-snaiperrelvad-fi","8":"first","9":"onbackorder","10":"taxable","11":"shipping-taxable","12":"product-type-simple"},"acf":[],"_links":{"self":[{"href":"https:\/\/kingarms.ee\/fi\/wp-json\/wp\/v2\/product\/21214","targetHints":{"allow":["GET"]}}],"collection":[{"href":"https:\/\/kingarms.ee\/fi\/wp-json\/wp\/v2\/product"}],"about":[{"href":"https:\/\/kingarms.ee\/fi\/wp-json\/wp\/v2\/types\/product"}],"wp:featuredmedia":[{"embeddable":true,"href":"https:\/\/kingarms.ee\/fi\/wp-json\/wp\/v2\/media\/87909"}],"wp:attachment":[{"href":"https:\/\/kingarms.ee\/fi\/wp-json\/wp\/v2\/media?parent=21214"}],"wp:term":[{"taxonomy":"product_brand","embeddable":true,"href":"https:\/\/kingarms.ee\/fi\/wp-json\/wp\/v2\/product_brand?post=21214"},{"taxonomy":"product_cat","embeddable":true,"href":"https:\/\/kingarms.ee\/fi\/wp-json\/wp\/v2\/product_cat?post=21214"},{"taxonomy":"product_tag","embeddable":true,"href":"https:\/\/kingarms.ee\/fi\/wp-json\/wp\/v2\/product_tag?post=21214"}],"curies":[{"name":"wp","href":"https:\/\/api.w.org\/{rel}","templated":true}]}}