{"id":21273,"date":"2018-08-31T11:08:23","date_gmt":"2018-08-31T08:08:23","guid":{"rendered":"https:\/\/kingarms.ee\/product\/shotgun-full-metal\/"},"modified":"2024-09-28T16:38:53","modified_gmt":"2024-09-28T13:38:53","slug":"shotgun-taysin-metalli","status":"publish","type":"product","link":"https:\/\/kingarms.ee\/fi\/product\/shotgun-taysin-metalli\/","title":{"rendered":"Shotgun T\u00e4ysin Metalli"},"content":{"rendered":"<p><a href=\"https:\/\/kingarms.aviontehnika.com\/wp-content\/uploads\/2018\/02\/1152210911_1-1.jpg\" target=\"_blank\" rel=\"noopener\"><img loading=\"lazy\" decoding=\"async\" class=\"alignnone size-medium wp-image-487\" src=\"https:\/\/kingarms.aviontehnika.com\/wp-content\/uploads\/2018\/02\/1152210911_1-1-300x200.jpg\" alt=\"\" width=\"300\" height=\"200\" \/><\/a><\/p>\n","protected":false},"excerpt":{"rendered":"<div class=\"tlid-input input\">\n<div class=\"source-wrap\">\n<div class=\"input-full-height-wrapper tlid-input-full-height-wrapper\">\n<div class=\"source-input\">\n<div class=\"source-footer-wrap source-or-target-footer\">\n<div class=\"character-count tlid-character-count\">\n<div class=\"cc-ctr normal\">\n<p>Shotgun T\u00e4ysin Metalli<\/p>\n<p>Ase k\u00e4ytt\u00e4\u00e4 realistisia patruunoita ja ampuu kolme kerrallaan. Aseessa on kovametalli ulkorengas. Ihanteellinen kaupunkitaisteluihin.<\/p>\n<p>Materiaali: ABS \/ metalli<br \/>\nAseen pituus: 1050 mm<br \/>\nLokeron kapasiteetti: 30 luodia<br \/>\nHop Up: Kiinte\u00e4<br \/>\nLaskemisnopeus: 85 m \/ s<br \/>\nPaino: 2205 g<br \/>\nEnergia: 0,7 J<\/p>\n<\/div>\n<\/div>\n<\/div>\n<\/div>\n<\/div>\n<\/div>\n<\/div>\n","protected":false},"featured_media":21274,"template":"","meta":{"_acf_changed":false},"product_brand":[],"product_cat":[250,669],"product_tag":[],"class_list":{"0":"post-21273","1":"product","2":"type-product","3":"status-publish","4":"has-post-thumbnail","6":"product_cat-aseet","7":"product_cat-pumppuaseet","9":"first","10":"onbackorder","11":"product-type-simple"},"acf":[],"_links":{"self":[{"href":"https:\/\/kingarms.ee\/fi\/wp-json\/wp\/v2\/product\/21273","targetHints":{"allow":["GET"]}}],"collection":[{"href":"https:\/\/kingarms.ee\/fi\/wp-json\/wp\/v2\/product"}],"about":[{"href":"https:\/\/kingarms.ee\/fi\/wp-json\/wp\/v2\/types\/product"}],"wp:featuredmedia":[{"embeddable":true,"href":"https:\/\/kingarms.ee\/fi\/wp-json\/wp\/v2\/media\/21274"}],"wp:attachment":[{"href":"https:\/\/kingarms.ee\/fi\/wp-json\/wp\/v2\/media?parent=21273"}],"wp:term":[{"taxonomy":"product_brand","embeddable":true,"href":"https:\/\/kingarms.ee\/fi\/wp-json\/wp\/v2\/product_brand?post=21273"},{"taxonomy":"product_cat","embeddable":true,"href":"https:\/\/kingarms.ee\/fi\/wp-json\/wp\/v2\/product_cat?post=21273"},{"taxonomy":"product_tag","embeddable":true,"href":"https:\/\/kingarms.ee\/fi\/wp-json\/wp\/v2\/product_tag?post=21273"}],"curies":[{"name":"wp","href":"https:\/\/api.w.org\/{rel}","templated":true}]}}