{"id":21284,"date":"2018-08-31T11:08:23","date_gmt":"2018-08-31T08:08:23","guid":{"rendered":"https:\/\/kingarms.ee\/product\/shotgun-metal-version\/"},"modified":"2024-09-28T16:39:07","modified_gmt":"2024-09-28T13:39:07","slug":"shotgun-metalliversio","status":"publish","type":"product","link":"https:\/\/kingarms.ee\/fi\/product\/shotgun-metalliversio\/","title":{"rendered":"Shotgun Metalliversio Cyma"},"content":{"rendered":"<p><a href=\"https:\/\/kingarms.aviontehnika.com\/wp-content\/uploads\/2018\/02\/1152210912_1.jpg\" target=\"_blank\" rel=\"noopener\"><img loading=\"lazy\" decoding=\"async\" class=\"alignnone size-medium wp-image-22336\" src=\"https:\/\/kingarms.ee\/wp-content\/uploads\/2018\/08\/1152203054_11-300x200.jpg\" alt=\"\" width=\"300\" height=\"200\" srcset=\"https:\/\/kingarms.ee\/wp-content\/uploads\/2018\/08\/1152203054_11-300x200.jpg 300w, https:\/\/kingarms.ee\/wp-content\/uploads\/2018\/08\/1152203054_11-150x100.jpg 150w, https:\/\/kingarms.ee\/wp-content\/uploads\/2018\/08\/1152203054_11-500x333.jpg 500w, https:\/\/kingarms.ee\/wp-content\/uploads\/2018\/08\/1152203054_11-768x512.jpg 768w, https:\/\/kingarms.ee\/wp-content\/uploads\/2018\/08\/1152203054_11.jpg 800w\" sizes=\"auto, (max-width: 300px) 100vw, 300px\" \/><\/a><\/p>\n","protected":false},"excerpt":{"rendered":"<p>Shotgun Metalliversio Cyma<\/p>\n<p>Ase k\u00e4ytt\u00e4\u00e4 my\u00f6s realistisia patruunoita ja ampuu kolme kerrallaan. Aseessa on kovametalli ulkorengas. Kuten isompi veli, t\u00e4m\u00e4 ase on eritt\u00e4in vaikuttava. Ihanteellinen kaupunkitaisteluihin.<\/p>\n<p>Materiaali: ABS \/ metalli<br \/>\nAseen pituus: 640 mm<br \/>\nLokeron kapasiteetti: 30 luodia<br \/>\nHop Up: Kiinte\u00e4<br \/>\nLaskunopeus: 83 m \/ s<br \/>\nPaino: 1875 g<br \/>\nEnergia: 0,7 J<\/p>\n<p>Huom! Jostain syyst\u00e4 et voi antaa luoteja ulos.<\/p>\n","protected":false},"featured_media":21285,"template":"","meta":{"_acf_changed":false},"product_brand":[],"product_cat":[669],"product_tag":[],"class_list":{"0":"post-21284","1":"product","2":"type-product","3":"status-publish","4":"has-post-thumbnail","6":"product_cat-pumppuaseet","8":"first","9":"onbackorder","10":"product-type-simple"},"acf":[],"_links":{"self":[{"href":"https:\/\/kingarms.ee\/fi\/wp-json\/wp\/v2\/product\/21284","targetHints":{"allow":["GET"]}}],"collection":[{"href":"https:\/\/kingarms.ee\/fi\/wp-json\/wp\/v2\/product"}],"about":[{"href":"https:\/\/kingarms.ee\/fi\/wp-json\/wp\/v2\/types\/product"}],"wp:featuredmedia":[{"embeddable":true,"href":"https:\/\/kingarms.ee\/fi\/wp-json\/wp\/v2\/media\/21285"}],"wp:attachment":[{"href":"https:\/\/kingarms.ee\/fi\/wp-json\/wp\/v2\/media?parent=21284"}],"wp:term":[{"taxonomy":"product_brand","embeddable":true,"href":"https:\/\/kingarms.ee\/fi\/wp-json\/wp\/v2\/product_brand?post=21284"},{"taxonomy":"product_cat","embeddable":true,"href":"https:\/\/kingarms.ee\/fi\/wp-json\/wp\/v2\/product_cat?post=21284"},{"taxonomy":"product_tag","embeddable":true,"href":"https:\/\/kingarms.ee\/fi\/wp-json\/wp\/v2\/product_tag?post=21284"}],"curies":[{"name":"wp","href":"https:\/\/api.w.org\/{rel}","templated":true}]}}