{"id":21310,"date":"2019-03-03T12:33:25","date_gmt":"2019-03-03T12:33:25","guid":{"rendered":"https:\/\/kingarms.ee\/product\/sniper-rifle-svd-style\/"},"modified":"2024-08-09T19:29:00","modified_gmt":"2024-08-09T16:29:00","slug":"sniper-rifle-svd-style","status":"publish","type":"product","link":"https:\/\/kingarms.ee\/fi\/product\/sniper-rifle-svd-style\/","title":{"rendered":"SNIPER RIFLE SVD STYLE"},"content":{"rendered":"<p><a href=\"https:\/\/kingarms.ee\/wp-content\/uploads\/2019\/03\/FB33451-300x184.jpg\"><img loading=\"lazy\" decoding=\"async\" class=\"alignnone size-medium wp-image-21311\" src=\"https:\/\/kingarms.ee\/wp-content\/uploads\/2019\/03\/FB33451-300x184.jpg\" alt=\"\" width=\"300\" height=\"184\" srcset=\"https:\/\/kingarms.ee\/wp-content\/uploads\/2019\/03\/FB33451-300x184.jpg 300w, https:\/\/kingarms.ee\/wp-content\/uploads\/2019\/03\/FB33451-150x92.jpg 150w, https:\/\/kingarms.ee\/wp-content\/uploads\/2019\/03\/FB33451-500x306.jpg 500w, https:\/\/kingarms.ee\/wp-content\/uploads\/2019\/03\/FB33451-768x470.jpg 768w, https:\/\/kingarms.ee\/wp-content\/uploads\/2019\/03\/FB33451.jpg 800w\" sizes=\"auto, (max-width: 300px) 100vw, 300px\" \/><\/a><\/p>\n","protected":false},"excerpt":{"rendered":"<p>SNIPER RIFLE SVD STYLE<\/p>\n<p>Sniper Rifle SVD Style. Eritt\u00e4in tunnettu SVD-kopio ampujakiv\u00e4\u00e4rest\u00e4.<\/p>\n<p>Kopio on valmistettu metallista, kalusto ja k\u00e4densuoja on valmistettu korkealaatuisesta polymeerist\u00e4.<\/p>\n<p>Jousi voidaan asentaa AEG: lt\u00e4, jotta voit helposti s\u00e4\u00e4t\u00e4\u00e4 kopiointikapasiteettia.<\/p>\n<p>Kallio-ampuja-aseen teho on 500 fps. Asiakkaan pyynn\u00f6st\u00e4 on mahdollista v\u00e4hent\u00e4\u00e4 replikan teho 1J \/ 330 fps: iin ilman lis\u00e4kustannuksia, lis\u00e4\u00e4 kommentti tilauksesta.<\/p>\n<p>* kokonaan metallinen ilmanpoistoj\u00e4rjestelm\u00e4<br \/>\n* kaikki metallirunko<br \/>\n* k\u00e4\u00e4nnett\u00e4v\u00e4 ylh\u00e4\u00e4lt\u00e4 p\u00e4in n\u00e4kym\u00e4 osoittimella<br \/>\n* 6,08 mm 600 mm sis\u00e4putki<br \/>\n* Ulkopinta tynnyri metallirakenteella<\/p>\n<p>Pakkaus sis\u00e4lt\u00e4\u00e4:<\/p>\n<p>* j\u00e4ljenn\u00f6s<br \/>\n* salv lowcap 33.<\/p>\n<p>HUOM. \u00c4\u00e4nenvaimentimia ei voi asentaa (ei lankaa). Pakkauksessa ei ole tavoitetta<\/p>\n","protected":false},"featured_media":21311,"template":"","meta":{"_acf_changed":false},"product_brand":[],"product_cat":[670],"product_tag":[],"class_list":{"0":"post-21310","1":"product","2":"type-product","3":"status-publish","4":"has-post-thumbnail","6":"product_cat-snaiperrelvad-fi","8":"first","9":"instock","10":"taxable","11":"shipping-taxable","12":"purchasable","13":"product-type-simple"},"acf":[],"_links":{"self":[{"href":"https:\/\/kingarms.ee\/fi\/wp-json\/wp\/v2\/product\/21310","targetHints":{"allow":["GET"]}}],"collection":[{"href":"https:\/\/kingarms.ee\/fi\/wp-json\/wp\/v2\/product"}],"about":[{"href":"https:\/\/kingarms.ee\/fi\/wp-json\/wp\/v2\/types\/product"}],"wp:featuredmedia":[{"embeddable":true,"href":"https:\/\/kingarms.ee\/fi\/wp-json\/wp\/v2\/media\/21311"}],"wp:attachment":[{"href":"https:\/\/kingarms.ee\/fi\/wp-json\/wp\/v2\/media?parent=21310"}],"wp:term":[{"taxonomy":"product_brand","embeddable":true,"href":"https:\/\/kingarms.ee\/fi\/wp-json\/wp\/v2\/product_brand?post=21310"},{"taxonomy":"product_cat","embeddable":true,"href":"https:\/\/kingarms.ee\/fi\/wp-json\/wp\/v2\/product_cat?post=21310"},{"taxonomy":"product_tag","embeddable":true,"href":"https:\/\/kingarms.ee\/fi\/wp-json\/wp\/v2\/product_tag?post=21310"}],"curies":[{"name":"wp","href":"https:\/\/api.w.org\/{rel}","templated":true}]}}