{"id":21348,"date":"2019-10-07T18:59:30","date_gmt":"2019-10-07T15:59:30","guid":{"rendered":"https:\/\/kingarms.ee\/product\/pustolamb-mk50\/"},"modified":"2024-08-09T17:10:01","modified_gmt":"2024-08-09T14:10:01","slug":"varsijousi-mk50","status":"publish","type":"product","link":"https:\/\/kingarms.ee\/fi\/product\/varsijousi-mk50\/","title":{"rendered":"Varsijousi MK50"},"content":{"rendered":"<p><a href=\"https:\/\/kingarms.ee\/wp-content\/uploads\/2019\/10\/50lb-pistol-crossbow-new1-1000x1000w-300x300.jpg\"><img loading=\"lazy\" decoding=\"async\" class=\"alignnone size-medium wp-image-21349\" src=\"https:\/\/kingarms.ee\/wp-content\/uploads\/2019\/10\/50lb-pistol-crossbow-new1-1000x1000w-300x300.jpg\" alt=\"\" width=\"300\" height=\"300\" srcset=\"https:\/\/kingarms.ee\/wp-content\/uploads\/2019\/10\/50lb-pistol-crossbow-new1-1000x1000w-300x300.jpg 300w, https:\/\/kingarms.ee\/wp-content\/uploads\/2019\/10\/50lb-pistol-crossbow-new1-1000x1000w-150x150.jpg 150w, https:\/\/kingarms.ee\/wp-content\/uploads\/2019\/10\/50lb-pistol-crossbow-new1-1000x1000w-500x500.jpg 500w, https:\/\/kingarms.ee\/wp-content\/uploads\/2019\/10\/50lb-pistol-crossbow-new1-1000x1000w-768x768.jpg 768w, https:\/\/kingarms.ee\/wp-content\/uploads\/2019\/10\/50lb-pistol-crossbow-new1-1000x1000w.jpg 1000w\" sizes=\"auto, (max-width: 300px) 100vw, 300px\" \/><\/a><\/p>\n","protected":false},"excerpt":{"rendered":"<p>Varsijousi MK50<\/p>\n<p>Varsijousi<\/p>\n<p>Amb, jonka vetolujuus on 50 lbs.<\/p>\n<p>Aallon mukana on 5 nuolet.<\/p>\n<p>Pitk\u00e4 kaari kovaa alumiiniseosta,<\/p>\n<p>runko on valmistettu vahvasta ABS-muovista.<\/p>\n<p>Eritt\u00e4in helppo voittaa.<\/p>\n<p>HUOMAUTUS: T\u00e4m\u00e4 ei ole lelu.<\/p>\n<p>Aikuisten valvontaa vaaditaan kokoamisen ja k\u00e4ytt\u00f6\u00f6noton aikana.<\/p>\n","protected":false},"featured_media":75125,"template":"","meta":{"_acf_changed":false},"product_brand":[],"product_cat":[257,791],"product_tag":[],"class_list":{"0":"post-21348","1":"product","2":"type-product","3":"status-publish","4":"has-post-thumbnail","6":"product_cat-keula-ja-pitkajousi","7":"product_cat-varsijouset","9":"first","10":"instock","11":"sale","12":"taxable","13":"shipping-taxable","14":"purchasable","15":"product-type-simple"},"acf":[],"_links":{"self":[{"href":"https:\/\/kingarms.ee\/fi\/wp-json\/wp\/v2\/product\/21348","targetHints":{"allow":["GET"]}}],"collection":[{"href":"https:\/\/kingarms.ee\/fi\/wp-json\/wp\/v2\/product"}],"about":[{"href":"https:\/\/kingarms.ee\/fi\/wp-json\/wp\/v2\/types\/product"}],"wp:featuredmedia":[{"embeddable":true,"href":"https:\/\/kingarms.ee\/fi\/wp-json\/wp\/v2\/media\/75125"}],"wp:attachment":[{"href":"https:\/\/kingarms.ee\/fi\/wp-json\/wp\/v2\/media?parent=21348"}],"wp:term":[{"taxonomy":"product_brand","embeddable":true,"href":"https:\/\/kingarms.ee\/fi\/wp-json\/wp\/v2\/product_brand?post=21348"},{"taxonomy":"product_cat","embeddable":true,"href":"https:\/\/kingarms.ee\/fi\/wp-json\/wp\/v2\/product_cat?post=21348"},{"taxonomy":"product_tag","embeddable":true,"href":"https:\/\/kingarms.ee\/fi\/wp-json\/wp\/v2\/product_tag?post=21348"}],"curies":[{"name":"wp","href":"https:\/\/api.w.org\/{rel}","templated":true}]}}