{"id":21364,"date":"2019-10-07T18:35:57","date_gmt":"2019-10-07T15:35:57","guid":{"rendered":"https:\/\/kingarms.ee\/product\/vibu-komplekt-crosman-upland\/"},"modified":"2024-08-09T17:10:40","modified_gmt":"2024-08-09T14:10:40","slug":"vibu-pakki-crosman-upland-varsijousi","status":"publish","type":"product","link":"https:\/\/kingarms.ee\/fi\/product\/vibu-pakki-crosman-upland-varsijousi\/","title":{"rendered":"Vibu Pakki Crosman Upland &#8211; varsijousi"},"content":{"rendered":"<p><a href=\"https:\/\/kingarms.ee\/wp-content\/uploads\/2019\/10\/71xNTxtbudL._SL1500_-300x163.jpg\"><img loading=\"lazy\" decoding=\"async\" class=\"alignnone size-medium wp-image-18631\" src=\"https:\/\/kingarms.ee\/wp-content\/uploads\/2019\/10\/71xNTxtbudL._SL1500_-300x163.jpg\" alt=\"\" width=\"300\" height=\"163\" srcset=\"https:\/\/kingarms.ee\/wp-content\/uploads\/2019\/10\/71xNTxtbudL._SL1500_-300x163.jpg 300w, https:\/\/kingarms.ee\/wp-content\/uploads\/2019\/10\/71xNTxtbudL._SL1500_-150x82.jpg 150w, https:\/\/kingarms.ee\/wp-content\/uploads\/2019\/10\/71xNTxtbudL._SL1500_-500x272.jpg 500w, https:\/\/kingarms.ee\/wp-content\/uploads\/2019\/10\/71xNTxtbudL._SL1500_-768x418.jpg 768w, https:\/\/kingarms.ee\/wp-content\/uploads\/2019\/10\/71xNTxtbudL._SL1500_.jpg 1024w\" sizes=\"auto, (max-width: 300px) 100vw, 300px\" \/><\/a><\/p>\n","protected":false},"excerpt":{"rendered":"<div class=\"tlid-input input\">\n<div class=\"source-wrap\">\n<div class=\"input-full-height-wrapper tlid-input-full-height-wrapper\">\n<div class=\"source-input\">\n<div class=\"source-footer-wrap source-or-target-footer\">\n<div class=\"character-count tlid-character-count\">\n<div>Vibu Pakki Crosman Upland &#8211; varsijousi<\/div>\n<div class=\"cc-ctr normal\">Valmistajan Crosman Archery Starter Kit on t\u00e4ydellinen valinta nuorille tai aikuisille aloittelijoille, jotka haluavat kevyen jousen.<\/div>\n<\/div>\n<\/div>\n<\/div>\n<\/div>\n<\/div>\n<\/div>\n<div class=\"tlid-results-container results-container\">\n<div class=\"tlid-result result-dict-wrapper\">\n<div class=\"result tlid-copy-target\">\n<div class=\"text-wrap tlid-copy-target\">\n<div class=\"result-shield-container tlid-copy-target\" tabindex=\"0\"><span class=\"tlid-translation translation\" lang=\"fi\"><span class=\"tlid-translation translation\" lang=\"fi\"><span class=\"\" title=\"\">Laadukkaasta, kest\u00e4v\u00e4st\u00e4 komposiitti- ja lasikuitumateriaalista valmistettu aloituspakkaus sis\u00e4lt\u00e4\u00e4 kaksi 26-tuumaista lasikuitunuolta, k\u00e4sivarren ja sormen suojaa, vy\u00f6t\u00e4r\u00f6nauhaa ja kohteen pintaa.<\/span><\/span><\/span><span title=\"\">Ominaisuudet<\/span><span title=\"\">:<\/span><br \/>\n<span title=\"\">Helppo aloittelijan jousi<\/span><br \/>\n<span title=\"\">Oikea kahva<\/span><br \/>\n<span title=\"\">10 kiloa Piirr\u00e4 paino<\/span><br \/>\n<span title=\"\">22 &#8220;Piirr\u00e4 pituus<\/span><br \/>\n<span class=\"\" title=\"\">36,5 \u201dakselista akseliin<\/span><br \/>\n<span class=\"\" title=\"\">7,5 tuuman korkeus<\/span><br \/>\n<span title=\"\">Paino 1,7 kg<\/span><\/div>\n<\/div>\n<\/div>\n<\/div>\n<\/div>\n","protected":false},"featured_media":88337,"template":"","meta":{"_acf_changed":false},"product_brand":[],"product_cat":[257,803],"product_tag":[],"class_list":{"0":"post-21364","1":"product","2":"type-product","3":"status-publish","4":"has-post-thumbnail","6":"product_cat-keula-ja-pitkajousi","7":"product_cat-jouset","9":"first","10":"instock","11":"taxable","12":"shipping-taxable","13":"purchasable","14":"product-type-simple"},"acf":[],"_links":{"self":[{"href":"https:\/\/kingarms.ee\/fi\/wp-json\/wp\/v2\/product\/21364","targetHints":{"allow":["GET"]}}],"collection":[{"href":"https:\/\/kingarms.ee\/fi\/wp-json\/wp\/v2\/product"}],"about":[{"href":"https:\/\/kingarms.ee\/fi\/wp-json\/wp\/v2\/types\/product"}],"wp:featuredmedia":[{"embeddable":true,"href":"https:\/\/kingarms.ee\/fi\/wp-json\/wp\/v2\/media\/88337"}],"wp:attachment":[{"href":"https:\/\/kingarms.ee\/fi\/wp-json\/wp\/v2\/media?parent=21364"}],"wp:term":[{"taxonomy":"product_brand","embeddable":true,"href":"https:\/\/kingarms.ee\/fi\/wp-json\/wp\/v2\/product_brand?post=21364"},{"taxonomy":"product_cat","embeddable":true,"href":"https:\/\/kingarms.ee\/fi\/wp-json\/wp\/v2\/product_cat?post=21364"},{"taxonomy":"product_tag","embeddable":true,"href":"https:\/\/kingarms.ee\/fi\/wp-json\/wp\/v2\/product_tag?post=21364"}],"curies":[{"name":"wp","href":"https:\/\/api.w.org\/{rel}","templated":true}]}}