{"id":21414,"date":"2018-08-31T08:08:19","date_gmt":"2018-08-31T08:08:19","guid":{"rendered":"https:\/\/kingarms.ee\/product\/025g-bbs\/"},"modified":"2024-09-28T16:40:30","modified_gmt":"2024-09-28T13:40:30","slug":"airsoft-pallot-025g-bbs-bio","status":"publish","type":"product","link":"https:\/\/kingarms.ee\/fi\/product\/airsoft-pallot-025g-bbs-bio\/","title":{"rendered":"Airsoft luodit 0.25g BBs BIO"},"content":{"rendered":"<p><a href=\"https:\/\/kingarms.ee\/wp-content\/uploads\/2018\/08\/32643466_1757723800976077_3898686000926294016_n-e1535634425609-1-300x220.jpg\"><img loading=\"lazy\" decoding=\"async\" class=\"alignnone size-medium wp-image-10856\" src=\"https:\/\/kingarms.ee\/wp-content\/uploads\/2018\/08\/32643466_1757723800976077_3898686000926294016_n-e1535634425609-1-300x220.jpg\" alt=\"\" width=\"300\" height=\"220\" srcset=\"https:\/\/kingarms.ee\/wp-content\/uploads\/2018\/08\/32643466_1757723800976077_3898686000926294016_n-e1535634425609-1-300x220.jpg 300w, https:\/\/kingarms.ee\/wp-content\/uploads\/2018\/08\/32643466_1757723800976077_3898686000926294016_n-e1535634425609-1-150x110.jpg 150w, https:\/\/kingarms.ee\/wp-content\/uploads\/2018\/08\/32643466_1757723800976077_3898686000926294016_n-e1535634425609-1.jpg 500w\" sizes=\"auto, (max-width: 300px) 100vw, 300px\" \/><\/a><\/p>\n","protected":false},"excerpt":{"rendered":"<p>Airsoft luodit 0.25g BBs BIO<\/p>\n<p>V\u00e4ri: valkoinen<br \/>\nPaino: 0,25g<br \/>\nM\u00e4\u00e4r\u00e4: 3000kpl<\/p>\n","protected":false},"featured_media":21411,"template":"","meta":{"_acf_changed":false},"product_brand":[],"product_cat":[240],"product_tag":[],"class_list":{"0":"post-21414","1":"product","2":"type-product","3":"status-publish","4":"has-post-thumbnail","6":"product_cat-airsoft-fi","8":"first","9":"instock","10":"purchasable","11":"product-type-simple"},"acf":[],"_links":{"self":[{"href":"https:\/\/kingarms.ee\/fi\/wp-json\/wp\/v2\/product\/21414","targetHints":{"allow":["GET"]}}],"collection":[{"href":"https:\/\/kingarms.ee\/fi\/wp-json\/wp\/v2\/product"}],"about":[{"href":"https:\/\/kingarms.ee\/fi\/wp-json\/wp\/v2\/types\/product"}],"wp:featuredmedia":[{"embeddable":true,"href":"https:\/\/kingarms.ee\/fi\/wp-json\/wp\/v2\/media\/21411"}],"wp:attachment":[{"href":"https:\/\/kingarms.ee\/fi\/wp-json\/wp\/v2\/media?parent=21414"}],"wp:term":[{"taxonomy":"product_brand","embeddable":true,"href":"https:\/\/kingarms.ee\/fi\/wp-json\/wp\/v2\/product_brand?post=21414"},{"taxonomy":"product_cat","embeddable":true,"href":"https:\/\/kingarms.ee\/fi\/wp-json\/wp\/v2\/product_cat?post=21414"},{"taxonomy":"product_tag","embeddable":true,"href":"https:\/\/kingarms.ee\/fi\/wp-json\/wp\/v2\/product_tag?post=21414"}],"curies":[{"name":"wp","href":"https:\/\/api.w.org\/{rel}","templated":true}]}}