{"id":21422,"date":"2018-08-31T08:09:13","date_gmt":"2018-08-31T08:09:13","guid":{"rendered":"https:\/\/kingarms.ee\/product\/0-30g-bbs-x8\/"},"modified":"2023-06-28T13:27:15","modified_gmt":"2023-06-28T10:27:15","slug":"0-30g-bbs-x8","status":"publish","type":"product","link":"https:\/\/kingarms.ee\/fi\/product\/0-30g-bbs-x8\/","title":{"rendered":"0.30g BBS x8 BIO"},"content":{"rendered":"<p><a href=\"https:\/\/kingarms.ee\/wp-content\/uploads\/2018\/08\/CLk5OunA-300x213.jpeg\"><img loading=\"lazy\" decoding=\"async\" class=\"alignnone size-medium wp-image-21420\" src=\"https:\/\/kingarms.ee\/wp-content\/uploads\/2018\/08\/CLk5OunA-300x213.jpeg\" alt=\"\" width=\"300\" height=\"213\" srcset=\"https:\/\/kingarms.ee\/wp-content\/uploads\/2018\/08\/CLk5OunA-300x213.jpeg 300w, https:\/\/kingarms.ee\/wp-content\/uploads\/2018\/08\/CLk5OunA-150x107.jpeg 150w, https:\/\/kingarms.ee\/wp-content\/uploads\/2018\/08\/CLk5OunA-500x355.jpeg 500w, https:\/\/kingarms.ee\/wp-content\/uploads\/2018\/08\/CLk5OunA-768x546.jpeg 768w, https:\/\/kingarms.ee\/wp-content\/uploads\/2018\/08\/CLk5OunA.jpeg 1024w\" sizes=\"auto, (max-width: 300px) 100vw, 300px\" \/><\/a><\/p>\n","protected":false},"excerpt":{"rendered":"<p>Sis\u00e4lt\u00e4\u00e4 8 pulloa KingArms BBS 0,30 g<\/p>\n","protected":false},"featured_media":21420,"template":"","meta":{"_acf_changed":false},"product_brand":[],"product_cat":[240],"product_tag":[],"class_list":{"0":"post-21422","1":"product","2":"type-product","3":"status-publish","4":"has-post-thumbnail","6":"product_cat-airsoft-fi","8":"first","9":"instock","10":"purchasable","11":"product-type-simple"},"acf":[],"_links":{"self":[{"href":"https:\/\/kingarms.ee\/fi\/wp-json\/wp\/v2\/product\/21422","targetHints":{"allow":["GET"]}}],"collection":[{"href":"https:\/\/kingarms.ee\/fi\/wp-json\/wp\/v2\/product"}],"about":[{"href":"https:\/\/kingarms.ee\/fi\/wp-json\/wp\/v2\/types\/product"}],"wp:featuredmedia":[{"embeddable":true,"href":"https:\/\/kingarms.ee\/fi\/wp-json\/wp\/v2\/media\/21420"}],"wp:attachment":[{"href":"https:\/\/kingarms.ee\/fi\/wp-json\/wp\/v2\/media?parent=21422"}],"wp:term":[{"taxonomy":"product_brand","embeddable":true,"href":"https:\/\/kingarms.ee\/fi\/wp-json\/wp\/v2\/product_brand?post=21422"},{"taxonomy":"product_cat","embeddable":true,"href":"https:\/\/kingarms.ee\/fi\/wp-json\/wp\/v2\/product_cat?post=21422"},{"taxonomy":"product_tag","embeddable":true,"href":"https:\/\/kingarms.ee\/fi\/wp-json\/wp\/v2\/product_tag?post=21422"}],"curies":[{"name":"wp","href":"https:\/\/api.w.org\/{rel}","templated":true}]}}